{"id":5992,"date":"2025-03-05T15:48:20","date_gmt":"2025-03-05T14:48:20","guid":{"rendered":"https:\/\/ghmresort.com\/?page_id=5992"},"modified":"2026-01-04T14:03:58","modified_gmt":"2026-01-04T13:03:58","slug":"resident-guest-program-votre-chez-vous-loin-de-chez-vous","status":"publish","type":"page","link":"https:\/\/ghmresort.com\/fr\/resident-guest-program-votre-chez-vous-loin-de-chez-vous\/","title":{"rendered":"Resident guest program: votre chez-vous loin de chez vous"},"content":{"rendered":"<div class=\"wpb-content-wrapper\"><p>[vc_row el_id=\u00a0\u00bbresident-guest-program\u00a0\u00bb][vc_column]<div id=\"ultimate-heading-577169ef6583b2003\" class=\"uvc-heading ult-adjust-bottom-margin ultimate-heading-577169ef6583b2003 uvc-9774 \" data-hspacer=\"no_spacer\"  data-halign=\"left\" style=\"text-align:left\"><div class=\"uvc-heading-spacer no_spacer\" style=\"top\"><\/div><div class=\"uvc-main-heading ult-responsive\"  data-ultimate-target='.uvc-heading.ultimate-heading-577169ef6583b2003 div'  data-responsive-json-new='{\"font-size\":\"desktop:49px;\",\"line-height\":\"\"}' ><div style=\"font-family:&#039;Cormorant Garamond&#039;;--font-weight:theme;color:#47C0EA;margin-bottom:35px;\">Resident guest program: votre chez-vous loin de chez vous<\/div><\/div><\/div>[vc_row_inner][vc_column_inner width=\u00a0\u00bb1\/2&Prime;][vc_column_text css=\u00a0\u00bb\u00a0\u00bb]<\/p>\n<p data-start=\"0\" data-end=\"141\">Une destination id\u00e9ale pour un long s\u00e9jour \u00e0 l&rsquo;abri du stress du quotidien.<\/p>\n<p data-start=\"143\" data-end=\"234\">En r\u00e9servant plus de trente nuits cons\u00e9cutives, vous b\u00e9n\u00e9ficierez de nombreux avantages :<\/p>\n<ul data-start=\"236\" data-end=\"578\">\n<li data-start=\"236\" data-end=\"297\">Remises sp\u00e9ciales sur l&rsquo;h\u00e9bergement en chambres et suites<\/li>\n<li data-start=\"298\" data-end=\"336\">Petit-d\u00e9jeuner offert chaque matin<\/li>\n<li data-start=\"337\" data-end=\"361\">Service de majordome<\/li>\n<li data-start=\"362\" data-end=\"446\" data-is-only-node=\"\">R\u00e9ductions sur les services du Resort (Restaurants &amp; Bars, Blanchisserie et Spa)<\/li>\n<li data-start=\"447\" data-end=\"481\">Service de Conciergerie Priv\u00e9e<\/li>\n<li data-start=\"482\" data-end=\"529\">Check-in directement en chambre et en suite<\/li>\n<li data-start=\"530\" data-end=\"578\">Acc\u00e8s gratuit au Tower Executive Club Lounge<\/li>\n<\/ul>\n<p data-start=\"580\" data-end=\"694\" data-is-last-node=\"\" data-is-only-node=\"\">Un v\u00e9ritable havre de bien-\u00eatre pour vous et vos proches, une destination id\u00e9ale pour retrouver forme et s\u00e9r\u00e9nit\u00e9.<\/p>\n<p>[\/vc_column_text][\/vc_column_inner][vc_column_inner width=\u00a0\u00bb1\/2&Prime;][vc_single_image image=\u00a0\u00bb1985&Prime; img_size=\u00a0\u00bb300&#215;300&Prime; alignment=\u00a0\u00bbcenter\u00a0\u00bb css=\u00a0\u00bb\u00a0\u00bb image_hovers=\u00a0\u00bbfalse\u00a0\u00bb el_class=\u00a0\u00bbtower-logo\u00a0\u00bb][\/vc_column_inner][\/vc_row_inner]<style type=\"text\/css\" data-type=\"the7_shortcodes-inline-css\">#default-btn-aee16e6a0ade14b02316d980ae9688e6.ico-right-side > i {\n  margin-right: 0px;\n  margin-left: 8px;\n}\n#default-btn-aee16e6a0ade14b02316d980ae9688e6 > i {\n  margin-right: 8px;\n}<\/style><div class=\"btn-align-center\"><a href=\"https:\/\/ghmresort.com\/fr\/contacts\/\" class=\"default-btn-shortcode dt-btn dt-btn-l link-hover-off bottone-pers \" id=\"default-btn-aee16e6a0ade14b02316d980ae9688e6\" title=\"Contacts\"><span>CONTACT<\/span><\/a><\/div>[\/vc_column][\/vc_row]<\/p>\n<\/div>","protected":false},"excerpt":{"rendered":"<p>[vc_row el_id=\u00a0\u00bbresident-guest-program\u00a0\u00bb][vc_column][vc_row_inner][vc_column_inner width=\u00a0\u00bb1\/2&Prime;][vc_column_text css=\u00a0\u00bb\u00a0\u00bb] Une destination id\u00e9ale pour un long s\u00e9jour \u00e0 l&rsquo;abri du stress du quotidien. En r\u00e9servant plus de trente nuits cons\u00e9cutives, vous b\u00e9n\u00e9ficierez de nombreux avantages : Remises sp\u00e9ciales sur l&rsquo;h\u00e9bergement en chambres et suites Petit-d\u00e9jeuner offert chaque matin Service de majordome R\u00e9ductions sur les services du Resort (Restaurants &amp; Bars, Blanchisserie&hellip;<\/p>\n","protected":false},"author":1,"featured_media":0,"parent":0,"menu_order":0,"comment_status":"closed","ping_status":"closed","template":"","meta":{"footnotes":""},"class_list":["post-5992","page","type-page","status-publish","hentry","description-off"],"yoast_head":"<!-- This site is optimized with the Yoast SEO plugin v25.6 - https:\/\/yoast.com\/wordpress\/plugins\/seo\/ -->\n<title>Resident Guest Program GHM Resort &amp; Spa &#8226; Maison en Riviera<\/title>\n<meta name=\"description\" content=\"S\u00e9jours longs de luxe plus de 30 nuits: service majordome, concierge priv\u00e9, breakfast inclus, r\u00e9ductions exclusives et Tower Lounge. Votre maison au GHM Resort.\" \/>\n<meta name=\"robots\" content=\"index, follow, max-snippet:-1, max-image-preview:large, max-video-preview:-1\" \/>\n<link rel=\"canonical\" href=\"https:\/\/ghmresort.com\/fr\/resident-guest-program-votre-chez-vous-loin-de-chez-vous\/\" \/>\n<meta property=\"og:locale\" content=\"fr_FR\" \/>\n<meta property=\"og:type\" content=\"article\" \/>\n<meta property=\"og:title\" content=\"Resident Guest Program GHM Resort &amp; Spa &#8226; Maison en Riviera\" \/>\n<meta property=\"og:description\" content=\"S\u00e9jours longs de luxe plus de 30 nuits: service majordome, concierge priv\u00e9, breakfast inclus, r\u00e9ductions exclusives et Tower Lounge. Votre maison au GHM Resort.\" \/>\n<meta property=\"og:url\" content=\"https:\/\/ghmresort.com\/fr\/resident-guest-program-votre-chez-vous-loin-de-chez-vous\/\" \/>\n<meta property=\"og:site_name\" content=\"Grand Hotel Del Mare Resort &amp; Spa\" \/>\n<meta property=\"article:publisher\" content=\"https:\/\/www.facebook.com\/GrandHotelDelMare\" \/>\n<meta property=\"article:modified_time\" content=\"2026-01-04T13:03:58+00:00\" \/>\n<meta property=\"og:image\" content=\"https:\/\/ghmresort.com\/wp-content\/uploads\/2025\/03\/DJI00081.jpg\" \/>\n\t<meta property=\"og:image:width\" content=\"1200\" \/>\n\t<meta property=\"og:image:height\" content=\"675\" \/>\n\t<meta property=\"og:image:type\" content=\"image\/jpeg\" \/>\n<meta name=\"twitter:card\" content=\"summary_large_image\" \/>\n<meta name=\"twitter:label1\" content=\"Dur\u00e9e de lecture estim\u00e9e\" \/>\n\t<meta name=\"twitter:data1\" content=\"1 minute\" \/>\n<script type=\"application\/ld+json\" class=\"yoast-schema-graph\">{\"@context\":\"https:\/\/schema.org\",\"@graph\":[{\"@type\":\"WebPage\",\"@id\":\"https:\/\/ghmresort.com\/fr\/resident-guest-program-votre-chez-vous-loin-de-chez-vous\/\",\"url\":\"https:\/\/ghmresort.com\/fr\/resident-guest-program-votre-chez-vous-loin-de-chez-vous\/\",\"name\":\"Resident Guest Program GHM Resort & Spa &#8226; Maison en Riviera\",\"isPartOf\":{\"@id\":\"https:\/\/ghmresort.com\/fr\/#website\"},\"datePublished\":\"2025-03-05T14:48:20+00:00\",\"dateModified\":\"2026-01-04T13:03:58+00:00\",\"description\":\"S\u00e9jours longs de luxe plus de 30 nuits: service majordome, concierge priv\u00e9, breakfast inclus, r\u00e9ductions exclusives et Tower Lounge. Votre maison au GHM Resort.\",\"breadcrumb\":{\"@id\":\"https:\/\/ghmresort.com\/fr\/resident-guest-program-votre-chez-vous-loin-de-chez-vous\/#breadcrumb\"},\"inLanguage\":\"fr-FR\",\"potentialAction\":[{\"@type\":\"ReadAction\",\"target\":[\"https:\/\/ghmresort.com\/fr\/resident-guest-program-votre-chez-vous-loin-de-chez-vous\/\"]}]},{\"@type\":\"BreadcrumbList\",\"@id\":\"https:\/\/ghmresort.com\/fr\/resident-guest-program-votre-chez-vous-loin-de-chez-vous\/#breadcrumb\",\"itemListElement\":[{\"@type\":\"ListItem\",\"position\":1,\"name\":\"Home\",\"item\":\"https:\/\/ghmresort.com\/fr\/\"},{\"@type\":\"ListItem\",\"position\":2,\"name\":\"Resident guest program: votre chez-vous loin de chez vous\"}]},{\"@type\":\"WebSite\",\"@id\":\"https:\/\/ghmresort.com\/fr\/#website\",\"url\":\"https:\/\/ghmresort.com\/fr\/\",\"name\":\"Grand Hotel Del Mare Resort & Spa\",\"description\":\"Resort a cinque stelle a Bordighera\",\"publisher\":{\"@id\":\"https:\/\/ghmresort.com\/fr\/#organization\"},\"alternateName\":\"GHM Resort & Spa\",\"potentialAction\":[{\"@type\":\"SearchAction\",\"target\":{\"@type\":\"EntryPoint\",\"urlTemplate\":\"https:\/\/ghmresort.com\/fr\/?s={search_term_string}\"},\"query-input\":{\"@type\":\"PropertyValueSpecification\",\"valueRequired\":true,\"valueName\":\"search_term_string\"}}],\"inLanguage\":\"fr-FR\"},{\"@type\":\"Organization\",\"@id\":\"https:\/\/ghmresort.com\/fr\/#organization\",\"name\":\"Grand Hotel Del Mare Resort & Spa\",\"alternateName\":\"GHM Resort & Spa\",\"url\":\"https:\/\/ghmresort.com\/fr\/\",\"logo\":{\"@type\":\"ImageObject\",\"inLanguage\":\"fr-FR\",\"@id\":\"https:\/\/ghmresort.com\/fr\/#\/schema\/logo\/image\/\",\"url\":\"https:\/\/ghmresort.com\/wp-content\/uploads\/2026\/01\/logo-ghm.png\",\"contentUrl\":\"https:\/\/ghmresort.com\/wp-content\/uploads\/2026\/01\/logo-ghm.png\",\"width\":600,\"height\":600,\"caption\":\"Grand Hotel Del Mare Resort & Spa\"},\"image\":{\"@id\":\"https:\/\/ghmresort.com\/fr\/#\/schema\/logo\/image\/\"},\"sameAs\":[\"https:\/\/www.facebook.com\/GrandHotelDelMare\",\"https:\/\/www.instagram.com\/GRANDHOTELDELMARE\"]}]}<\/script>\n<!-- \/ Yoast SEO plugin. -->","yoast_head_json":{"title":"Resident Guest Program GHM Resort & Spa &#8226; Maison en Riviera","description":"S\u00e9jours longs de luxe plus de 30 nuits: service majordome, concierge priv\u00e9, breakfast inclus, r\u00e9ductions exclusives et Tower Lounge. Votre maison au GHM Resort.","robots":{"index":"index","follow":"follow","max-snippet":"max-snippet:-1","max-image-preview":"max-image-preview:large","max-video-preview":"max-video-preview:-1"},"canonical":"https:\/\/ghmresort.com\/fr\/resident-guest-program-votre-chez-vous-loin-de-chez-vous\/","og_locale":"fr_FR","og_type":"article","og_title":"Resident Guest Program GHM Resort & Spa &#8226; Maison en Riviera","og_description":"S\u00e9jours longs de luxe plus de 30 nuits: service majordome, concierge priv\u00e9, breakfast inclus, r\u00e9ductions exclusives et Tower Lounge. Votre maison au GHM Resort.","og_url":"https:\/\/ghmresort.com\/fr\/resident-guest-program-votre-chez-vous-loin-de-chez-vous\/","og_site_name":"Grand Hotel Del Mare Resort &amp; Spa","article_publisher":"https:\/\/www.facebook.com\/GrandHotelDelMare","article_modified_time":"2026-01-04T13:03:58+00:00","og_image":[{"width":1200,"height":675,"url":"https:\/\/ghmresort.com\/wp-content\/uploads\/2025\/03\/DJI00081.jpg","type":"image\/jpeg"}],"twitter_card":"summary_large_image","twitter_misc":{"Dur\u00e9e de lecture estim\u00e9e":"1 minute"},"schema":{"@context":"https:\/\/schema.org","@graph":[{"@type":"WebPage","@id":"https:\/\/ghmresort.com\/fr\/resident-guest-program-votre-chez-vous-loin-de-chez-vous\/","url":"https:\/\/ghmresort.com\/fr\/resident-guest-program-votre-chez-vous-loin-de-chez-vous\/","name":"Resident Guest Program GHM Resort & Spa &#8226; Maison en Riviera","isPartOf":{"@id":"https:\/\/ghmresort.com\/fr\/#website"},"datePublished":"2025-03-05T14:48:20+00:00","dateModified":"2026-01-04T13:03:58+00:00","description":"S\u00e9jours longs de luxe plus de 30 nuits: service majordome, concierge priv\u00e9, breakfast inclus, r\u00e9ductions exclusives et Tower Lounge. Votre maison au GHM Resort.","breadcrumb":{"@id":"https:\/\/ghmresort.com\/fr\/resident-guest-program-votre-chez-vous-loin-de-chez-vous\/#breadcrumb"},"inLanguage":"fr-FR","potentialAction":[{"@type":"ReadAction","target":["https:\/\/ghmresort.com\/fr\/resident-guest-program-votre-chez-vous-loin-de-chez-vous\/"]}]},{"@type":"BreadcrumbList","@id":"https:\/\/ghmresort.com\/fr\/resident-guest-program-votre-chez-vous-loin-de-chez-vous\/#breadcrumb","itemListElement":[{"@type":"ListItem","position":1,"name":"Home","item":"https:\/\/ghmresort.com\/fr\/"},{"@type":"ListItem","position":2,"name":"Resident guest program: votre chez-vous loin de chez vous"}]},{"@type":"WebSite","@id":"https:\/\/ghmresort.com\/fr\/#website","url":"https:\/\/ghmresort.com\/fr\/","name":"Grand Hotel Del Mare Resort & Spa","description":"Resort a cinque stelle a Bordighera","publisher":{"@id":"https:\/\/ghmresort.com\/fr\/#organization"},"alternateName":"GHM Resort & Spa","potentialAction":[{"@type":"SearchAction","target":{"@type":"EntryPoint","urlTemplate":"https:\/\/ghmresort.com\/fr\/?s={search_term_string}"},"query-input":{"@type":"PropertyValueSpecification","valueRequired":true,"valueName":"search_term_string"}}],"inLanguage":"fr-FR"},{"@type":"Organization","@id":"https:\/\/ghmresort.com\/fr\/#organization","name":"Grand Hotel Del Mare Resort & Spa","alternateName":"GHM Resort & Spa","url":"https:\/\/ghmresort.com\/fr\/","logo":{"@type":"ImageObject","inLanguage":"fr-FR","@id":"https:\/\/ghmresort.com\/fr\/#\/schema\/logo\/image\/","url":"https:\/\/ghmresort.com\/wp-content\/uploads\/2026\/01\/logo-ghm.png","contentUrl":"https:\/\/ghmresort.com\/wp-content\/uploads\/2026\/01\/logo-ghm.png","width":600,"height":600,"caption":"Grand Hotel Del Mare Resort & Spa"},"image":{"@id":"https:\/\/ghmresort.com\/fr\/#\/schema\/logo\/image\/"},"sameAs":["https:\/\/www.facebook.com\/GrandHotelDelMare","https:\/\/www.instagram.com\/GRANDHOTELDELMARE"]}]}},"_links":{"self":[{"href":"https:\/\/ghmresort.com\/fr\/wp-json\/wp\/v2\/pages\/5992","targetHints":{"allow":["GET"]}}],"collection":[{"href":"https:\/\/ghmresort.com\/fr\/wp-json\/wp\/v2\/pages"}],"about":[{"href":"https:\/\/ghmresort.com\/fr\/wp-json\/wp\/v2\/types\/page"}],"author":[{"embeddable":true,"href":"https:\/\/ghmresort.com\/fr\/wp-json\/wp\/v2\/users\/1"}],"replies":[{"embeddable":true,"href":"https:\/\/ghmresort.com\/fr\/wp-json\/wp\/v2\/comments?post=5992"}],"version-history":[{"count":2,"href":"https:\/\/ghmresort.com\/fr\/wp-json\/wp\/v2\/pages\/5992\/revisions"}],"predecessor-version":[{"id":8691,"href":"https:\/\/ghmresort.com\/fr\/wp-json\/wp\/v2\/pages\/5992\/revisions\/8691"}],"wp:attachment":[{"href":"https:\/\/ghmresort.com\/fr\/wp-json\/wp\/v2\/media?parent=5992"}],"curies":[{"name":"wp","href":"https:\/\/api.w.org\/{rel}","templated":true}]}}