{"id":4834,"date":"2025-02-25T12:51:22","date_gmt":"2025-02-25T12:51:22","guid":{"rendered":"https:\/\/ghmresort.com\/?page_id=4834"},"modified":"2025-02-25T14:26:11","modified_gmt":"2025-02-25T14:26:11","slug":"coiffeur","status":"publish","type":"page","link":"https:\/\/ghmresort.com\/fr\/coiffeur\/","title":{"rendered":"Coiffeur"},"content":{"rendered":"<div class=\"wpb-content-wrapper\"><p>[vc_row full_width=\u00a0\u00bbstretch_row\u00a0\u00bb content_placement=\u00a0\u00bbtop\u00a0\u00bb][vc_column width=\u00a0\u00bb1\/4&Prime; el_class=\u00a0\u00bbcolonna-testo-laterale\u00a0\u00bb]<div id=\"ultimate-heading-625569ef61265f5ab\" class=\"uvc-heading ult-adjust-bottom-margin ultimate-heading-625569ef61265f5ab uvc-5931 \" data-hspacer=\"no_spacer\"  data-halign=\"left\" style=\"text-align:left\"><div class=\"uvc-heading-spacer no_spacer\" style=\"top\"><\/div><div class=\"uvc-main-heading ult-responsive\"  data-ultimate-target='.uvc-heading.ultimate-heading-625569ef61265f5ab h1'  data-responsive-json-new='{\"font-size\":\"desktop:40px;\",\"line-height\":\"\"}' ><h1 style=\"font-family:&#039;Cormorant Garamond&#039;;--font-weight:theme;color:#47C0EA;margin-bottom:10px;\">Coiffeur<\/h1><\/div><\/div>[vc_column_text css=\u00a0\u00bb\u00a0\u00bb]Nos stylistes\/coiffeurs hautement qualifi\u00e9s vous seront d\u00e9di\u00e9s.[\/vc_column_text][\/vc_column][vc_column width=\u00a0\u00bb3\/4&Prime;]<style type=\"text\/css\" data-type=\"the7_shortcodes-inline-css\">.carousel-shortcode.carousel-shortcode-id-0fc4f11d9466b0b55aea26f22cd40c31.owl-carousel .owl-nav div {\n  width: 36px;\n  height: 36px;\n  border-radius: 500px;\n}\n.dt-arrow-border-on.carousel-shortcode.carousel-shortcode-id-0fc4f11d9466b0b55aea26f22cd40c31.owl-carousel .owl-nav div:not(:hover):before {\n  border-width: 0px;\n}\n.dt-arrow-hover-border-on.carousel-shortcode.carousel-shortcode-id-0fc4f11d9466b0b55aea26f22cd40c31.owl-carousel .owl-nav div:hover:after {\n  border-width: 0px;\n}\n.dt-arrow-border-on.carousel-shortcode.carousel-shortcode-id-0fc4f11d9466b0b55aea26f22cd40c31.owl-carousel .owl-nav div:not(:hover):before {\n  border-color: #47C0EA;\n}\n.arrows-bg-on.carousel-shortcode.carousel-shortcode-id-0fc4f11d9466b0b55aea26f22cd40c31.owl-carousel .owl-nav div:before {\n  background: #FFFFFF;\n}\n.arrows-hover-bg-on.carousel-shortcode.carousel-shortcode-id-0fc4f11d9466b0b55aea26f22cd40c31.owl-carousel .owl-nav div:after {\n  background: #47C0EA;\n}\n.carousel-shortcode.carousel-shortcode-id-0fc4f11d9466b0b55aea26f22cd40c31.owl-carousel .owl-nav div.owl-prev {\n  top: 50%;\n  transform: translateY(calc(-50% + 0px));\n  left: -29px;\n}\n@media all and (-ms-high-contrast: none) {\n  .carousel-shortcode.carousel-shortcode-id-0fc4f11d9466b0b55aea26f22cd40c31.owl-carousel .owl-nav div.owl-prev {\n    transform: translateY(-50%);\n    margin-top: 0px;\n  }\n}\n.carousel-shortcode.carousel-shortcode-id-0fc4f11d9466b0b55aea26f22cd40c31.owl-carousel .owl-nav div.owl-prev i {\n  padding: 0px 0px 0px 0px;\n}\n.carousel-shortcode.carousel-shortcode-id-0fc4f11d9466b0b55aea26f22cd40c31.owl-carousel .owl-nav div.owl-next {\n  top: 50%;\n  transform: translateY(calc(-50% + 0px));\n  right: -29px;\n}\n@media all and (-ms-high-contrast: none) {\n  .carousel-shortcode.carousel-shortcode-id-0fc4f11d9466b0b55aea26f22cd40c31.owl-carousel .owl-nav div.owl-next {\n    transform: translateY(-50%);\n    margin-top: 0px;\n  }\n}\n.carousel-shortcode.carousel-shortcode-id-0fc4f11d9466b0b55aea26f22cd40c31.owl-carousel .owl-nav div.owl-next i {\n  padding: 0px 0px 0px 0px;\n}\n.carousel-shortcode.carousel-shortcode-id-0fc4f11d9466b0b55aea26f22cd40c31.owl-carousel .owl-nav i {\n  font-size: 18px;\n}\n.carousel-shortcode.carousel-shortcode-id-0fc4f11d9466b0b55aea26f22cd40c31.owl-carousel .owl-nav div:not(:hover) i,\n.carousel-shortcode.carousel-shortcode-id-0fc4f11d9466b0b55aea26f22cd40c31.owl-carousel .owl-nav div:not(:hover) i:before {\n  color: #47C0EA;\n  background: none;\n}\n.carousel-shortcode.carousel-shortcode-id-0fc4f11d9466b0b55aea26f22cd40c31.owl-carousel .owl-nav div:hover i,\n.carousel-shortcode.carousel-shortcode-id-0fc4f11d9466b0b55aea26f22cd40c31.owl-carousel .owl-nav div:hover i:before {\n  color: rgba(255,255,255,0.75);\n  background: none;\n}\n.carousel-shortcode.carousel-shortcode-id-0fc4f11d9466b0b55aea26f22cd40c31 .owl-dots {\n  top: calc(100% + 20px);\n  left: 50%;\n  transform: translateX(calc(-50% + 0px));\n}\n@media all and (-ms-high-contrast: none) {\n  .carousel-shortcode.carousel-shortcode-id-0fc4f11d9466b0b55aea26f22cd40c31 .owl-dots {\n    transform: translateX(-50%);\n    margin-left: 0px;\n  }\n}\n.carousel-shortcode.carousel-shortcode-id-0fc4f11d9466b0b55aea26f22cd40c31 .owl-dot {\n  width: 10px;\n  height: 10px;\n  margin: 0 8px;\n}\n@media screen and (max-width: 778px) {\n  .carousel-shortcode.carousel-shortcode-id-0fc4f11d9466b0b55aea26f22cd40c31.hide-arrows .owl-nav a {\n    display: none;\n  }\n}\n@media screen and (max-width: 778px) {\n  .carousel-shortcode.carousel-shortcode-id-0fc4f11d9466b0b55aea26f22cd40c31.reposition-arrows .owl-nav .owl-prev {\n    top: 50%;\n    transform: translateY(calc(-50% + 0px));\n    left: 10px;\n  }\n  .carousel-shortcode.carousel-shortcode-id-0fc4f11d9466b0b55aea26f22cd40c31.reposition-arrows .owl-nav .owl-next {\n    top: 50%;\n    transform: translateY(calc(-50% + 0px));\n    right: 10px;\n  }\n}\n@media screen and (max-width: 778px) and all and (-ms-high-contrast: none) {\n  .carousel-shortcode.carousel-shortcode-id-0fc4f11d9466b0b55aea26f22cd40c31.reposition-arrows .owl-nav .owl-prev {\n    transform: translateY(-50%);\n    margin-top: 0px;\n  }\n}\n@media screen and (max-width: 778px) and all and (-ms-high-contrast: none) {\n  .carousel-shortcode.carousel-shortcode-id-0fc4f11d9466b0b55aea26f22cd40c31.reposition-arrows .owl-nav .owl-next {\n    transform: translateY(-50%);\n    margin-top: 0px;\n  }\n}<\/style><div class=\"owl-carousel carousel-shortcode dt-owl-carousel-call carousel-shortcode-id-0fc4f11d9466b0b55aea26f22cd40c31 bullets-small-dot-stroke reposition-arrows arrows-bg-on dt-arrow-border-on arrows-hover-bg-on  vc_custom_1740050972057 \" data-scroll-mode=\"1\" data-col-num=\"3\" data-wide-col-num=\"3\" data-laptop-col=\"3\" data-h-tablet-columns-num=\"3\" data-v-tablet-columns-num=\"2\" data-phone-columns-num=\"1\" data-auto-height=\"true\" data-col-gap=\"30\" data-stage-padding=\"0\" data-speed=\"600\" data-autoplay=\"false\" data-autoplay_speed=\"6000\" data-arrows=\"true\" data-bullet=\"false\" data-next-icon=\"icomoon-the7-font-the7-arrow-29-2\" data-prev-icon=\"icomoon-the7-font-the7-arrow-29-3\">[vc_single_image image=\u00a0\u00bb4804&Prime; img_size=\u00a0\u00bbfull\u00a0\u00bb onclick=\u00a0\u00bblink_image\u00a0\u00bb css=\u00a0\u00bb\u00a0\u00bb el_class=\u00a0\u00bblogo-gallery\u00a0\u00bb][vc_single_image image=\u00a0\u00bb4808&Prime; img_size=\u00a0\u00bbfull\u00a0\u00bb onclick=\u00a0\u00bblink_image\u00a0\u00bb css=\u00a0\u00bb\u00a0\u00bb][vc_single_image image=\u00a0\u00bb4812&Prime; img_size=\u00a0\u00bbfull\u00a0\u00bb onclick=\u00a0\u00bblink_image\u00a0\u00bb css=\u00a0\u00bb\u00a0\u00bb][vc_single_image image=\u00a0\u00bb4816&Prime; img_size=\u00a0\u00bbfull\u00a0\u00bb onclick=\u00a0\u00bblink_image\u00a0\u00bb css=\u00a0\u00bb\u00a0\u00bb]<\/div>[\/vc_column][\/vc_row][vc_row][vc_column][vc_column_text css=\u00a0\u00bb\u00a0\u00bb]Une consultation gratuite sera fournie avant toute coupe ou coloration afin de d\u00e9terminer exactement ce que vous recherchez, o\u00f9 vous voulez aller avec votre Hair Look.<br \/>\nTous les rituels sont con\u00e7us pour sublimer la beaut\u00e9 naturelle des cheveux et visent \u00e0 sublimer et sublimer votre vitalit\u00e9 et votre \u00e9l\u00e9gance.[\/vc_column_text][\/vc_column][\/vc_row][vc_row][vc_column width=\u00a0\u00bb1\/4&Prime;][\/vc_column][vc_column width=\u00a0\u00bb1\/4&Prime;][vc_raw_html css=\u00a0\u00bb\u00a0\u00bb el_class=\u00a0\u00bbicone-menu\u00a0\u00bb]JTNDYSUyMGhyZWYlM0QlMjJodHRwcyUzQSUyRiUyRmdobXJlc29ydC5jb20lMkZwZGYlMkZDT0lGRkVVUi0yMDE0LnBkZiUyMiUyMHRhcmdldCUzRCUyMl9ibGFuayUyMiUyMHJlbCUzRCUyMm5vb3BlbmVyJTIyJTNFJTNDaSUyMGNsYXNzJTNEJTIyZmEtc29saWQlMjBmYS1ib29rLW9wZW4lMjIlM0UlM0MlMkZpJTNFQlJPQ0hVUkUlMjBDT0lGRkVVUiUzQyUyRmElM0U=[\/vc_raw_html][\/vc_column][vc_column width=\u00a0\u00bb1\/4&Prime;][vc_raw_html css=\u00a0\u00bb\u00a0\u00bb el_class=\u00a0\u00bbicone-menu\u00a0\u00bb]JTNDYSUyMGhyZWYlM0QlMjJodHRwcyUzQSUyRiUyRmdobXJlc29ydC5jb20lMkZwZGYlMkZzcGElMkZyaXR1YWxzLnBkZiUyMiUyMHRhcmdldCUzRCUyMl9ibGFuayUyMiUyMHJlbCUzRCUyMm5vb3BlbmVyJTIyJTNFJTNDaSUyMGNsYXNzJTNEJTIyZmEtc29saWQlMjBmYS1sZWFmJTIyJTNFJTNDJTJGaSUzRVJJVFVBTFMlM0MlMkZhJTNF[\/vc_raw_html][\/vc_column][vc_column width=\u00a0\u00bb1\/4&Prime;][\/vc_column][\/vc_row]<\/p>\n<\/div>","protected":false},"excerpt":{"rendered":"<p>[vc_row full_width=\u00a0\u00bbstretch_row\u00a0\u00bb content_placement=\u00a0\u00bbtop\u00a0\u00bb][vc_column width=\u00a0\u00bb1\/4&Prime; el_class=\u00a0\u00bbcolonna-testo-laterale\u00a0\u00bb][vc_column_text css=\u00a0\u00bb\u00a0\u00bb]Nos stylistes\/coiffeurs hautement qualifi\u00e9s vous seront d\u00e9di\u00e9s.[\/vc_column_text][\/vc_column][vc_column width=\u00a0\u00bb3\/4&Prime;][\/vc_column][\/vc_row][vc_row][vc_column][vc_column_text css=\u00a0\u00bb\u00a0\u00bb]Une consultation gratuite sera fournie avant toute coupe ou coloration afin de d\u00e9terminer exactement ce que vous recherchez, o\u00f9 vous voulez aller avec votre Hair Look. Tous les rituels sont con\u00e7us pour sublimer la beaut\u00e9 naturelle des cheveux et visent \u00e0 sublimer&hellip;<\/p>\n","protected":false},"author":1,"featured_media":0,"parent":0,"menu_order":0,"comment_status":"closed","ping_status":"closed","template":"","meta":{"footnotes":""},"class_list":["post-4834","page","type-page","status-publish","hentry","description-off"],"yoast_head":"<!-- This site is optimized with the Yoast SEO plugin v25.6 - https:\/\/yoast.com\/wordpress\/plugins\/seo\/ -->\n<title>Coiffeur &#8226; Grand Hotel Del Mare Resort &amp; Spa<\/title>\n<meta name=\"robots\" content=\"index, follow, max-snippet:-1, max-image-preview:large, max-video-preview:-1\" \/>\n<link rel=\"canonical\" href=\"https:\/\/ghmresort.com\/fr\/coiffeur\/\" \/>\n<meta property=\"og:locale\" content=\"fr_FR\" \/>\n<meta property=\"og:type\" content=\"article\" \/>\n<meta property=\"og:title\" content=\"Coiffeur &#8226; Grand Hotel Del Mare Resort &amp; Spa\" \/>\n<meta property=\"og:description\" content=\"[vc_row full_width=\u00a0\u00bbstretch_row\u00a0\u00bb content_placement=\u00a0\u00bbtop\u00a0\u00bb][vc_column width=\u00a0\u00bb1\/4&Prime; el_class=\u00a0\u00bbcolonna-testo-laterale\u00a0\u00bb][vc_column_text css=\u00a0\u00bb\u00a0\u00bb]Nos stylistes\/coiffeurs hautement qualifi\u00e9s vous seront d\u00e9di\u00e9s.[\/vc_column_text][\/vc_column][vc_column width=\u00a0\u00bb3\/4&Prime;][\/vc_column][\/vc_row][vc_row][vc_column][vc_column_text css=\u00a0\u00bb\u00a0\u00bb]Une consultation gratuite sera fournie avant toute coupe ou coloration afin de d\u00e9terminer exactement ce que vous recherchez, o\u00f9 vous voulez aller avec votre Hair Look. Tous les rituels sont con\u00e7us pour sublimer la beaut\u00e9 naturelle des cheveux et visent \u00e0 sublimer&hellip;\" \/>\n<meta property=\"og:url\" content=\"https:\/\/ghmresort.com\/fr\/coiffeur\/\" \/>\n<meta property=\"og:site_name\" content=\"Grand Hotel Del Mare Resort &amp; Spa\" \/>\n<meta property=\"article:publisher\" content=\"https:\/\/www.facebook.com\/GrandHotelDelMare\" \/>\n<meta property=\"article:modified_time\" content=\"2025-02-25T14:26:11+00:00\" \/>\n<meta property=\"og:image\" content=\"https:\/\/ghmresort.com\/wp-content\/uploads\/2025\/03\/DJI00081.jpg\" \/>\n\t<meta property=\"og:image:width\" content=\"1200\" \/>\n\t<meta property=\"og:image:height\" content=\"675\" \/>\n\t<meta property=\"og:image:type\" content=\"image\/jpeg\" \/>\n<meta name=\"twitter:card\" content=\"summary_large_image\" \/>\n<meta name=\"twitter:label1\" content=\"Dur\u00e9e de lecture estim\u00e9e\" \/>\n\t<meta name=\"twitter:data1\" content=\"2 minutes\" \/>\n<script type=\"application\/ld+json\" class=\"yoast-schema-graph\">{\"@context\":\"https:\/\/schema.org\",\"@graph\":[{\"@type\":\"WebPage\",\"@id\":\"https:\/\/ghmresort.com\/fr\/coiffeur\/\",\"url\":\"https:\/\/ghmresort.com\/fr\/coiffeur\/\",\"name\":\"Coiffeur &#8226; Grand Hotel Del Mare Resort &amp; Spa\",\"isPartOf\":{\"@id\":\"https:\/\/ghmresort.com\/fr\/#website\"},\"datePublished\":\"2025-02-25T12:51:22+00:00\",\"dateModified\":\"2025-02-25T14:26:11+00:00\",\"breadcrumb\":{\"@id\":\"https:\/\/ghmresort.com\/fr\/coiffeur\/#breadcrumb\"},\"inLanguage\":\"fr-FR\",\"potentialAction\":[{\"@type\":\"ReadAction\",\"target\":[\"https:\/\/ghmresort.com\/fr\/coiffeur\/\"]}]},{\"@type\":\"BreadcrumbList\",\"@id\":\"https:\/\/ghmresort.com\/fr\/coiffeur\/#breadcrumb\",\"itemListElement\":[{\"@type\":\"ListItem\",\"position\":1,\"name\":\"Home\",\"item\":\"https:\/\/ghmresort.com\/fr\/\"},{\"@type\":\"ListItem\",\"position\":2,\"name\":\"Coiffeur\"}]},{\"@type\":\"WebSite\",\"@id\":\"https:\/\/ghmresort.com\/fr\/#website\",\"url\":\"https:\/\/ghmresort.com\/fr\/\",\"name\":\"Grand Hotel Del Mare Resort & Spa\",\"description\":\"Resort a cinque stelle a Bordighera\",\"publisher\":{\"@id\":\"https:\/\/ghmresort.com\/fr\/#organization\"},\"alternateName\":\"GHM Resort & Spa\",\"potentialAction\":[{\"@type\":\"SearchAction\",\"target\":{\"@type\":\"EntryPoint\",\"urlTemplate\":\"https:\/\/ghmresort.com\/fr\/?s={search_term_string}\"},\"query-input\":{\"@type\":\"PropertyValueSpecification\",\"valueRequired\":true,\"valueName\":\"search_term_string\"}}],\"inLanguage\":\"fr-FR\"},{\"@type\":\"Organization\",\"@id\":\"https:\/\/ghmresort.com\/fr\/#organization\",\"name\":\"Grand Hotel Del Mare Resort & Spa\",\"alternateName\":\"GHM Resort & Spa\",\"url\":\"https:\/\/ghmresort.com\/fr\/\",\"logo\":{\"@type\":\"ImageObject\",\"inLanguage\":\"fr-FR\",\"@id\":\"https:\/\/ghmresort.com\/fr\/#\/schema\/logo\/image\/\",\"url\":\"https:\/\/ghmresort.com\/wp-content\/uploads\/2026\/01\/logo-ghm.png\",\"contentUrl\":\"https:\/\/ghmresort.com\/wp-content\/uploads\/2026\/01\/logo-ghm.png\",\"width\":600,\"height\":600,\"caption\":\"Grand Hotel Del Mare Resort & Spa\"},\"image\":{\"@id\":\"https:\/\/ghmresort.com\/fr\/#\/schema\/logo\/image\/\"},\"sameAs\":[\"https:\/\/www.facebook.com\/GrandHotelDelMare\",\"https:\/\/www.instagram.com\/GRANDHOTELDELMARE\"]}]}<\/script>\n<!-- \/ Yoast SEO plugin. -->","yoast_head_json":{"title":"Coiffeur &#8226; Grand Hotel Del Mare Resort &amp; Spa","robots":{"index":"index","follow":"follow","max-snippet":"max-snippet:-1","max-image-preview":"max-image-preview:large","max-video-preview":"max-video-preview:-1"},"canonical":"https:\/\/ghmresort.com\/fr\/coiffeur\/","og_locale":"fr_FR","og_type":"article","og_title":"Coiffeur &#8226; Grand Hotel Del Mare Resort &amp; Spa","og_description":"[vc_row full_width=\u00a0\u00bbstretch_row\u00a0\u00bb content_placement=\u00a0\u00bbtop\u00a0\u00bb][vc_column width=\u00a0\u00bb1\/4&Prime; el_class=\u00a0\u00bbcolonna-testo-laterale\u00a0\u00bb][vc_column_text css=\u00a0\u00bb\u00a0\u00bb]Nos stylistes\/coiffeurs hautement qualifi\u00e9s vous seront d\u00e9di\u00e9s.[\/vc_column_text][\/vc_column][vc_column width=\u00a0\u00bb3\/4&Prime;][\/vc_column][\/vc_row][vc_row][vc_column][vc_column_text css=\u00a0\u00bb\u00a0\u00bb]Une consultation gratuite sera fournie avant toute coupe ou coloration afin de d\u00e9terminer exactement ce que vous recherchez, o\u00f9 vous voulez aller avec votre Hair Look. Tous les rituels sont con\u00e7us pour sublimer la beaut\u00e9 naturelle des cheveux et visent \u00e0 sublimer&hellip;","og_url":"https:\/\/ghmresort.com\/fr\/coiffeur\/","og_site_name":"Grand Hotel Del Mare Resort &amp; Spa","article_publisher":"https:\/\/www.facebook.com\/GrandHotelDelMare","article_modified_time":"2025-02-25T14:26:11+00:00","og_image":[{"width":1200,"height":675,"url":"https:\/\/ghmresort.com\/wp-content\/uploads\/2025\/03\/DJI00081.jpg","type":"image\/jpeg"}],"twitter_card":"summary_large_image","twitter_misc":{"Dur\u00e9e de lecture estim\u00e9e":"2 minutes"},"schema":{"@context":"https:\/\/schema.org","@graph":[{"@type":"WebPage","@id":"https:\/\/ghmresort.com\/fr\/coiffeur\/","url":"https:\/\/ghmresort.com\/fr\/coiffeur\/","name":"Coiffeur &#8226; Grand Hotel Del Mare Resort &amp; Spa","isPartOf":{"@id":"https:\/\/ghmresort.com\/fr\/#website"},"datePublished":"2025-02-25T12:51:22+00:00","dateModified":"2025-02-25T14:26:11+00:00","breadcrumb":{"@id":"https:\/\/ghmresort.com\/fr\/coiffeur\/#breadcrumb"},"inLanguage":"fr-FR","potentialAction":[{"@type":"ReadAction","target":["https:\/\/ghmresort.com\/fr\/coiffeur\/"]}]},{"@type":"BreadcrumbList","@id":"https:\/\/ghmresort.com\/fr\/coiffeur\/#breadcrumb","itemListElement":[{"@type":"ListItem","position":1,"name":"Home","item":"https:\/\/ghmresort.com\/fr\/"},{"@type":"ListItem","position":2,"name":"Coiffeur"}]},{"@type":"WebSite","@id":"https:\/\/ghmresort.com\/fr\/#website","url":"https:\/\/ghmresort.com\/fr\/","name":"Grand Hotel Del Mare Resort & Spa","description":"Resort a cinque stelle a Bordighera","publisher":{"@id":"https:\/\/ghmresort.com\/fr\/#organization"},"alternateName":"GHM Resort & Spa","potentialAction":[{"@type":"SearchAction","target":{"@type":"EntryPoint","urlTemplate":"https:\/\/ghmresort.com\/fr\/?s={search_term_string}"},"query-input":{"@type":"PropertyValueSpecification","valueRequired":true,"valueName":"search_term_string"}}],"inLanguage":"fr-FR"},{"@type":"Organization","@id":"https:\/\/ghmresort.com\/fr\/#organization","name":"Grand Hotel Del Mare Resort & Spa","alternateName":"GHM Resort & Spa","url":"https:\/\/ghmresort.com\/fr\/","logo":{"@type":"ImageObject","inLanguage":"fr-FR","@id":"https:\/\/ghmresort.com\/fr\/#\/schema\/logo\/image\/","url":"https:\/\/ghmresort.com\/wp-content\/uploads\/2026\/01\/logo-ghm.png","contentUrl":"https:\/\/ghmresort.com\/wp-content\/uploads\/2026\/01\/logo-ghm.png","width":600,"height":600,"caption":"Grand Hotel Del Mare Resort & Spa"},"image":{"@id":"https:\/\/ghmresort.com\/fr\/#\/schema\/logo\/image\/"},"sameAs":["https:\/\/www.facebook.com\/GrandHotelDelMare","https:\/\/www.instagram.com\/GRANDHOTELDELMARE"]}]}},"_links":{"self":[{"href":"https:\/\/ghmresort.com\/fr\/wp-json\/wp\/v2\/pages\/4834","targetHints":{"allow":["GET"]}}],"collection":[{"href":"https:\/\/ghmresort.com\/fr\/wp-json\/wp\/v2\/pages"}],"about":[{"href":"https:\/\/ghmresort.com\/fr\/wp-json\/wp\/v2\/types\/page"}],"author":[{"embeddable":true,"href":"https:\/\/ghmresort.com\/fr\/wp-json\/wp\/v2\/users\/1"}],"replies":[{"embeddable":true,"href":"https:\/\/ghmresort.com\/fr\/wp-json\/wp\/v2\/comments?post=4834"}],"version-history":[{"count":0,"href":"https:\/\/ghmresort.com\/fr\/wp-json\/wp\/v2\/pages\/4834\/revisions"}],"wp:attachment":[{"href":"https:\/\/ghmresort.com\/fr\/wp-json\/wp\/v2\/media?parent=4834"}],"curies":[{"name":"wp","href":"https:\/\/api.w.org\/{rel}","templated":true}]}}