{"id":3777,"date":"2025-02-19T12:24:44","date_gmt":"2025-02-19T11:24:44","guid":{"rendered":"https:\/\/ghmresort.com\/?page_id=3777"},"modified":"2025-04-23T15:26:05","modified_gmt":"2025-04-23T14:26:05","slug":"offres-promotions-hotel-bordighera","status":"publish","type":"page","link":"https:\/\/ghmresort.com\/fr\/offres-promotions-hotel-bordighera\/","title":{"rendered":"Offres"},"content":{"rendered":"<div class=\"wpb-content-wrapper\"><p>[vc_row][vc_column][vc_column_text css=\u00a0\u00bb\u00a0\u00bb]<div class=\"offerte-list\"><div class=\"offerta\"><img decoding=\"async\" src=\"https:\/\/www.blastnessbooking.com\/img_hotel\/prodotto_28360_11.jpg\"><h3>TARIF SP\u00c9CIAL PR\u00c9PAY\u00c9 NON REMBOURSABLE AVEC PETIT D\u00c9JEUNER<\/h3><p>TARIF BAS EXCLUSIF, NON DISPONIBLE AILLEURS. R\u00c9SERVEZ \u00c0 L'AVANCE ET \u00c9CONOMISEZ. NON REMBOURSABLE.<\/p><a href=\"https:\/\/www.blastnessbooking.com\/reservations\/pacchetti.html?id_stile=21258&id_albergo=28360&dc=8532&id_prodotto_sel=11headvar=ok&lingua_int=fra&id_albergo=28360&dc=8532&id_prodotto_sel=11\">R\u00e9server<\/a><\/div><div class=\"offerta\"><img decoding=\"async\" src=\"https:\/\/www.blastnessbooking.com\/img_hotel\/prodotto_28360_21.jpg\"><h3>DESTINATION EXPERIENCE: S\u00c9JOUR ROMANTIQUE AVEC ACC\u00c8S AU EXECUTIVE CLUB LOUNGE<\/h3><p>Une chambre avec vue sur la mer, un coucher de soleil, une baignade dans la piscine, un d\u00eener romantique rien que pour vous deux, voil\u00e0 votre escapade romantique.<\/p><a href=\"https:\/\/www.blastnessbooking.com\/reservations\/pacchetti.html?id_stile=21258&id_albergo=28360&dc=8532&id_prodotto_sel=21headvar=ok&lingua_int=fra&id_albergo=28360&dc=8532&id_prodotto_sel=21\">R\u00e9server<\/a><\/div><div class=\"offerta\"><img decoding=\"async\" src=\"https:\/\/www.blastnessbooking.com\/img_hotel\/prodotto_28360_22.jpg\"><h3>DESTINATION EXPERIENCE: S\u00c9JOUR ROMANTIQUE<\/h3><p>Une chambre avec vue sur la mer, un coucher de soleil, une baignade dans la piscine, un d\u00eener romantique rien que pour vous deux, voil\u00e0 votre escapade romantique.<\/p><a href=\"https:\/\/www.blastnessbooking.com\/reservations\/pacchetti.html?id_stile=21258&id_albergo=28360&dc=8532&id_prodotto_sel=22headvar=ok&lingua_int=fra&id_albergo=28360&dc=8532&id_prodotto_sel=22\">R\u00e9server<\/a><\/div><div class=\"offerta\"><img decoding=\"async\" src=\"https:\/\/www.blastnessbooking.com\/img_hotel\/prodotto_28360_25.jpg\"><h3>GHM FAMILY MOMENTS<\/h3><p>Grand Hotel del Mare Resort &amp; Spa is ideal for all families. We specialize in making our little guests feel welcome.<\/p><a href=\"https:\/\/www.blastnessbooking.com\/reservations\/pacchetti.html?id_stile=21258&id_albergo=28360&dc=8532&id_prodotto_sel=25headvar=ok&lingua_int=fra&id_albergo=28360&dc=8532&id_prodotto_sel=25\">R\u00e9server<\/a><\/div><div class=\"offerta\"><img decoding=\"async\" src=\"https:\/\/www.blastnessbooking.com\/img_hotel\/prodotto_28360_36.jpg\"><h3>TARIF SP\u00c9CIAL PR\u00c9PAY\u00c9<\/h3><p>TARIF BAS EXCLUSIF, NON DISPONIBLE AILLEURS. R\u00c9SERVEZ \u00c0 L'AVANCE ET \u00c9CONOMISEZ. NON REMBOURSABLE.<\/p><a href=\"https:\/\/www.blastnessbooking.com\/reservations\/pacchetti.html?id_stile=21258&id_albergo=28360&dc=8532&id_prodotto_sel=36headvar=ok&lingua_int=fra&id_albergo=28360&dc=8532&id_prodotto_sel=36\">R\u00e9server<\/a><\/div><div class=\"offerta\"><img decoding=\"async\" src=\"https:\/\/www.blastnessbooking.com\/img_hotel\/prodotto_28360_45.jpg\"><h3>LUXURY RIVIERA SUITE TOWER EXPERIENCE ACCESS TO TOWER EXECUTIVE CLUB LOUNGE<\/h3><p>Passez un s\u00e9jour embl\u00e9matique dans une suite avec vue sur la mer.<\/p><a href=\"https:\/\/www.blastnessbooking.com\/reservations\/pacchetti.html?id_stile=21258&id_albergo=28360&dc=8532&id_prodotto_sel=45headvar=ok&lingua_int=fra&id_albergo=28360&dc=8532&id_prodotto_sel=45\">R\u00e9server<\/a><\/div><div class=\"offerta\"><img decoding=\"async\" src=\"https:\/\/www.blastnessbooking.com\/img_hotel\/prodotto_28360_42.jpg\"><h3>LUXURY RIVIERA SUITE EXPERIENCE<\/h3><p>Passez un s\u00e9jour embl\u00e9matique dans une suite avec vue sur la mer.<\/p><a href=\"https:\/\/www.blastnessbooking.com\/reservations\/pacchetti.html?id_stile=21258&id_albergo=28360&dc=8532&id_prodotto_sel=42headvar=ok&lingua_int=fra&id_albergo=28360&dc=8532&id_prodotto_sel=42\">R\u00e9server<\/a><\/div><div class=\"offerta\"><img decoding=\"async\" src=\"https:\/\/www.blastnessbooking.com\/img_hotel\/prodotto_28360_46.jpg\"><h3>GHM Sparadise is calling - 2-nights \u00a0minimum stay<\/h3><p>Indulge in a luxurious getaway at Grand Hotel del Mare Resort &amp; Spa where relaxation and sophistication meets to create a rejuvenating spa experience. You'll recharge with positive energy by spending a memorable remise en forme experience.<\/p><a href=\"https:\/\/www.blastnessbooking.com\/reservations\/pacchetti.html?id_stile=21258&id_albergo=28360&dc=8532&id_prodotto_sel=46headvar=ok&lingua_int=fra&id_albergo=28360&dc=8532&id_prodotto_sel=46\">R\u00e9server<\/a><\/div><div class=\"offerta\"><img decoding=\"async\" src=\"https:\/\/www.blastnessbooking.com\/img_hotel\/prodotto_28360_52.jpg\"><h3>RESTEZ PLUS ET PAYEZ MOINS<\/h3><p>S\u00e9journez au moins trois nuits du lundi au jeudi et b\u00e9n\u00e9ficiez d'un surclassement dans une chambre sup\u00e9rieure.<\/p><a href=\"https:\/\/www.blastnessbooking.com\/reservations\/pacchetti.html?id_stile=21258&id_albergo=28360&dc=8532&id_prodotto_sel=52headvar=ok&lingua_int=fra&id_albergo=28360&dc=8532&id_prodotto_sel=52\">R\u00e9server<\/a><\/div><div class=\"offerta\"><img decoding=\"async\" src=\"https:\/\/www.blastnessbooking.com\/img_hotel\/prodotto_28360_53.jpg\"><h3>RESTEZ PLUS ET PAYEZ MOINS avec Services Tower<\/h3><p>S\u00e9journez au moins trois nuits du lundi au jeudi et b\u00e9n\u00e9ficiez d'un surclassement dans une chambre sup\u00e9rieure.<\/p><a href=\"https:\/\/www.blastnessbooking.com\/reservations\/pacchetti.html?id_stile=21258&id_albergo=28360&dc=8532&id_prodotto_sel=53headvar=ok&lingua_int=fra&id_albergo=28360&dc=8532&id_prodotto_sel=53\">R\u00e9server<\/a><\/div><div class=\"offerta\"><img decoding=\"async\" src=\"https:\/\/www.blastnessbooking.com\/img_hotel\/prodotto_28360_54.jpg\"><h3>Blu Riviera Easter Edition - 2 nuits minimum<\/h3><p>D\u00e9couvrez le charme d'une f\u00eate de P\u00e2ques en bord de mer avec notre formule exclusive, qui allie \u00e9l\u00e9gance, tradition et d\u00e9tente de la Riviera.<\/p><a href=\"https:\/\/www.blastnessbooking.com\/reservations\/pacchetti.html?id_stile=21258&id_albergo=28360&dc=8532&id_prodotto_sel=54headvar=ok&lingua_int=fra&id_albergo=28360&dc=8532&id_prodotto_sel=54\">R\u00e9server<\/a><\/div><\/div>[\/vc_column_text][\/vc_column][\/vc_row]<\/p>\n<\/div>","protected":false},"excerpt":{"rendered":"<p>[vc_row][vc_column][vc_column_text css=\u00a0\u00bb\u00a0\u00bb][\/vc_column_text][\/vc_column][\/vc_row]<\/p>\n","protected":false},"author":1,"featured_media":0,"parent":0,"menu_order":0,"comment_status":"closed","ping_status":"closed","template":"","meta":{"footnotes":""},"class_list":["post-3777","page","type-page","status-publish","hentry","description-off"],"yoast_head":"<!-- This site is optimized with the Yoast SEO plugin v25.6 - https:\/\/yoast.com\/wordpress\/plugins\/seo\/ -->\n<title>Offres H\u00f4tel Bordighera | Promotions Exclusives &#8226; Grand Hotel Del Mare Resort &amp; Spa<\/title>\n<meta name=\"description\" content=\"Profitez des offres sp\u00e9ciales du GHM Resort &amp; Spa \u00e0 Bordighera: s\u00e9jours \u00e0 prix r\u00e9duit, forfaits bien-\u00eatre et promos exclusives. R\u00e9servez maintenant!\" \/>\n<meta name=\"robots\" content=\"index, follow, max-snippet:-1, max-image-preview:large, max-video-preview:-1\" \/>\n<link rel=\"canonical\" href=\"https:\/\/ghmresort.com\/fr\/offres-promotions-hotel-bordighera\/\" \/>\n<meta property=\"og:locale\" content=\"fr_FR\" \/>\n<meta property=\"og:type\" content=\"article\" \/>\n<meta property=\"og:title\" content=\"Offres H\u00f4tel Bordighera | Promotions Exclusives &#8226; Grand Hotel Del Mare Resort &amp; Spa\" \/>\n<meta property=\"og:description\" content=\"Profitez des offres sp\u00e9ciales du GHM Resort &amp; Spa \u00e0 Bordighera: s\u00e9jours \u00e0 prix r\u00e9duit, forfaits bien-\u00eatre et promos exclusives. R\u00e9servez maintenant!\" \/>\n<meta property=\"og:url\" content=\"https:\/\/ghmresort.com\/fr\/offres-promotions-hotel-bordighera\/\" \/>\n<meta property=\"og:site_name\" content=\"Grand Hotel Del Mare Resort &amp; Spa\" \/>\n<meta property=\"article:publisher\" content=\"https:\/\/www.facebook.com\/GrandHotelDelMare\" \/>\n<meta property=\"article:modified_time\" content=\"2025-04-23T14:26:05+00:00\" \/>\n<meta property=\"og:image\" content=\"https:\/\/ghmresort.com\/wp-content\/uploads\/2025\/03\/DJI00081.jpg\" \/>\n\t<meta property=\"og:image:width\" content=\"1200\" \/>\n\t<meta property=\"og:image:height\" content=\"675\" \/>\n\t<meta property=\"og:image:type\" content=\"image\/jpeg\" \/>\n<meta name=\"twitter:card\" content=\"summary_large_image\" \/>\n<meta name=\"twitter:label1\" content=\"Dur\u00e9e de lecture estim\u00e9e\" \/>\n\t<meta name=\"twitter:data1\" content=\"1 minute\" \/>\n<script type=\"application\/ld+json\" class=\"yoast-schema-graph\">{\"@context\":\"https:\/\/schema.org\",\"@graph\":[{\"@type\":\"WebPage\",\"@id\":\"https:\/\/ghmresort.com\/fr\/offres-promotions-hotel-bordighera\/\",\"url\":\"https:\/\/ghmresort.com\/fr\/offres-promotions-hotel-bordighera\/\",\"name\":\"Offres H\u00f4tel Bordighera | Promotions Exclusives &#8226; Grand Hotel Del Mare Resort &amp; Spa\",\"isPartOf\":{\"@id\":\"https:\/\/ghmresort.com\/fr\/#website\"},\"datePublished\":\"2025-02-19T11:24:44+00:00\",\"dateModified\":\"2025-04-23T14:26:05+00:00\",\"description\":\"Profitez des offres sp\u00e9ciales du GHM Resort & Spa \u00e0 Bordighera: s\u00e9jours \u00e0 prix r\u00e9duit, forfaits bien-\u00eatre et promos exclusives. R\u00e9servez maintenant!\",\"breadcrumb\":{\"@id\":\"https:\/\/ghmresort.com\/fr\/offres-promotions-hotel-bordighera\/#breadcrumb\"},\"inLanguage\":\"fr-FR\",\"potentialAction\":[{\"@type\":\"ReadAction\",\"target\":[\"https:\/\/ghmresort.com\/fr\/offres-promotions-hotel-bordighera\/\"]}]},{\"@type\":\"BreadcrumbList\",\"@id\":\"https:\/\/ghmresort.com\/fr\/offres-promotions-hotel-bordighera\/#breadcrumb\",\"itemListElement\":[{\"@type\":\"ListItem\",\"position\":1,\"name\":\"Home\",\"item\":\"https:\/\/ghmresort.com\/fr\/\"},{\"@type\":\"ListItem\",\"position\":2,\"name\":\"Offres\"}]},{\"@type\":\"WebSite\",\"@id\":\"https:\/\/ghmresort.com\/fr\/#website\",\"url\":\"https:\/\/ghmresort.com\/fr\/\",\"name\":\"Grand Hotel Del Mare Resort & Spa\",\"description\":\"Resort a cinque stelle a Bordighera\",\"publisher\":{\"@id\":\"https:\/\/ghmresort.com\/fr\/#organization\"},\"alternateName\":\"GHM Resort & Spa\",\"potentialAction\":[{\"@type\":\"SearchAction\",\"target\":{\"@type\":\"EntryPoint\",\"urlTemplate\":\"https:\/\/ghmresort.com\/fr\/?s={search_term_string}\"},\"query-input\":{\"@type\":\"PropertyValueSpecification\",\"valueRequired\":true,\"valueName\":\"search_term_string\"}}],\"inLanguage\":\"fr-FR\"},{\"@type\":\"Organization\",\"@id\":\"https:\/\/ghmresort.com\/fr\/#organization\",\"name\":\"Grand Hotel Del Mare Resort & Spa\",\"alternateName\":\"GHM Resort & Spa\",\"url\":\"https:\/\/ghmresort.com\/fr\/\",\"logo\":{\"@type\":\"ImageObject\",\"inLanguage\":\"fr-FR\",\"@id\":\"https:\/\/ghmresort.com\/fr\/#\/schema\/logo\/image\/\",\"url\":\"https:\/\/ghmresort.com\/wp-content\/uploads\/2026\/01\/logo-ghm.png\",\"contentUrl\":\"https:\/\/ghmresort.com\/wp-content\/uploads\/2026\/01\/logo-ghm.png\",\"width\":600,\"height\":600,\"caption\":\"Grand Hotel Del Mare Resort & Spa\"},\"image\":{\"@id\":\"https:\/\/ghmresort.com\/fr\/#\/schema\/logo\/image\/\"},\"sameAs\":[\"https:\/\/www.facebook.com\/GrandHotelDelMare\",\"https:\/\/www.instagram.com\/GRANDHOTELDELMARE\"]}]}<\/script>\n<!-- \/ Yoast SEO plugin. -->","yoast_head_json":{"title":"Offres H\u00f4tel Bordighera | Promotions Exclusives &#8226; Grand Hotel Del Mare Resort &amp; Spa","description":"Profitez des offres sp\u00e9ciales du GHM Resort & Spa \u00e0 Bordighera: s\u00e9jours \u00e0 prix r\u00e9duit, forfaits bien-\u00eatre et promos exclusives. R\u00e9servez maintenant!","robots":{"index":"index","follow":"follow","max-snippet":"max-snippet:-1","max-image-preview":"max-image-preview:large","max-video-preview":"max-video-preview:-1"},"canonical":"https:\/\/ghmresort.com\/fr\/offres-promotions-hotel-bordighera\/","og_locale":"fr_FR","og_type":"article","og_title":"Offres H\u00f4tel Bordighera | Promotions Exclusives &#8226; Grand Hotel Del Mare Resort &amp; Spa","og_description":"Profitez des offres sp\u00e9ciales du GHM Resort & Spa \u00e0 Bordighera: s\u00e9jours \u00e0 prix r\u00e9duit, forfaits bien-\u00eatre et promos exclusives. R\u00e9servez maintenant!","og_url":"https:\/\/ghmresort.com\/fr\/offres-promotions-hotel-bordighera\/","og_site_name":"Grand Hotel Del Mare Resort &amp; Spa","article_publisher":"https:\/\/www.facebook.com\/GrandHotelDelMare","article_modified_time":"2025-04-23T14:26:05+00:00","og_image":[{"width":1200,"height":675,"url":"https:\/\/ghmresort.com\/wp-content\/uploads\/2025\/03\/DJI00081.jpg","type":"image\/jpeg"}],"twitter_card":"summary_large_image","twitter_misc":{"Dur\u00e9e de lecture estim\u00e9e":"1 minute"},"schema":{"@context":"https:\/\/schema.org","@graph":[{"@type":"WebPage","@id":"https:\/\/ghmresort.com\/fr\/offres-promotions-hotel-bordighera\/","url":"https:\/\/ghmresort.com\/fr\/offres-promotions-hotel-bordighera\/","name":"Offres H\u00f4tel Bordighera | Promotions Exclusives &#8226; Grand Hotel Del Mare Resort &amp; Spa","isPartOf":{"@id":"https:\/\/ghmresort.com\/fr\/#website"},"datePublished":"2025-02-19T11:24:44+00:00","dateModified":"2025-04-23T14:26:05+00:00","description":"Profitez des offres sp\u00e9ciales du GHM Resort & Spa \u00e0 Bordighera: s\u00e9jours \u00e0 prix r\u00e9duit, forfaits bien-\u00eatre et promos exclusives. R\u00e9servez maintenant!","breadcrumb":{"@id":"https:\/\/ghmresort.com\/fr\/offres-promotions-hotel-bordighera\/#breadcrumb"},"inLanguage":"fr-FR","potentialAction":[{"@type":"ReadAction","target":["https:\/\/ghmresort.com\/fr\/offres-promotions-hotel-bordighera\/"]}]},{"@type":"BreadcrumbList","@id":"https:\/\/ghmresort.com\/fr\/offres-promotions-hotel-bordighera\/#breadcrumb","itemListElement":[{"@type":"ListItem","position":1,"name":"Home","item":"https:\/\/ghmresort.com\/fr\/"},{"@type":"ListItem","position":2,"name":"Offres"}]},{"@type":"WebSite","@id":"https:\/\/ghmresort.com\/fr\/#website","url":"https:\/\/ghmresort.com\/fr\/","name":"Grand Hotel Del Mare Resort & Spa","description":"Resort a cinque stelle a Bordighera","publisher":{"@id":"https:\/\/ghmresort.com\/fr\/#organization"},"alternateName":"GHM Resort & Spa","potentialAction":[{"@type":"SearchAction","target":{"@type":"EntryPoint","urlTemplate":"https:\/\/ghmresort.com\/fr\/?s={search_term_string}"},"query-input":{"@type":"PropertyValueSpecification","valueRequired":true,"valueName":"search_term_string"}}],"inLanguage":"fr-FR"},{"@type":"Organization","@id":"https:\/\/ghmresort.com\/fr\/#organization","name":"Grand Hotel Del Mare Resort & Spa","alternateName":"GHM Resort & Spa","url":"https:\/\/ghmresort.com\/fr\/","logo":{"@type":"ImageObject","inLanguage":"fr-FR","@id":"https:\/\/ghmresort.com\/fr\/#\/schema\/logo\/image\/","url":"https:\/\/ghmresort.com\/wp-content\/uploads\/2026\/01\/logo-ghm.png","contentUrl":"https:\/\/ghmresort.com\/wp-content\/uploads\/2026\/01\/logo-ghm.png","width":600,"height":600,"caption":"Grand Hotel Del Mare Resort & Spa"},"image":{"@id":"https:\/\/ghmresort.com\/fr\/#\/schema\/logo\/image\/"},"sameAs":["https:\/\/www.facebook.com\/GrandHotelDelMare","https:\/\/www.instagram.com\/GRANDHOTELDELMARE"]}]}},"_links":{"self":[{"href":"https:\/\/ghmresort.com\/fr\/wp-json\/wp\/v2\/pages\/3777","targetHints":{"allow":["GET"]}}],"collection":[{"href":"https:\/\/ghmresort.com\/fr\/wp-json\/wp\/v2\/pages"}],"about":[{"href":"https:\/\/ghmresort.com\/fr\/wp-json\/wp\/v2\/types\/page"}],"author":[{"embeddable":true,"href":"https:\/\/ghmresort.com\/fr\/wp-json\/wp\/v2\/users\/1"}],"replies":[{"embeddable":true,"href":"https:\/\/ghmresort.com\/fr\/wp-json\/wp\/v2\/comments?post=3777"}],"version-history":[{"count":0,"href":"https:\/\/ghmresort.com\/fr\/wp-json\/wp\/v2\/pages\/3777\/revisions"}],"wp:attachment":[{"href":"https:\/\/ghmresort.com\/fr\/wp-json\/wp\/v2\/media?parent=3777"}],"curies":[{"name":"wp","href":"https:\/\/api.w.org\/{rel}","templated":true}]}}