{"id":3592,"date":"2025-02-17T14:37:02","date_gmt":"2025-02-17T13:37:02","guid":{"rendered":"https:\/\/ghmresort.com\/?page_id=3592"},"modified":"2026-01-04T12:22:06","modified_gmt":"2026-01-04T11:22:06","slug":"mariages-evenements-bordighera","status":"publish","type":"page","link":"https:\/\/ghmresort.com\/fr\/mariages-evenements-bordighera\/","title":{"rendered":"\u00c9v\u00e9nements priv\u00e9s"},"content":{"rendered":"<div class=\"wpb-content-wrapper\"><p>[vc_row source=\u00a0\u00bb\u00a0\u00bb main_heading=\u00a0\u00bbMangiare e bere\u00a0\u00bb heading_tag=\u00a0\u00bbh1&Prime; main_heading_color=\u00a0\u00bb#47C0EA\u00a0\u00bb sub_heading_color=\u00a0\u00bb\u00a0\u00bb alignment=\u00a0\u00bbleft\u00a0\u00bb spacer=\u00a0\u00bbno_spacer\u00a0\u00bb spacer_position=\u00a0\u00bbtop\u00a0\u00bb spacer_img_width=\u00a0\u00bb48&Prime; line_style=\u00a0\u00bbsolid\u00a0\u00bb line_height=\u00a0\u00bb1&Prime; line_color=\u00a0\u00bb#333333&Prime; line_icon_fixer=\u00a0\u00bb10&Prime; main_heading_font_family=\u00a0\u00bbfont_family:Cormorant Garamond|font_call:Cormorant+Garamond\u00a0\u00bb main_heading_font_size=\u00a0\u00bbdesktop:40px;\u00a0\u00bb main_heading_margin=\u00a0\u00bbmargin-bottom:25px;\u00a0\u00bb sub_heading_style=\u00a0\u00bbfont-style:italic;\u00a0\u00bb main_heading_typograpy=\u00a0\u00bb\u00a0\u00bb main_heading_style=\u00a0\u00bb\u00a0\u00bb main_heading_line_height=\u00a0\u00bb\u00a0\u00bb margin_design_tab_text=\u00a0\u00bb\u00a0\u00bb sub_heading_typograpy=\u00a0\u00bb\u00a0\u00bb sub_heading_font_family=\u00a0\u00bb\u00a0\u00bb sub_heading_font_size=\u00a0\u00bb\u00a0\u00bb sub_heading_line_height=\u00a0\u00bb\u00a0\u00bb sub_heading_margin=\u00a0\u00bb\u00a0\u00bb spacer_img=\u00a0\u00bb\u00a0\u00bb line_width=\u00a0\u00bb\u00a0\u00bb spacer_margin=\u00a0\u00bb\u00a0\u00bb][vc_column width=\u00a0\u00bb2\/3&Prime;]<div id=\"ultimate-heading-812069ef611418ec4\" class=\"uvc-heading ult-adjust-bottom-margin ultimate-heading-812069ef611418ec4 uvc-3824 \" data-hspacer=\"no_spacer\"  data-halign=\"left\" style=\"text-align:left\"><div class=\"uvc-heading-spacer no_spacer\" style=\"top\"><\/div><div class=\"uvc-main-heading ult-responsive\"  data-ultimate-target='.uvc-heading.ultimate-heading-812069ef611418ec4 h1'  data-responsive-json-new='{\"font-size\":\"desktop:40px;\",\"line-height\":\"\"}' ><h1 style=\"font-family:&#039;Cormorant Garamond&#039;;--font-weight:theme;color:#47C0EA;margin-bottom:10px;\">\u00c9v\u00e9nements priv\u00e9s<\/h1><\/div><div class=\"uvc-sub-heading ult-responsive\"  data-ultimate-target='.uvc-heading.ultimate-heading-812069ef611418ec4 .uvc-sub-heading '  data-responsive-json-new='{\"font-size\":\"\",\"line-height\":\"\"}'  style=\"font-style:italic;font-weight:normal;\">\u201cdes aliments succulents et de magnifiques d\u00e9corations florales\u201d<\/div><\/div>[vc_empty_space][vc_raw_html css=\u00a0\u00bb\u00a0\u00bb]JTNDc3BhbiUyMGNsYXNzJTNEJTIyaWNvbmUtbWVudS1zcXVhcmUlMjIlM0UlM0NhJTIwaHJlZiUzRCUyMmh0dHBzJTNBJTJGJTJGZ2htcmVzb3J0LmNvbSUyRmZyJTJGc3VuZGF5LW11c2ljLWJydW5jaCUyRiUyMiUyMHJlbCUzRCUyMm5vb3BlbmVyJTIyJTNFJTNDaSUyMGNsYXNzJTNEJTIyZmEtc29saWQlMjBmYS1tdXNpYyUyMiUzRSUzQyUyRmklM0VTdW5kYXklMjBNdXNpYyUyMEJydW5jaCUzQyUyRmElM0UlM0MlMkZzcGFuJTNFJTIwJTNDc3BhbiUyMGNsYXNzJTNEJTIyaWNvbmUtbWVudS1zcXVhcmUlMjIlM0UlM0NhJTIwaHJlZiUzRCUyMmh0dHBzJTNBJTJGJTJGZ2htcmVzb3J0LmNvbSUyRmZyJTJGcmVzb3J0LWFjdGl2aXRpZXMlMkYlMjIlMjByZWwlM0QlMjJub29wZW5lciUyMiUzRSUzQ2klMjBjbGFzcyUzRCUyMmZhLXNvbGlkJTIwZmEtaG90ZWwlMjIlM0UlM0MlMkZpJTNFUmVzb3J0JTIwQWN0aXZpdGllcyUzQyUyRmElM0UlM0MlMkZzcGFuJTNFJTIwJTNDc3BhbiUyMGNsYXNzJTNEJTIyaWNvbmUtbWVudS1zcXVhcmUlMjIlM0UlM0NhJTIwaHJlZiUzRCUyMmh0dHBzJTNBJTJGJTJGZ2htcmVzb3J0LmNvbSUyRmVuJTJGc3VzdGFpbmFiaWxpdHklMkYlMjIlMjByZWwlM0QlMjJub29wZW5lciUyMiUzRSUzQ2klMjBjbGFzcyUzRCUyMmZhLXNvbGlkJTIwZmEtbGVhZiUyMiUzRSUzQyUyRmklM0VEdXJhYmlsaXQlQzMlQTklM0MlMkZhJTNFJTNDJTJGc3BhbiUzRQ==[\/vc_raw_html][\/vc_column][vc_column width=\u00a0\u00bb1\/3&Prime;][vc_single_image image=\u00a0\u00bb4167&Prime; alignment=\u00a0\u00bbcenter\u00a0\u00bb css=\u00a0\u00bb\u00a0\u00bb el_class=\u00a0\u00bblogo-pagina\u00a0\u00bb][\/vc_column][\/vc_row][vc_row][vc_column][vc_column_text css=\u00a0\u00bb\u00a0\u00bb]Le\u00a0<strong>Grand H\u00f4tel del Mare Resort &amp; Spa<\/strong>\u00a0est l\u2019endroit id\u00e9al pour votre\u00a0<strong>\u00e9v\u00e9nement priv\u00e9<\/strong>.<\/p>\n<p>Ici, au Grand H\u00f4tel Del Mare Resort &amp; Spa, le soin apport\u00e9 aux d\u00e9tails et votre satisfaction sont nos principales pr\u00e9rogatives.<\/p>\n<p>Dans ce lieu, vous pourrez vivre votre \u00e9v\u00e9nement comme si vous \u00e9tiez chez vous.<\/p>\n<p>Vous vous r\u00e9galerez avec des aliments prestigieux et vous serez enchant\u00e9 par de magnifiques d\u00e9corations florales, chaque d\u00e9tail sera pens\u00e9 pour faire en sorte que ce jour reste toujours marqu\u00e9 dans vos esprits.<\/p>\n<p>Le jardin suspendu spectaculaire, duquel on peut admirer les panoramas les plus suggestifs de la Ligurie, servira d\u2019arri\u00e8re-plan \u00e0 votre \u00e9v\u00e9nement.[\/vc_column_text][\/vc_column][\/vc_row][vc_row][vc_column width=\u00a0\u00bb1\/4&Prime;][\/vc_column][vc_column width=\u00a0\u00bb1\/4&Prime;][vc_raw_html css=\u00a0\u00bb\u00a0\u00bb el_class=\u00a0\u00bbicone-menu\u00a0\u00bb]JTNDYSUyMGhyZWYlM0QlMjJodHRwcyUzQSUyRiUyRmdobXJlc29ydC5jb20lMkZwZGYlMkZlLWJyb2NodXJlLnBkZiUyMiUyMHRhcmdldCUzRCUyMl9ibGFuayUyMiUyMHJlbCUzRCUyMm5vb3BlbmVyJTIyJTNFJTNDaSUyMGNsYXNzJTNEJTIyZmEtc29saWQlMjBmYS1maWxlLWludm9pY2UlMjIlM0UlM0MlMkZpJTNFRS1CUk9DSFVSRSUzQyUyRmElM0U=[\/vc_raw_html][\/vc_column][vc_column width=\u00a0\u00bb1\/4&Prime;][vc_raw_html css=\u00a0\u00bb\u00a0\u00bb el_class=\u00a0\u00bbicone-menu\u00a0\u00bb]JTNDYSUyMGhyZWYlM0QlMjJodHRwcyUzQSUyRiUyRmdobXJlc29ydC5jb20lMkZwZGYlMkZjb25ncmVzc2ktZWQtZXZlbnRpJTJGbHV4dXJ5LWV2ZW50cy5wZGYlMjIlMjB0YXJnZXQlM0QlMjJfYmxhbmslMjIlMjByZWwlM0QlMjJub29wZW5lciUyMiUzRSUzQ2klMjBjbGFzcyUzRCUyMmZhLXNvbGlkJTIwZmEtY2hhbXBhZ25lLWdsYXNzZXMlMjIlM0UlM0MlMkZpJTNFTFVYVVJZJTIwRVZFTlRTJTNDJTJGYSUzRQ==[\/vc_raw_html][\/vc_column][vc_column width=\u00a0\u00bb1\/4&Prime;][\/vc_column][\/vc_row]<\/p>\n<\/div>","protected":false},"excerpt":{"rendered":"<p>[vc_row source=\u00a0\u00bb\u00a0\u00bb main_heading=\u00a0\u00bbMangiare e bere\u00a0\u00bb heading_tag=\u00a0\u00bbh1&Prime; main_heading_color=\u00a0\u00bb#47C0EA\u00a0\u00bb sub_heading_color=\u00a0\u00bb\u00a0\u00bb alignment=\u00a0\u00bbleft\u00a0\u00bb spacer=\u00a0\u00bbno_spacer\u00a0\u00bb spacer_position=\u00a0\u00bbtop\u00a0\u00bb spacer_img_width=\u00a0\u00bb48&Prime; line_style=\u00a0\u00bbsolid\u00a0\u00bb line_height=\u00a0\u00bb1&Prime; line_color=\u00a0\u00bb#333333&Prime; line_icon_fixer=\u00a0\u00bb10&Prime; main_heading_font_family=\u00a0\u00bbfont_family:Cormorant Garamond|font_call:Cormorant+Garamond\u00a0\u00bb main_heading_font_size=\u00a0\u00bbdesktop:40px;\u00a0\u00bb main_heading_margin=\u00a0\u00bbmargin-bottom:25px;\u00a0\u00bb sub_heading_style=\u00a0\u00bbfont-style:italic;\u00a0\u00bb main_heading_typograpy=\u00a0\u00bb\u00a0\u00bb main_heading_style=\u00a0\u00bb\u00a0\u00bb main_heading_line_height=\u00a0\u00bb\u00a0\u00bb margin_design_tab_text=\u00a0\u00bb\u00a0\u00bb sub_heading_typograpy=\u00a0\u00bb\u00a0\u00bb sub_heading_font_family=\u00a0\u00bb\u00a0\u00bb sub_heading_font_size=\u00a0\u00bb\u00a0\u00bb sub_heading_line_height=\u00a0\u00bb\u00a0\u00bb sub_heading_margin=\u00a0\u00bb\u00a0\u00bb spacer_img=\u00a0\u00bb\u00a0\u00bb line_width=\u00a0\u00bb\u00a0\u00bb spacer_margin=\u00a0\u00bb\u00a0\u00bb][vc_column width=\u00a0\u00bb2\/3&Prime;][vc_empty_space][vc_raw_html css=\u00a0\u00bb\u00a0\u00bb]JTNDc3BhbiUyMGNsYXNzJTNEJTIyaWNvbmUtbWVudS1zcXVhcmUlMjIlM0UlM0NhJTIwaHJlZiUzRCUyMmh0dHBzJTNBJTJGJTJGZ2htcmVzb3J0LmNvbSUyRmZyJTJGc3VuZGF5LW11c2ljLWJydW5jaCUyRiUyMiUyMHJlbCUzRCUyMm5vb3BlbmVyJTIyJTNFJTNDaSUyMGNsYXNzJTNEJTIyZmEtc29saWQlMjBmYS1tdXNpYyUyMiUzRSUzQyUyRmklM0VTdW5kYXklMjBNdXNpYyUyMEJydW5jaCUzQyUyRmElM0UlM0MlMkZzcGFuJTNFJTIwJTNDc3BhbiUyMGNsYXNzJTNEJTIyaWNvbmUtbWVudS1zcXVhcmUlMjIlM0UlM0NhJTIwaHJlZiUzRCUyMmh0dHBzJTNBJTJGJTJGZ2htcmVzb3J0LmNvbSUyRmZyJTJGcmVzb3J0LWFjdGl2aXRpZXMlMkYlMjIlMjByZWwlM0QlMjJub29wZW5lciUyMiUzRSUzQ2klMjBjbGFzcyUzRCUyMmZhLXNvbGlkJTIwZmEtaG90ZWwlMjIlM0UlM0MlMkZpJTNFUmVzb3J0JTIwQWN0aXZpdGllcyUzQyUyRmElM0UlM0MlMkZzcGFuJTNFJTIwJTNDc3BhbiUyMGNsYXNzJTNEJTIyaWNvbmUtbWVudS1zcXVhcmUlMjIlM0UlM0NhJTIwaHJlZiUzRCUyMmh0dHBzJTNBJTJGJTJGZ2htcmVzb3J0LmNvbSUyRmVuJTJGc3VzdGFpbmFiaWxpdHklMkYlMjIlMjByZWwlM0QlMjJub29wZW5lciUyMiUzRSUzQ2klMjBjbGFzcyUzRCUyMmZhLXNvbGlkJTIwZmEtbGVhZiUyMiUzRSUzQyUyRmklM0VEdXJhYmlsaXQlQzMlQTklM0MlMkZhJTNFJTNDJTJGc3BhbiUzRQ==[\/vc_raw_html][\/vc_column][vc_column width=\u00a0\u00bb1\/3&Prime;][vc_single_image image=\u00a0\u00bb4167&Prime; alignment=\u00a0\u00bbcenter\u00a0\u00bb css=\u00a0\u00bb\u00a0\u00bb el_class=\u00a0\u00bblogo-pagina\u00a0\u00bb][\/vc_column][\/vc_row][vc_row][vc_column][vc_column_text css=\u00a0\u00bb\u00a0\u00bb]Le\u00a0Grand H\u00f4tel del Mare Resort &amp; Spa\u00a0est l\u2019endroit id\u00e9al pour votre\u00a0\u00e9v\u00e9nement priv\u00e9. Ici, au Grand&hellip;<\/p>\n","protected":false},"author":1,"featured_media":0,"parent":0,"menu_order":0,"comment_status":"closed","ping_status":"closed","template":"","meta":{"footnotes":""},"class_list":["post-3592","page","type-page","status-publish","hentry","description-off"],"yoast_head":"<!-- This site is optimized with the Yoast SEO plugin v25.6 - https:\/\/yoast.com\/wordpress\/plugins\/seo\/ -->\n<title>\u00c9v\u00e9nements Priv\u00e9s et Mariages Exclusifs &#8226; Grand Hotel Del Mare<\/title>\n<meta name=\"description\" content=\"Salles \u00e9l\u00e9gantes surplombant la mer, catering gourmet et service personnalis\u00e9 pour \u00e9v\u00e9nements priv\u00e9s, mariages et meetings d&#039;entreprise inoubliables.\" \/>\n<meta name=\"robots\" content=\"index, follow, max-snippet:-1, max-image-preview:large, max-video-preview:-1\" \/>\n<link rel=\"canonical\" href=\"https:\/\/ghmresort.com\/fr\/mariages-evenements-bordighera\/\" \/>\n<meta property=\"og:locale\" content=\"fr_FR\" \/>\n<meta property=\"og:type\" content=\"article\" \/>\n<meta property=\"og:title\" content=\"\u00c9v\u00e9nements Priv\u00e9s et Mariages Exclusifs &#8226; Grand Hotel Del Mare\" \/>\n<meta property=\"og:description\" content=\"Salles \u00e9l\u00e9gantes surplombant la mer, catering gourmet et service personnalis\u00e9 pour \u00e9v\u00e9nements priv\u00e9s, mariages et meetings d&#039;entreprise inoubliables.\" \/>\n<meta property=\"og:url\" content=\"https:\/\/ghmresort.com\/fr\/mariages-evenements-bordighera\/\" \/>\n<meta property=\"og:site_name\" content=\"Grand Hotel Del Mare Resort &amp; Spa\" \/>\n<meta property=\"article:publisher\" content=\"https:\/\/www.facebook.com\/GrandHotelDelMare\" \/>\n<meta property=\"article:modified_time\" content=\"2026-01-04T11:22:06+00:00\" \/>\n<meta property=\"og:image\" content=\"https:\/\/ghmresort.com\/wp-content\/uploads\/2025\/03\/DJI00081.jpg\" \/>\n\t<meta property=\"og:image:width\" content=\"1200\" \/>\n\t<meta property=\"og:image:height\" content=\"675\" \/>\n\t<meta property=\"og:image:type\" content=\"image\/jpeg\" \/>\n<meta name=\"twitter:card\" content=\"summary_large_image\" \/>\n<meta name=\"twitter:label1\" content=\"Dur\u00e9e de lecture estim\u00e9e\" \/>\n\t<meta name=\"twitter:data1\" content=\"2 minutes\" \/>\n<script type=\"application\/ld+json\" class=\"yoast-schema-graph\">{\"@context\":\"https:\/\/schema.org\",\"@graph\":[{\"@type\":\"WebPage\",\"@id\":\"https:\/\/ghmresort.com\/fr\/mariages-evenements-bordighera\/\",\"url\":\"https:\/\/ghmresort.com\/fr\/mariages-evenements-bordighera\/\",\"name\":\"\u00c9v\u00e9nements Priv\u00e9s et Mariages Exclusifs &#8226; Grand Hotel Del Mare\",\"isPartOf\":{\"@id\":\"https:\/\/ghmresort.com\/fr\/#website\"},\"datePublished\":\"2025-02-17T13:37:02+00:00\",\"dateModified\":\"2026-01-04T11:22:06+00:00\",\"description\":\"Salles \u00e9l\u00e9gantes surplombant la mer, catering gourmet et service personnalis\u00e9 pour \u00e9v\u00e9nements priv\u00e9s, mariages et meetings d'entreprise inoubliables.\",\"breadcrumb\":{\"@id\":\"https:\/\/ghmresort.com\/fr\/mariages-evenements-bordighera\/#breadcrumb\"},\"inLanguage\":\"fr-FR\",\"potentialAction\":[{\"@type\":\"ReadAction\",\"target\":[\"https:\/\/ghmresort.com\/fr\/mariages-evenements-bordighera\/\"]}]},{\"@type\":\"BreadcrumbList\",\"@id\":\"https:\/\/ghmresort.com\/fr\/mariages-evenements-bordighera\/#breadcrumb\",\"itemListElement\":[{\"@type\":\"ListItem\",\"position\":1,\"name\":\"Home\",\"item\":\"https:\/\/ghmresort.com\/fr\/\"},{\"@type\":\"ListItem\",\"position\":2,\"name\":\"\u00c9v\u00e9nements priv\u00e9s\"}]},{\"@type\":\"WebSite\",\"@id\":\"https:\/\/ghmresort.com\/fr\/#website\",\"url\":\"https:\/\/ghmresort.com\/fr\/\",\"name\":\"Grand Hotel Del Mare Resort & Spa\",\"description\":\"Resort a cinque stelle a Bordighera\",\"publisher\":{\"@id\":\"https:\/\/ghmresort.com\/fr\/#organization\"},\"alternateName\":\"GHM Resort & Spa\",\"potentialAction\":[{\"@type\":\"SearchAction\",\"target\":{\"@type\":\"EntryPoint\",\"urlTemplate\":\"https:\/\/ghmresort.com\/fr\/?s={search_term_string}\"},\"query-input\":{\"@type\":\"PropertyValueSpecification\",\"valueRequired\":true,\"valueName\":\"search_term_string\"}}],\"inLanguage\":\"fr-FR\"},{\"@type\":\"Organization\",\"@id\":\"https:\/\/ghmresort.com\/fr\/#organization\",\"name\":\"Grand Hotel Del Mare Resort & Spa\",\"alternateName\":\"GHM Resort & Spa\",\"url\":\"https:\/\/ghmresort.com\/fr\/\",\"logo\":{\"@type\":\"ImageObject\",\"inLanguage\":\"fr-FR\",\"@id\":\"https:\/\/ghmresort.com\/fr\/#\/schema\/logo\/image\/\",\"url\":\"https:\/\/ghmresort.com\/wp-content\/uploads\/2026\/01\/logo-ghm.png\",\"contentUrl\":\"https:\/\/ghmresort.com\/wp-content\/uploads\/2026\/01\/logo-ghm.png\",\"width\":600,\"height\":600,\"caption\":\"Grand Hotel Del Mare Resort & Spa\"},\"image\":{\"@id\":\"https:\/\/ghmresort.com\/fr\/#\/schema\/logo\/image\/\"},\"sameAs\":[\"https:\/\/www.facebook.com\/GrandHotelDelMare\",\"https:\/\/www.instagram.com\/GRANDHOTELDELMARE\"]}]}<\/script>\n<!-- \/ Yoast SEO plugin. -->","yoast_head_json":{"title":"\u00c9v\u00e9nements Priv\u00e9s et Mariages Exclusifs &#8226; Grand Hotel Del Mare","description":"Salles \u00e9l\u00e9gantes surplombant la mer, catering gourmet et service personnalis\u00e9 pour \u00e9v\u00e9nements priv\u00e9s, mariages et meetings d'entreprise inoubliables.","robots":{"index":"index","follow":"follow","max-snippet":"max-snippet:-1","max-image-preview":"max-image-preview:large","max-video-preview":"max-video-preview:-1"},"canonical":"https:\/\/ghmresort.com\/fr\/mariages-evenements-bordighera\/","og_locale":"fr_FR","og_type":"article","og_title":"\u00c9v\u00e9nements Priv\u00e9s et Mariages Exclusifs &#8226; Grand Hotel Del Mare","og_description":"Salles \u00e9l\u00e9gantes surplombant la mer, catering gourmet et service personnalis\u00e9 pour \u00e9v\u00e9nements priv\u00e9s, mariages et meetings d'entreprise inoubliables.","og_url":"https:\/\/ghmresort.com\/fr\/mariages-evenements-bordighera\/","og_site_name":"Grand Hotel Del Mare Resort &amp; Spa","article_publisher":"https:\/\/www.facebook.com\/GrandHotelDelMare","article_modified_time":"2026-01-04T11:22:06+00:00","og_image":[{"width":1200,"height":675,"url":"https:\/\/ghmresort.com\/wp-content\/uploads\/2025\/03\/DJI00081.jpg","type":"image\/jpeg"}],"twitter_card":"summary_large_image","twitter_misc":{"Dur\u00e9e de lecture estim\u00e9e":"2 minutes"},"schema":{"@context":"https:\/\/schema.org","@graph":[{"@type":"WebPage","@id":"https:\/\/ghmresort.com\/fr\/mariages-evenements-bordighera\/","url":"https:\/\/ghmresort.com\/fr\/mariages-evenements-bordighera\/","name":"\u00c9v\u00e9nements Priv\u00e9s et Mariages Exclusifs &#8226; Grand Hotel Del Mare","isPartOf":{"@id":"https:\/\/ghmresort.com\/fr\/#website"},"datePublished":"2025-02-17T13:37:02+00:00","dateModified":"2026-01-04T11:22:06+00:00","description":"Salles \u00e9l\u00e9gantes surplombant la mer, catering gourmet et service personnalis\u00e9 pour \u00e9v\u00e9nements priv\u00e9s, mariages et meetings d'entreprise inoubliables.","breadcrumb":{"@id":"https:\/\/ghmresort.com\/fr\/mariages-evenements-bordighera\/#breadcrumb"},"inLanguage":"fr-FR","potentialAction":[{"@type":"ReadAction","target":["https:\/\/ghmresort.com\/fr\/mariages-evenements-bordighera\/"]}]},{"@type":"BreadcrumbList","@id":"https:\/\/ghmresort.com\/fr\/mariages-evenements-bordighera\/#breadcrumb","itemListElement":[{"@type":"ListItem","position":1,"name":"Home","item":"https:\/\/ghmresort.com\/fr\/"},{"@type":"ListItem","position":2,"name":"\u00c9v\u00e9nements priv\u00e9s"}]},{"@type":"WebSite","@id":"https:\/\/ghmresort.com\/fr\/#website","url":"https:\/\/ghmresort.com\/fr\/","name":"Grand Hotel Del Mare Resort & Spa","description":"Resort a cinque stelle a Bordighera","publisher":{"@id":"https:\/\/ghmresort.com\/fr\/#organization"},"alternateName":"GHM Resort & Spa","potentialAction":[{"@type":"SearchAction","target":{"@type":"EntryPoint","urlTemplate":"https:\/\/ghmresort.com\/fr\/?s={search_term_string}"},"query-input":{"@type":"PropertyValueSpecification","valueRequired":true,"valueName":"search_term_string"}}],"inLanguage":"fr-FR"},{"@type":"Organization","@id":"https:\/\/ghmresort.com\/fr\/#organization","name":"Grand Hotel Del Mare Resort & Spa","alternateName":"GHM Resort & Spa","url":"https:\/\/ghmresort.com\/fr\/","logo":{"@type":"ImageObject","inLanguage":"fr-FR","@id":"https:\/\/ghmresort.com\/fr\/#\/schema\/logo\/image\/","url":"https:\/\/ghmresort.com\/wp-content\/uploads\/2026\/01\/logo-ghm.png","contentUrl":"https:\/\/ghmresort.com\/wp-content\/uploads\/2026\/01\/logo-ghm.png","width":600,"height":600,"caption":"Grand Hotel Del Mare Resort & Spa"},"image":{"@id":"https:\/\/ghmresort.com\/fr\/#\/schema\/logo\/image\/"},"sameAs":["https:\/\/www.facebook.com\/GrandHotelDelMare","https:\/\/www.instagram.com\/GRANDHOTELDELMARE"]}]}},"_links":{"self":[{"href":"https:\/\/ghmresort.com\/fr\/wp-json\/wp\/v2\/pages\/3592","targetHints":{"allow":["GET"]}}],"collection":[{"href":"https:\/\/ghmresort.com\/fr\/wp-json\/wp\/v2\/pages"}],"about":[{"href":"https:\/\/ghmresort.com\/fr\/wp-json\/wp\/v2\/types\/page"}],"author":[{"embeddable":true,"href":"https:\/\/ghmresort.com\/fr\/wp-json\/wp\/v2\/users\/1"}],"replies":[{"embeddable":true,"href":"https:\/\/ghmresort.com\/fr\/wp-json\/wp\/v2\/comments?post=3592"}],"version-history":[{"count":1,"href":"https:\/\/ghmresort.com\/fr\/wp-json\/wp\/v2\/pages\/3592\/revisions"}],"predecessor-version":[{"id":8642,"href":"https:\/\/ghmresort.com\/fr\/wp-json\/wp\/v2\/pages\/3592\/revisions\/8642"}],"wp:attachment":[{"href":"https:\/\/ghmresort.com\/fr\/wp-json\/wp\/v2\/media?parent=3592"}],"curies":[{"name":"wp","href":"https:\/\/api.w.org\/{rel}","templated":true}]}}