{"id":3229,"date":"2025-02-11T11:10:54","date_gmt":"2025-02-11T10:10:54","guid":{"rendered":"https:\/\/ghmresort.com\/?page_id=3229"},"modified":"2026-01-04T13:01:38","modified_gmt":"2026-01-04T12:01:38","slug":"resort-pet-friendly-luxe-bordighera","status":"publish","type":"page","link":"https:\/\/ghmresort.com\/fr\/resort-pet-friendly-luxe-bordighera\/","title":{"rendered":"Nos petits amis"},"content":{"rendered":"<div class=\"wpb-content-wrapper\"><p>[vc_row full_width=\u00a0\u00bbstretch_row\u00a0\u00bb content_placement=\u00a0\u00bbmiddle\u00a0\u00bb][vc_column width=\u00a0\u00bb2\/3&Prime;]<div id=\"ultimate-heading-550769f0eaab4df55\" class=\"uvc-heading ult-adjust-bottom-margin ultimate-heading-550769f0eaab4df55 uvc-6723 \" data-hspacer=\"no_spacer\"  data-halign=\"left\" style=\"text-align:left\"><div class=\"uvc-heading-spacer no_spacer\" style=\"top\"><\/div><div class=\"uvc-main-heading ult-responsive\"  data-ultimate-target='.uvc-heading.ultimate-heading-550769f0eaab4df55 h1'  data-responsive-json-new='{\"font-size\":\"desktop:40px;\",\"line-height\":\"\"}' ><h1 style=\"font-family:&#039;Cormorant Garamond&#039;;--font-weight:theme;color:#47C0EA;margin-bottom:10px;\">Nos petits amis<\/h1><\/div><div class=\"uvc-sub-heading ult-responsive\"  data-ultimate-target='.uvc-heading.ultimate-heading-550769f0eaab4df55 .uvc-sub-heading '  data-responsive-json-new='{\"font-size\":\"\",\"line-height\":\"\"}'  style=\"font-style:italic;font-weight:normal;\">\u201cnos amis ins\u00e9parables \u00e0 quatre pattes\u201d<\/div><\/div>[vc_empty_space][vc_column_text css=\u00a0\u00bb\u00a0\u00bb]Nos petits amis sont des h\u00f4tes d\u2019exception au Grand H\u00f4tel Del Mare Resort &amp; Spa.[\/vc_column_text][\/vc_column][vc_column width=\u00a0\u00bb1\/3&Prime;][vc_column_text css=\u00a0\u00bb\u00a0\u00bb]<\/p>\n<p style=\"text-align: center;\"><img decoding=\"async\" class=\"alignnone size-full wp-image-404 logo-doggy\" src=\"https:\/\/ghmresort.com\/wp-content\/uploads\/2024\/12\/piccoli-amici-1.svg\" alt=\"\" \/><\/p>\n<p>[\/vc_column_text][\/vc_column][\/vc_row][vc_row][vc_column][vc_column_text css=\u00a0\u00bb\u00a0\u00bb]<\/p>\n<div class=\"vc_row wpb_row vc_row-fluid dt-default\">\n<div class=\"wpb_column vc_column_container vc_col-sm-12\">\n<div class=\"vc_column-inner\">\n<div class=\"wpb_wrapper\">\n<div class=\"wpb_text_column wpb_content_element \">\n<div class=\"wpb_wrapper\">\n<p>Pour eux, notre Chef a \u00e9tudi\u00e9 un menu \u00e9nergique et \u00e9quilibr\u00e9 toujours disponible de 7h \u00e0 minuit et nous proposons \u00e9galement des serviettes de plage ainsi que tout le n\u00e9cessaire pour rendre leur s\u00e9jour unique et inoubliable.<\/p>\n<p>Avec un suppl\u00e9ment quotidien de 50,00 \u20ac, votre fid\u00e8le ami passera un s\u00e9jour cinq \u00e9toiles m\u00e9morable.<\/p>\n<p>Nous sommes sp\u00e9cialis\u00e9s dans l&rsquo;offre de services qui rendent les vacances de vos ins\u00e9parables amis \u00e0 quatre pattes plus confortables.<\/p>\n<p>Vous pouvez demander au moment de la r\u00e9servation :<\/p>\n<p>\u2013 des jouets<br \/>\n\u2013 un bol pour l&rsquo;eau et un bol pour la nourriture<br \/>\n\u2013 une niche pour le chien ou le chat<br \/>\n\u2013 des trousses de toilette pour vos fid\u00e8les amis<br \/>\n\u2013 de la liti\u00e8re pour chat avec du sable<\/p>\n<p>En cas de besoin, nous disposons d&rsquo;un centre v\u00e9t\u00e9rinaire conventionn\u00e9.<br \/>\nNous pouvons organiser les services suivants :<\/p>\n<p>Garde de chien<br \/>\nPromenade de chien<br \/>\nService de toilettage et Pet Shop<\/p>\n<p>Quelques r\u00e8gles que votre fid\u00e8le ami sera heureux de respecter :<\/p>\n<p>Tenez-le en laisse dans les espaces communs et dans le parc du Resort<br \/>\nNe le laissez pas grimper ou s&rsquo;allonger sur les meubles et canap\u00e9s des espaces communs du Resort<br \/>\nVeuillez limiter les perturbations, telles que les aboiements bruyants, afin de respecter la paix et la tranquillit\u00e9 des autres clients<\/p>\n<p>Conform\u00e9ment aux r\u00e9glementations locales et nationales, les animaux de compagnie ne sont pas admis au Grand Spa del Mare, au Ghm Beach Club, au Ghm Workout Studio, \u00e0 l&rsquo;Oasis Pool Club et ne sont pas admis dans certaines zones du Resort o\u00f9 sont servis des aliments et des boissons comme le restaurant La Veranda. Ils sont plus que bienvenus au Lounge Bar &amp; Terrace et au Sunrise Pool Deck Restaurant.<\/p>\n<p>Il n&rsquo;est pas possible de laisser votre fid\u00e8le ami seul dans la chambre. Le Concierge Personnel se fera un plaisir d&rsquo;organiser un service de garde ou de promenade de chien. (le service est payant et doit \u00eatre demand\u00e9 avec pr\u00e9avis). Pour votre confort pensez \u00e0 accrocher votre pancarte \u00ab Doggie in Room \u00bb sur votre porte \u00e0 tout moment<\/p>\n<p>Des lits et des couchages confortables sont \u00e0 votre disposition durant votre s\u00e9jour. Ne le laissez pas reposer sur les meubles ou sur le lit.<\/p>\n<p>Le service de rangement et de nettoyage de la chambre ne peut \u00eatre effectu\u00e9 sans votre pr\u00e9sence si votre fid\u00e8le compagnon est pr\u00e9sent dans la chambre.<\/p>\n<p>Nous vous informons que tout dommage caus\u00e9 par votre fid\u00e8le compagnon durant votre s\u00e9jour sera sous votre responsabilit\u00e9 et par cons\u00e9quent vous serez responsable de l&rsquo;indemnisation due.<\/p>\n<\/div>\n<\/div>\n<\/div>\n<\/div>\n<\/div>\n<\/div>\n<p>[\/vc_column_text][\/vc_column][\/vc_row]<\/p>\n<\/div>","protected":false},"excerpt":{"rendered":"<p>[vc_row full_width=\u00a0\u00bbstretch_row\u00a0\u00bb content_placement=\u00a0\u00bbmiddle\u00a0\u00bb][vc_column width=\u00a0\u00bb2\/3&Prime;][vc_empty_space][vc_column_text css=\u00a0\u00bb\u00a0\u00bb]Nos petits amis sont des h\u00f4tes d\u2019exception au Grand H\u00f4tel Del Mare Resort &amp; Spa.[\/vc_column_text][\/vc_column][vc_column width=\u00a0\u00bb1\/3&Prime;][vc_column_text css=\u00a0\u00bb\u00a0\u00bb] [\/vc_column_text][\/vc_column][\/vc_row][vc_row][vc_column][vc_column_text css=\u00a0\u00bb\u00a0\u00bb] Pour eux, notre Chef a \u00e9tudi\u00e9 un menu \u00e9nergique et \u00e9quilibr\u00e9 toujours disponible de 7h \u00e0 minuit et nous proposons \u00e9galement des serviettes de plage ainsi que tout le n\u00e9cessaire pour rendre&hellip;<\/p>\n","protected":false},"author":1,"featured_media":0,"parent":0,"menu_order":0,"comment_status":"closed","ping_status":"closed","template":"","meta":{"footnotes":""},"class_list":["post-3229","page","type-page","status-publish","hentry","description-off"],"yoast_head":"<!-- This site is optimized with the Yoast SEO plugin v25.6 - https:\/\/yoast.com\/wordpress\/plugins\/seo\/ -->\n<title>Resort Pet Friendly Luxe Bordighera &#8226; GHM Resort &amp; Spa<\/title>\n<meta name=\"description\" content=\"Resort pet friendly luxe: menu Chef personnalis\u00e9, dog sitting, service toilettage et niches premium pour vos compagnons. Vacances exclusives Bordighera.\" \/>\n<meta name=\"robots\" content=\"index, follow, max-snippet:-1, max-image-preview:large, max-video-preview:-1\" \/>\n<link rel=\"canonical\" href=\"https:\/\/ghmresort.com\/fr\/resort-pet-friendly-luxe-bordighera\/\" \/>\n<meta property=\"og:locale\" content=\"fr_FR\" \/>\n<meta property=\"og:type\" content=\"article\" \/>\n<meta property=\"og:title\" content=\"Resort Pet Friendly Luxe Bordighera &#8226; GHM Resort &amp; Spa\" \/>\n<meta property=\"og:description\" content=\"Resort pet friendly luxe: menu Chef personnalis\u00e9, dog sitting, service toilettage et niches premium pour vos compagnons. Vacances exclusives Bordighera.\" \/>\n<meta property=\"og:url\" content=\"https:\/\/ghmresort.com\/fr\/resort-pet-friendly-luxe-bordighera\/\" \/>\n<meta property=\"og:site_name\" content=\"Grand Hotel Del Mare Resort &amp; Spa\" \/>\n<meta property=\"article:publisher\" content=\"https:\/\/www.facebook.com\/GrandHotelDelMare\" \/>\n<meta property=\"article:modified_time\" content=\"2026-01-04T12:01:38+00:00\" \/>\n<meta property=\"og:image\" content=\"https:\/\/ghmresort.com\/wp-content\/uploads\/2024\/12\/piccoli-amici-1.svg\" \/>\n<meta name=\"twitter:card\" content=\"summary_large_image\" \/>\n<meta name=\"twitter:label1\" content=\"Dur\u00e9e de lecture estim\u00e9e\" \/>\n\t<meta name=\"twitter:data1\" content=\"3 minutes\" \/>\n<script type=\"application\/ld+json\" class=\"yoast-schema-graph\">{\"@context\":\"https:\/\/schema.org\",\"@graph\":[{\"@type\":\"WebPage\",\"@id\":\"https:\/\/ghmresort.com\/fr\/resort-pet-friendly-luxe-bordighera\/\",\"url\":\"https:\/\/ghmresort.com\/fr\/resort-pet-friendly-luxe-bordighera\/\",\"name\":\"Resort Pet Friendly Luxe Bordighera &#8226; GHM Resort & Spa\",\"isPartOf\":{\"@id\":\"https:\/\/ghmresort.com\/fr\/#website\"},\"primaryImageOfPage\":{\"@id\":\"https:\/\/ghmresort.com\/fr\/resort-pet-friendly-luxe-bordighera\/#primaryimage\"},\"image\":{\"@id\":\"https:\/\/ghmresort.com\/fr\/resort-pet-friendly-luxe-bordighera\/#primaryimage\"},\"thumbnailUrl\":\"https:\/\/ghmresort.com\/wp-content\/uploads\/2024\/12\/piccoli-amici-1.svg\",\"datePublished\":\"2025-02-11T10:10:54+00:00\",\"dateModified\":\"2026-01-04T12:01:38+00:00\",\"description\":\"Resort pet friendly luxe: menu Chef personnalis\u00e9, dog sitting, service toilettage et niches premium pour vos compagnons. Vacances exclusives Bordighera.\",\"breadcrumb\":{\"@id\":\"https:\/\/ghmresort.com\/fr\/resort-pet-friendly-luxe-bordighera\/#breadcrumb\"},\"inLanguage\":\"fr-FR\",\"potentialAction\":[{\"@type\":\"ReadAction\",\"target\":[\"https:\/\/ghmresort.com\/fr\/resort-pet-friendly-luxe-bordighera\/\"]}]},{\"@type\":\"ImageObject\",\"inLanguage\":\"fr-FR\",\"@id\":\"https:\/\/ghmresort.com\/fr\/resort-pet-friendly-luxe-bordighera\/#primaryimage\",\"url\":\"https:\/\/ghmresort.com\/wp-content\/uploads\/2024\/12\/piccoli-amici-1.svg\",\"contentUrl\":\"https:\/\/ghmresort.com\/wp-content\/uploads\/2024\/12\/piccoli-amici-1.svg\"},{\"@type\":\"BreadcrumbList\",\"@id\":\"https:\/\/ghmresort.com\/fr\/resort-pet-friendly-luxe-bordighera\/#breadcrumb\",\"itemListElement\":[{\"@type\":\"ListItem\",\"position\":1,\"name\":\"Home\",\"item\":\"https:\/\/ghmresort.com\/fr\/\"},{\"@type\":\"ListItem\",\"position\":2,\"name\":\"Nos petits amis\"}]},{\"@type\":\"WebSite\",\"@id\":\"https:\/\/ghmresort.com\/fr\/#website\",\"url\":\"https:\/\/ghmresort.com\/fr\/\",\"name\":\"Grand Hotel Del Mare Resort & Spa\",\"description\":\"Resort a cinque stelle a Bordighera\",\"publisher\":{\"@id\":\"https:\/\/ghmresort.com\/fr\/#organization\"},\"alternateName\":\"GHM Resort & Spa\",\"potentialAction\":[{\"@type\":\"SearchAction\",\"target\":{\"@type\":\"EntryPoint\",\"urlTemplate\":\"https:\/\/ghmresort.com\/fr\/?s={search_term_string}\"},\"query-input\":{\"@type\":\"PropertyValueSpecification\",\"valueRequired\":true,\"valueName\":\"search_term_string\"}}],\"inLanguage\":\"fr-FR\"},{\"@type\":\"Organization\",\"@id\":\"https:\/\/ghmresort.com\/fr\/#organization\",\"name\":\"Grand Hotel Del Mare Resort & Spa\",\"alternateName\":\"GHM Resort & Spa\",\"url\":\"https:\/\/ghmresort.com\/fr\/\",\"logo\":{\"@type\":\"ImageObject\",\"inLanguage\":\"fr-FR\",\"@id\":\"https:\/\/ghmresort.com\/fr\/#\/schema\/logo\/image\/\",\"url\":\"https:\/\/ghmresort.com\/wp-content\/uploads\/2026\/01\/logo-ghm.png\",\"contentUrl\":\"https:\/\/ghmresort.com\/wp-content\/uploads\/2026\/01\/logo-ghm.png\",\"width\":600,\"height\":600,\"caption\":\"Grand Hotel Del Mare Resort & Spa\"},\"image\":{\"@id\":\"https:\/\/ghmresort.com\/fr\/#\/schema\/logo\/image\/\"},\"sameAs\":[\"https:\/\/www.facebook.com\/GrandHotelDelMare\",\"https:\/\/www.instagram.com\/GRANDHOTELDELMARE\"]}]}<\/script>\n<!-- \/ Yoast SEO plugin. -->","yoast_head_json":{"title":"Resort Pet Friendly Luxe Bordighera &#8226; GHM Resort & Spa","description":"Resort pet friendly luxe: menu Chef personnalis\u00e9, dog sitting, service toilettage et niches premium pour vos compagnons. Vacances exclusives Bordighera.","robots":{"index":"index","follow":"follow","max-snippet":"max-snippet:-1","max-image-preview":"max-image-preview:large","max-video-preview":"max-video-preview:-1"},"canonical":"https:\/\/ghmresort.com\/fr\/resort-pet-friendly-luxe-bordighera\/","og_locale":"fr_FR","og_type":"article","og_title":"Resort Pet Friendly Luxe Bordighera &#8226; GHM Resort & Spa","og_description":"Resort pet friendly luxe: menu Chef personnalis\u00e9, dog sitting, service toilettage et niches premium pour vos compagnons. Vacances exclusives Bordighera.","og_url":"https:\/\/ghmresort.com\/fr\/resort-pet-friendly-luxe-bordighera\/","og_site_name":"Grand Hotel Del Mare Resort &amp; Spa","article_publisher":"https:\/\/www.facebook.com\/GrandHotelDelMare","article_modified_time":"2026-01-04T12:01:38+00:00","og_image":[{"url":"https:\/\/ghmresort.com\/wp-content\/uploads\/2024\/12\/piccoli-amici-1.svg","type":"","width":"","height":""}],"twitter_card":"summary_large_image","twitter_misc":{"Dur\u00e9e de lecture estim\u00e9e":"3 minutes"},"schema":{"@context":"https:\/\/schema.org","@graph":[{"@type":"WebPage","@id":"https:\/\/ghmresort.com\/fr\/resort-pet-friendly-luxe-bordighera\/","url":"https:\/\/ghmresort.com\/fr\/resort-pet-friendly-luxe-bordighera\/","name":"Resort Pet Friendly Luxe Bordighera &#8226; GHM Resort & Spa","isPartOf":{"@id":"https:\/\/ghmresort.com\/fr\/#website"},"primaryImageOfPage":{"@id":"https:\/\/ghmresort.com\/fr\/resort-pet-friendly-luxe-bordighera\/#primaryimage"},"image":{"@id":"https:\/\/ghmresort.com\/fr\/resort-pet-friendly-luxe-bordighera\/#primaryimage"},"thumbnailUrl":"https:\/\/ghmresort.com\/wp-content\/uploads\/2024\/12\/piccoli-amici-1.svg","datePublished":"2025-02-11T10:10:54+00:00","dateModified":"2026-01-04T12:01:38+00:00","description":"Resort pet friendly luxe: menu Chef personnalis\u00e9, dog sitting, service toilettage et niches premium pour vos compagnons. Vacances exclusives Bordighera.","breadcrumb":{"@id":"https:\/\/ghmresort.com\/fr\/resort-pet-friendly-luxe-bordighera\/#breadcrumb"},"inLanguage":"fr-FR","potentialAction":[{"@type":"ReadAction","target":["https:\/\/ghmresort.com\/fr\/resort-pet-friendly-luxe-bordighera\/"]}]},{"@type":"ImageObject","inLanguage":"fr-FR","@id":"https:\/\/ghmresort.com\/fr\/resort-pet-friendly-luxe-bordighera\/#primaryimage","url":"https:\/\/ghmresort.com\/wp-content\/uploads\/2024\/12\/piccoli-amici-1.svg","contentUrl":"https:\/\/ghmresort.com\/wp-content\/uploads\/2024\/12\/piccoli-amici-1.svg"},{"@type":"BreadcrumbList","@id":"https:\/\/ghmresort.com\/fr\/resort-pet-friendly-luxe-bordighera\/#breadcrumb","itemListElement":[{"@type":"ListItem","position":1,"name":"Home","item":"https:\/\/ghmresort.com\/fr\/"},{"@type":"ListItem","position":2,"name":"Nos petits amis"}]},{"@type":"WebSite","@id":"https:\/\/ghmresort.com\/fr\/#website","url":"https:\/\/ghmresort.com\/fr\/","name":"Grand Hotel Del Mare Resort & Spa","description":"Resort a cinque stelle a Bordighera","publisher":{"@id":"https:\/\/ghmresort.com\/fr\/#organization"},"alternateName":"GHM Resort & Spa","potentialAction":[{"@type":"SearchAction","target":{"@type":"EntryPoint","urlTemplate":"https:\/\/ghmresort.com\/fr\/?s={search_term_string}"},"query-input":{"@type":"PropertyValueSpecification","valueRequired":true,"valueName":"search_term_string"}}],"inLanguage":"fr-FR"},{"@type":"Organization","@id":"https:\/\/ghmresort.com\/fr\/#organization","name":"Grand Hotel Del Mare Resort & Spa","alternateName":"GHM Resort & Spa","url":"https:\/\/ghmresort.com\/fr\/","logo":{"@type":"ImageObject","inLanguage":"fr-FR","@id":"https:\/\/ghmresort.com\/fr\/#\/schema\/logo\/image\/","url":"https:\/\/ghmresort.com\/wp-content\/uploads\/2026\/01\/logo-ghm.png","contentUrl":"https:\/\/ghmresort.com\/wp-content\/uploads\/2026\/01\/logo-ghm.png","width":600,"height":600,"caption":"Grand Hotel Del Mare Resort & Spa"},"image":{"@id":"https:\/\/ghmresort.com\/fr\/#\/schema\/logo\/image\/"},"sameAs":["https:\/\/www.facebook.com\/GrandHotelDelMare","https:\/\/www.instagram.com\/GRANDHOTELDELMARE"]}]}},"_links":{"self":[{"href":"https:\/\/ghmresort.com\/fr\/wp-json\/wp\/v2\/pages\/3229","targetHints":{"allow":["GET"]}}],"collection":[{"href":"https:\/\/ghmresort.com\/fr\/wp-json\/wp\/v2\/pages"}],"about":[{"href":"https:\/\/ghmresort.com\/fr\/wp-json\/wp\/v2\/types\/page"}],"author":[{"embeddable":true,"href":"https:\/\/ghmresort.com\/fr\/wp-json\/wp\/v2\/users\/1"}],"replies":[{"embeddable":true,"href":"https:\/\/ghmresort.com\/fr\/wp-json\/wp\/v2\/comments?post=3229"}],"version-history":[{"count":1,"href":"https:\/\/ghmresort.com\/fr\/wp-json\/wp\/v2\/pages\/3229\/revisions"}],"predecessor-version":[{"id":8660,"href":"https:\/\/ghmresort.com\/fr\/wp-json\/wp\/v2\/pages\/3229\/revisions\/8660"}],"wp:attachment":[{"href":"https:\/\/ghmresort.com\/fr\/wp-json\/wp\/v2\/media?parent=3229"}],"curies":[{"name":"wp","href":"https:\/\/api.w.org\/{rel}","templated":true}]}}