{"id":2413,"date":"2025-01-28T16:42:56","date_gmt":"2025-01-28T16:42:56","guid":{"rendered":"https:\/\/ghmresort.com\/?page_id=2413"},"modified":"2025-01-28T16:57:45","modified_gmt":"2025-01-28T16:57:45","slug":"la-grotta-di-bacco","status":"publish","type":"page","link":"https:\/\/ghmresort.com\/fr\/hotel-avec-restaurant-bordighera\/la-grotta-di-bacco\/","title":{"rendered":"La grotta di Bacco"},"content":{"rendered":"<div class=\"wpb-content-wrapper\"><p>[vc_row source=\u00a0\u00bb\u00a0\u00bb main_heading=\u00a0\u00bbMangiare e bere\u00a0\u00bb heading_tag=\u00a0\u00bbh1&Prime; main_heading_color=\u00a0\u00bb#47C0EA\u00a0\u00bb sub_heading_color=\u00a0\u00bb\u00a0\u00bb alignment=\u00a0\u00bbleft\u00a0\u00bb spacer=\u00a0\u00bbno_spacer\u00a0\u00bb spacer_position=\u00a0\u00bbtop\u00a0\u00bb spacer_img_width=\u00a0\u00bb48&Prime; line_style=\u00a0\u00bbsolid\u00a0\u00bb line_height=\u00a0\u00bb1&Prime; line_color=\u00a0\u00bb#333333&Prime; line_icon_fixer=\u00a0\u00bb10&Prime; main_heading_font_family=\u00a0\u00bbfont_family:Cormorant Garamond|font_call:Cormorant+Garamond\u00a0\u00bb main_heading_font_size=\u00a0\u00bbdesktop:40px;\u00a0\u00bb main_heading_margin=\u00a0\u00bbmargin-bottom:25px;\u00a0\u00bb sub_heading_style=\u00a0\u00bbfont-style:italic;\u00a0\u00bb main_heading_typograpy=\u00a0\u00bb\u00a0\u00bb main_heading_style=\u00a0\u00bb\u00a0\u00bb main_heading_line_height=\u00a0\u00bb\u00a0\u00bb margin_design_tab_text=\u00a0\u00bb\u00a0\u00bb sub_heading_typograpy=\u00a0\u00bb\u00a0\u00bb sub_heading_font_family=\u00a0\u00bb\u00a0\u00bb sub_heading_font_size=\u00a0\u00bb\u00a0\u00bb sub_heading_line_height=\u00a0\u00bb\u00a0\u00bb sub_heading_margin=\u00a0\u00bb\u00a0\u00bb spacer_img=\u00a0\u00bb\u00a0\u00bb line_width=\u00a0\u00bb\u00a0\u00bb spacer_margin=\u00a0\u00bb\u00a0\u00bb][vc_column width=\u00a0\u00bb2\/3&Prime; el_class=\u00a0\u00bbcolonna-testo-laterale\u00a0\u00bb]<div id=\"ultimate-heading-231769ef679c5c56a\" class=\"uvc-heading ult-adjust-bottom-margin ultimate-heading-231769ef679c5c56a uvc-5664 \" data-hspacer=\"no_spacer\"  data-halign=\"left\" style=\"text-align:left\"><div class=\"uvc-heading-spacer no_spacer\" style=\"top\"><\/div><div class=\"uvc-main-heading ult-responsive\"  data-ultimate-target='.uvc-heading.ultimate-heading-231769ef679c5c56a h1'  data-responsive-json-new='{\"font-size\":\"desktop:40px;\",\"line-height\":\"\"}' ><h1 style=\"font-family:&#039;Cormorant Garamond&#039;;--font-weight:theme;color:#47C0EA;\">La grotta di Bacco<\/h1><\/div><\/div>[vc_empty_space][vc_column_text css=\u00a0\u00bb\u00a0\u00bb]D\u00e9couvrez La Grotta Di Bacco, un lieu intime et raffin\u00e9 o\u00f9 vous pourrez d\u00e9guster une s\u00e9lection de grands vins.<\/p>\n<p>Au sein d\u2019une petite grotte dans la roche, La Grotta Di Bacco est le rendez-vous id\u00e9al pour les connaisseurs et les amateurs de culture \u0153nologique.<\/p>\n<p>Une s\u00e9lection de vins est disponible que l\u2019on peut d\u00e9guster \u00e0 la bouteille ou au verre.<\/p>\n<p>Vin, culture et gastronomie sont r\u00e9unis pour vous offrir une exp\u00e9rience m\u00e9morable.<\/p>\n<p>Disponible pour des \u00e9v\u00e9nements priv\u00e9s sur demande:<\/p>\n<ul>\n<li>d\u00e9gustation de vins<\/li>\n<li>d\u00e9jeuners et d\u00eeners priv\u00e9s<\/li>\n<\/ul>\n<p>[\/vc_column_text][\/vc_column][vc_column width=\u00a0\u00bb1\/3&Prime;][vc_empty_space][vc_row_inner][vc_column_inner width=\u00a0\u00bb1\/2&Prime;][vc_raw_html css=\u00a0\u00bb\u00a0\u00bb el_class=\u00a0\u00bbicone-menu\u00a0\u00bb]JTNDYSUyMGhyZWYlM0QlMjJodHRwcyUzQSUyRiUyRmdobXJlc29ydC5jb20lMkZwZGYlMkZsYS1ncm90dGEtZGktYmFjY28ucGRmJTIyJTIwdGFyZ2V0JTNEJTIyX2JsYW5rJTIyJTIwcmVsJTNEJTIybm9vcGVuZXIlMjIlM0UlM0NpJTIwY2xhc3MlM0QlMjJmYS1zb2xpZCUyMGZhLWJvb2stb3BlbiUyMiUzRSUzQyUyRmklM0VMQSUyMEdST1RUQSUyMERJJTIwQkFDQ08lM0NiciUyMCUyRiUzRUJST0NIVVJFJTNDJTJGYSUzRQ==[\/vc_raw_html][\/vc_column_inner][vc_column_inner width=\u00a0\u00bb1\/2&Prime;][vc_raw_html css=\u00a0\u00bb\u00a0\u00bb el_class=\u00a0\u00bbicone-menu\u00a0\u00bb]JTNDaSUyMGNsYXNzJTNEJTIyZmEtc29saWQlMjBmYS1hZGRyZXNzLWJvb2slMjIlM0UlM0MlMkZpJTNFUiVDMyU4OVNFUlZBVElPTlMlM0NiciUyMCUyRiUzRSUzQ2ElMjBocmVmJTNEJTIydGVsJTNBJTJCMzkwMTg0MjYyMjAyJTIyJTNFJTJCMzklMjAlMjgwJTI5MTg0JTIwMjYyMjAyJTNDJTJGYSUzRSUyMGV4dC4lMjA2MDAlM0NiciUyMCUyRiUzRSUzQ2ElMjBocmVmJTNEJTIybWFpbHRvJTNBZ2htJTQwZ2htcmVzb3J0LmNvbSUyMiUzRWdobSU0MGdobXJlc29ydC5jb20lM0MlMkZhJTNF[\/vc_raw_html][\/vc_column_inner][\/vc_row_inner][\/vc_column][\/vc_row]<\/p>\n<\/div>","protected":false},"excerpt":{"rendered":"<p>[vc_row source=\u00a0\u00bb\u00a0\u00bb main_heading=\u00a0\u00bbMangiare e bere\u00a0\u00bb heading_tag=\u00a0\u00bbh1&Prime; main_heading_color=\u00a0\u00bb#47C0EA\u00a0\u00bb sub_heading_color=\u00a0\u00bb\u00a0\u00bb alignment=\u00a0\u00bbleft\u00a0\u00bb spacer=\u00a0\u00bbno_spacer\u00a0\u00bb spacer_position=\u00a0\u00bbtop\u00a0\u00bb spacer_img_width=\u00a0\u00bb48&Prime; line_style=\u00a0\u00bbsolid\u00a0\u00bb line_height=\u00a0\u00bb1&Prime; line_color=\u00a0\u00bb#333333&Prime; line_icon_fixer=\u00a0\u00bb10&Prime; main_heading_font_family=\u00a0\u00bbfont_family:Cormorant Garamond|font_call:Cormorant+Garamond\u00a0\u00bb main_heading_font_size=\u00a0\u00bbdesktop:40px;\u00a0\u00bb main_heading_margin=\u00a0\u00bbmargin-bottom:25px;\u00a0\u00bb sub_heading_style=\u00a0\u00bbfont-style:italic;\u00a0\u00bb main_heading_typograpy=\u00a0\u00bb\u00a0\u00bb main_heading_style=\u00a0\u00bb\u00a0\u00bb main_heading_line_height=\u00a0\u00bb\u00a0\u00bb margin_design_tab_text=\u00a0\u00bb\u00a0\u00bb sub_heading_typograpy=\u00a0\u00bb\u00a0\u00bb sub_heading_font_family=\u00a0\u00bb\u00a0\u00bb sub_heading_font_size=\u00a0\u00bb\u00a0\u00bb sub_heading_line_height=\u00a0\u00bb\u00a0\u00bb sub_heading_margin=\u00a0\u00bb\u00a0\u00bb spacer_img=\u00a0\u00bb\u00a0\u00bb line_width=\u00a0\u00bb\u00a0\u00bb spacer_margin=\u00a0\u00bb\u00a0\u00bb][vc_column width=\u00a0\u00bb2\/3&Prime; el_class=\u00a0\u00bbcolonna-testo-laterale\u00a0\u00bb][vc_empty_space][vc_column_text css=\u00a0\u00bb\u00a0\u00bb]D\u00e9couvrez La Grotta Di Bacco, un lieu intime et raffin\u00e9 o\u00f9 vous pourrez d\u00e9guster une s\u00e9lection de grands vins. Au&hellip;<\/p>\n","protected":false},"author":1,"featured_media":0,"parent":2134,"menu_order":0,"comment_status":"closed","ping_status":"closed","template":"","meta":{"footnotes":""},"class_list":["post-2413","page","type-page","status-publish","hentry","description-off"],"yoast_head":"<!-- This site is optimized with the Yoast SEO plugin v25.6 - https:\/\/yoast.com\/wordpress\/plugins\/seo\/ -->\n<title>La grotta di Bacco &#8226; Grand Hotel Del Mare Resort &amp; Spa<\/title>\n<meta name=\"robots\" content=\"index, follow, max-snippet:-1, max-image-preview:large, max-video-preview:-1\" \/>\n<link rel=\"canonical\" href=\"https:\/\/ghmresort.com\/fr\/hotel-avec-restaurant-bordighera\/la-grotta-di-bacco\/\" \/>\n<meta property=\"og:locale\" content=\"fr_FR\" \/>\n<meta property=\"og:type\" content=\"article\" \/>\n<meta property=\"og:title\" content=\"La grotta di Bacco &#8226; Grand Hotel Del Mare Resort &amp; Spa\" \/>\n<meta property=\"og:description\" content=\"[vc_row source=\u00a0\u00bb\u00a0\u00bb main_heading=\u00a0\u00bbMangiare e bere\u00a0\u00bb heading_tag=\u00a0\u00bbh1&Prime; main_heading_color=\u00a0\u00bb#47C0EA\u00a0\u00bb sub_heading_color=\u00a0\u00bb\u00a0\u00bb alignment=\u00a0\u00bbleft\u00a0\u00bb spacer=\u00a0\u00bbno_spacer\u00a0\u00bb spacer_position=\u00a0\u00bbtop\u00a0\u00bb spacer_img_width=\u00a0\u00bb48&Prime; line_style=\u00a0\u00bbsolid\u00a0\u00bb line_height=\u00a0\u00bb1&Prime; line_color=\u00a0\u00bb#333333&Prime; line_icon_fixer=\u00a0\u00bb10&Prime; main_heading_font_family=\u00a0\u00bbfont_family:Cormorant Garamond|font_call:Cormorant+Garamond\u00a0\u00bb main_heading_font_size=\u00a0\u00bbdesktop:40px;\u00a0\u00bb main_heading_margin=\u00a0\u00bbmargin-bottom:25px;\u00a0\u00bb sub_heading_style=\u00a0\u00bbfont-style:italic;\u00a0\u00bb main_heading_typograpy=\u00a0\u00bb\u00a0\u00bb main_heading_style=\u00a0\u00bb\u00a0\u00bb main_heading_line_height=\u00a0\u00bb\u00a0\u00bb margin_design_tab_text=\u00a0\u00bb\u00a0\u00bb sub_heading_typograpy=\u00a0\u00bb\u00a0\u00bb sub_heading_font_family=\u00a0\u00bb\u00a0\u00bb sub_heading_font_size=\u00a0\u00bb\u00a0\u00bb sub_heading_line_height=\u00a0\u00bb\u00a0\u00bb sub_heading_margin=\u00a0\u00bb\u00a0\u00bb spacer_img=\u00a0\u00bb\u00a0\u00bb line_width=\u00a0\u00bb\u00a0\u00bb spacer_margin=\u00a0\u00bb\u00a0\u00bb][vc_column width=\u00a0\u00bb2\/3&Prime; el_class=\u00a0\u00bbcolonna-testo-laterale\u00a0\u00bb][vc_empty_space][vc_column_text css=\u00a0\u00bb\u00a0\u00bb]D\u00e9couvrez La Grotta Di Bacco, un lieu intime et raffin\u00e9 o\u00f9 vous pourrez d\u00e9guster une s\u00e9lection de grands vins. Au&hellip;\" \/>\n<meta property=\"og:url\" content=\"https:\/\/ghmresort.com\/fr\/hotel-avec-restaurant-bordighera\/la-grotta-di-bacco\/\" \/>\n<meta property=\"og:site_name\" content=\"Grand Hotel Del Mare Resort &amp; Spa\" \/>\n<meta property=\"article:publisher\" content=\"https:\/\/www.facebook.com\/GrandHotelDelMare\" \/>\n<meta property=\"article:modified_time\" content=\"2025-01-28T16:57:45+00:00\" \/>\n<meta property=\"og:image\" content=\"https:\/\/ghmresort.com\/wp-content\/uploads\/2025\/03\/DJI00081.jpg\" \/>\n\t<meta property=\"og:image:width\" content=\"1200\" \/>\n\t<meta property=\"og:image:height\" content=\"675\" \/>\n\t<meta property=\"og:image:type\" content=\"image\/jpeg\" \/>\n<meta name=\"twitter:card\" content=\"summary_large_image\" \/>\n<meta name=\"twitter:label1\" content=\"Dur\u00e9e de lecture estim\u00e9e\" \/>\n\t<meta name=\"twitter:data1\" content=\"2 minutes\" \/>\n<script type=\"application\/ld+json\" class=\"yoast-schema-graph\">{\"@context\":\"https:\/\/schema.org\",\"@graph\":[{\"@type\":\"WebPage\",\"@id\":\"https:\/\/ghmresort.com\/fr\/hotel-avec-restaurant-bordighera\/la-grotta-di-bacco\/\",\"url\":\"https:\/\/ghmresort.com\/fr\/hotel-avec-restaurant-bordighera\/la-grotta-di-bacco\/\",\"name\":\"La grotta di Bacco &#8226; Grand Hotel Del Mare Resort &amp; Spa\",\"isPartOf\":{\"@id\":\"https:\/\/ghmresort.com\/fr\/#website\"},\"datePublished\":\"2025-01-28T16:42:56+00:00\",\"dateModified\":\"2025-01-28T16:57:45+00:00\",\"breadcrumb\":{\"@id\":\"https:\/\/ghmresort.com\/fr\/hotel-avec-restaurant-bordighera\/la-grotta-di-bacco\/#breadcrumb\"},\"inLanguage\":\"fr-FR\",\"potentialAction\":[{\"@type\":\"ReadAction\",\"target\":[\"https:\/\/ghmresort.com\/fr\/hotel-avec-restaurant-bordighera\/la-grotta-di-bacco\/\"]}]},{\"@type\":\"BreadcrumbList\",\"@id\":\"https:\/\/ghmresort.com\/fr\/hotel-avec-restaurant-bordighera\/la-grotta-di-bacco\/#breadcrumb\",\"itemListElement\":[{\"@type\":\"ListItem\",\"position\":1,\"name\":\"Home\",\"item\":\"https:\/\/ghmresort.com\/fr\/\"},{\"@type\":\"ListItem\",\"position\":2,\"name\":\"La grotta di Bacco\"}]},{\"@type\":\"WebSite\",\"@id\":\"https:\/\/ghmresort.com\/fr\/#website\",\"url\":\"https:\/\/ghmresort.com\/fr\/\",\"name\":\"Grand Hotel Del Mare Resort & Spa\",\"description\":\"Resort a cinque stelle a Bordighera\",\"publisher\":{\"@id\":\"https:\/\/ghmresort.com\/fr\/#organization\"},\"alternateName\":\"GHM Resort & Spa\",\"potentialAction\":[{\"@type\":\"SearchAction\",\"target\":{\"@type\":\"EntryPoint\",\"urlTemplate\":\"https:\/\/ghmresort.com\/fr\/?s={search_term_string}\"},\"query-input\":{\"@type\":\"PropertyValueSpecification\",\"valueRequired\":true,\"valueName\":\"search_term_string\"}}],\"inLanguage\":\"fr-FR\"},{\"@type\":\"Organization\",\"@id\":\"https:\/\/ghmresort.com\/fr\/#organization\",\"name\":\"Grand Hotel Del Mare Resort & Spa\",\"alternateName\":\"GHM Resort & Spa\",\"url\":\"https:\/\/ghmresort.com\/fr\/\",\"logo\":{\"@type\":\"ImageObject\",\"inLanguage\":\"fr-FR\",\"@id\":\"https:\/\/ghmresort.com\/fr\/#\/schema\/logo\/image\/\",\"url\":\"https:\/\/ghmresort.com\/wp-content\/uploads\/2026\/01\/logo-ghm.png\",\"contentUrl\":\"https:\/\/ghmresort.com\/wp-content\/uploads\/2026\/01\/logo-ghm.png\",\"width\":600,\"height\":600,\"caption\":\"Grand Hotel Del Mare Resort & Spa\"},\"image\":{\"@id\":\"https:\/\/ghmresort.com\/fr\/#\/schema\/logo\/image\/\"},\"sameAs\":[\"https:\/\/www.facebook.com\/GrandHotelDelMare\",\"https:\/\/www.instagram.com\/GRANDHOTELDELMARE\"]}]}<\/script>\n<!-- \/ Yoast SEO plugin. -->","yoast_head_json":{"title":"La grotta di Bacco &#8226; Grand Hotel Del Mare Resort &amp; Spa","robots":{"index":"index","follow":"follow","max-snippet":"max-snippet:-1","max-image-preview":"max-image-preview:large","max-video-preview":"max-video-preview:-1"},"canonical":"https:\/\/ghmresort.com\/fr\/hotel-avec-restaurant-bordighera\/la-grotta-di-bacco\/","og_locale":"fr_FR","og_type":"article","og_title":"La grotta di Bacco &#8226; Grand Hotel Del Mare Resort &amp; Spa","og_description":"[vc_row source=\u00a0\u00bb\u00a0\u00bb main_heading=\u00a0\u00bbMangiare e bere\u00a0\u00bb heading_tag=\u00a0\u00bbh1&Prime; main_heading_color=\u00a0\u00bb#47C0EA\u00a0\u00bb sub_heading_color=\u00a0\u00bb\u00a0\u00bb alignment=\u00a0\u00bbleft\u00a0\u00bb spacer=\u00a0\u00bbno_spacer\u00a0\u00bb spacer_position=\u00a0\u00bbtop\u00a0\u00bb spacer_img_width=\u00a0\u00bb48&Prime; line_style=\u00a0\u00bbsolid\u00a0\u00bb line_height=\u00a0\u00bb1&Prime; line_color=\u00a0\u00bb#333333&Prime; line_icon_fixer=\u00a0\u00bb10&Prime; main_heading_font_family=\u00a0\u00bbfont_family:Cormorant Garamond|font_call:Cormorant+Garamond\u00a0\u00bb main_heading_font_size=\u00a0\u00bbdesktop:40px;\u00a0\u00bb main_heading_margin=\u00a0\u00bbmargin-bottom:25px;\u00a0\u00bb sub_heading_style=\u00a0\u00bbfont-style:italic;\u00a0\u00bb main_heading_typograpy=\u00a0\u00bb\u00a0\u00bb main_heading_style=\u00a0\u00bb\u00a0\u00bb main_heading_line_height=\u00a0\u00bb\u00a0\u00bb margin_design_tab_text=\u00a0\u00bb\u00a0\u00bb sub_heading_typograpy=\u00a0\u00bb\u00a0\u00bb sub_heading_font_family=\u00a0\u00bb\u00a0\u00bb sub_heading_font_size=\u00a0\u00bb\u00a0\u00bb sub_heading_line_height=\u00a0\u00bb\u00a0\u00bb sub_heading_margin=\u00a0\u00bb\u00a0\u00bb spacer_img=\u00a0\u00bb\u00a0\u00bb line_width=\u00a0\u00bb\u00a0\u00bb spacer_margin=\u00a0\u00bb\u00a0\u00bb][vc_column width=\u00a0\u00bb2\/3&Prime; el_class=\u00a0\u00bbcolonna-testo-laterale\u00a0\u00bb][vc_empty_space][vc_column_text css=\u00a0\u00bb\u00a0\u00bb]D\u00e9couvrez La Grotta Di Bacco, un lieu intime et raffin\u00e9 o\u00f9 vous pourrez d\u00e9guster une s\u00e9lection de grands vins. Au&hellip;","og_url":"https:\/\/ghmresort.com\/fr\/hotel-avec-restaurant-bordighera\/la-grotta-di-bacco\/","og_site_name":"Grand Hotel Del Mare Resort &amp; Spa","article_publisher":"https:\/\/www.facebook.com\/GrandHotelDelMare","article_modified_time":"2025-01-28T16:57:45+00:00","og_image":[{"width":1200,"height":675,"url":"https:\/\/ghmresort.com\/wp-content\/uploads\/2025\/03\/DJI00081.jpg","type":"image\/jpeg"}],"twitter_card":"summary_large_image","twitter_misc":{"Dur\u00e9e de lecture estim\u00e9e":"2 minutes"},"schema":{"@context":"https:\/\/schema.org","@graph":[{"@type":"WebPage","@id":"https:\/\/ghmresort.com\/fr\/hotel-avec-restaurant-bordighera\/la-grotta-di-bacco\/","url":"https:\/\/ghmresort.com\/fr\/hotel-avec-restaurant-bordighera\/la-grotta-di-bacco\/","name":"La grotta di Bacco &#8226; Grand Hotel Del Mare Resort &amp; Spa","isPartOf":{"@id":"https:\/\/ghmresort.com\/fr\/#website"},"datePublished":"2025-01-28T16:42:56+00:00","dateModified":"2025-01-28T16:57:45+00:00","breadcrumb":{"@id":"https:\/\/ghmresort.com\/fr\/hotel-avec-restaurant-bordighera\/la-grotta-di-bacco\/#breadcrumb"},"inLanguage":"fr-FR","potentialAction":[{"@type":"ReadAction","target":["https:\/\/ghmresort.com\/fr\/hotel-avec-restaurant-bordighera\/la-grotta-di-bacco\/"]}]},{"@type":"BreadcrumbList","@id":"https:\/\/ghmresort.com\/fr\/hotel-avec-restaurant-bordighera\/la-grotta-di-bacco\/#breadcrumb","itemListElement":[{"@type":"ListItem","position":1,"name":"Home","item":"https:\/\/ghmresort.com\/fr\/"},{"@type":"ListItem","position":2,"name":"La grotta di Bacco"}]},{"@type":"WebSite","@id":"https:\/\/ghmresort.com\/fr\/#website","url":"https:\/\/ghmresort.com\/fr\/","name":"Grand Hotel Del Mare Resort & Spa","description":"Resort a cinque stelle a Bordighera","publisher":{"@id":"https:\/\/ghmresort.com\/fr\/#organization"},"alternateName":"GHM Resort & Spa","potentialAction":[{"@type":"SearchAction","target":{"@type":"EntryPoint","urlTemplate":"https:\/\/ghmresort.com\/fr\/?s={search_term_string}"},"query-input":{"@type":"PropertyValueSpecification","valueRequired":true,"valueName":"search_term_string"}}],"inLanguage":"fr-FR"},{"@type":"Organization","@id":"https:\/\/ghmresort.com\/fr\/#organization","name":"Grand Hotel Del Mare Resort & Spa","alternateName":"GHM Resort & Spa","url":"https:\/\/ghmresort.com\/fr\/","logo":{"@type":"ImageObject","inLanguage":"fr-FR","@id":"https:\/\/ghmresort.com\/fr\/#\/schema\/logo\/image\/","url":"https:\/\/ghmresort.com\/wp-content\/uploads\/2026\/01\/logo-ghm.png","contentUrl":"https:\/\/ghmresort.com\/wp-content\/uploads\/2026\/01\/logo-ghm.png","width":600,"height":600,"caption":"Grand Hotel Del Mare Resort & Spa"},"image":{"@id":"https:\/\/ghmresort.com\/fr\/#\/schema\/logo\/image\/"},"sameAs":["https:\/\/www.facebook.com\/GrandHotelDelMare","https:\/\/www.instagram.com\/GRANDHOTELDELMARE"]}]}},"_links":{"self":[{"href":"https:\/\/ghmresort.com\/fr\/wp-json\/wp\/v2\/pages\/2413","targetHints":{"allow":["GET"]}}],"collection":[{"href":"https:\/\/ghmresort.com\/fr\/wp-json\/wp\/v2\/pages"}],"about":[{"href":"https:\/\/ghmresort.com\/fr\/wp-json\/wp\/v2\/types\/page"}],"author":[{"embeddable":true,"href":"https:\/\/ghmresort.com\/fr\/wp-json\/wp\/v2\/users\/1"}],"replies":[{"embeddable":true,"href":"https:\/\/ghmresort.com\/fr\/wp-json\/wp\/v2\/comments?post=2413"}],"version-history":[{"count":0,"href":"https:\/\/ghmresort.com\/fr\/wp-json\/wp\/v2\/pages\/2413\/revisions"}],"up":[{"embeddable":true,"href":"https:\/\/ghmresort.com\/fr\/wp-json\/wp\/v2\/pages\/2134"}],"wp:attachment":[{"href":"https:\/\/ghmresort.com\/fr\/wp-json\/wp\/v2\/media?parent=2413"}],"curies":[{"name":"wp","href":"https:\/\/api.w.org\/{rel}","templated":true}]}}