{"id":2392,"date":"2025-01-27T19:22:49","date_gmt":"2025-01-27T18:22:49","guid":{"rendered":"https:\/\/ghmresort.com\/?page_id=2392"},"modified":"2026-01-04T13:52:16","modified_gmt":"2026-01-04T12:52:16","slug":"spatisserie-patisserie-gourmet","status":"publish","type":"page","link":"https:\/\/ghmresort.com\/fr\/hotel-avec-restaurant-bordighera\/spatisserie-patisserie-gourmet\/","title":{"rendered":"Spatisserie"},"content":{"rendered":"<div class=\"wpb-content-wrapper\"><p>[vc_row full_width=\u00a0\u00bbstretch_row\u00a0\u00bb content_placement=\u00a0\u00bbmiddle\u00a0\u00bb source=\u00a0\u00bb\u00a0\u00bb main_heading=\u00a0\u00bbMangiare e bere\u00a0\u00bb heading_tag=\u00a0\u00bbh1&Prime; main_heading_color=\u00a0\u00bb#47C0EA\u00a0\u00bb sub_heading_color=\u00a0\u00bb\u00a0\u00bb alignment=\u00a0\u00bbleft\u00a0\u00bb spacer=\u00a0\u00bbno_spacer\u00a0\u00bb spacer_position=\u00a0\u00bbtop\u00a0\u00bb spacer_img_width=\u00a0\u00bb48&Prime; line_style=\u00a0\u00bbsolid\u00a0\u00bb line_height=\u00a0\u00bb1&Prime; line_color=\u00a0\u00bb#333333&Prime; line_icon_fixer=\u00a0\u00bb10&Prime; main_heading_font_family=\u00a0\u00bbfont_family:Cormorant Garamond|font_call:Cormorant+Garamond\u00a0\u00bb main_heading_font_size=\u00a0\u00bbdesktop:40px;\u00a0\u00bb main_heading_margin=\u00a0\u00bbmargin-bottom:25px;\u00a0\u00bb sub_heading_style=\u00a0\u00bbfont-style:italic;\u00a0\u00bb main_heading_typograpy=\u00a0\u00bb\u00a0\u00bb main_heading_style=\u00a0\u00bb\u00a0\u00bb main_heading_line_height=\u00a0\u00bb\u00a0\u00bb margin_design_tab_text=\u00a0\u00bb\u00a0\u00bb sub_heading_typograpy=\u00a0\u00bb\u00a0\u00bb sub_heading_font_family=\u00a0\u00bb\u00a0\u00bb sub_heading_font_size=\u00a0\u00bb\u00a0\u00bb sub_heading_line_height=\u00a0\u00bb\u00a0\u00bb sub_heading_margin=\u00a0\u00bb\u00a0\u00bb spacer_img=\u00a0\u00bb\u00a0\u00bb line_width=\u00a0\u00bb\u00a0\u00bb spacer_margin=\u00a0\u00bb\u00a0\u00bb][vc_column width=\u00a0\u00bb2\/3&Prime; el_class=\u00a0\u00bbcolonna-testo-laterale\u00a0\u00bb]<div id=\"ultimate-heading-582769ef658236808\" class=\"uvc-heading ult-adjust-bottom-margin ultimate-heading-582769ef658236808 uvc-6429 \" data-hspacer=\"no_spacer\"  data-halign=\"left\" style=\"text-align:left\"><div class=\"uvc-heading-spacer no_spacer\" style=\"top\"><\/div><div class=\"uvc-main-heading ult-responsive\"  data-ultimate-target='.uvc-heading.ultimate-heading-582769ef658236808 h1'  data-responsive-json-new='{\"font-size\":\"desktop:40px;\",\"line-height\":\"\"}' ><h1 style=\"font-family:&#039;Cormorant Garamond&#039;;--font-weight:theme;color:#47C0EA;\">Spatisserie<\/h1><\/div><div class=\"uvc-sub-heading ult-responsive\"  data-ultimate-target='.uvc-heading.ultimate-heading-582769ef658236808 .uvc-sub-heading '  data-responsive-json-new='{\"font-size\":\"\",\"line-height\":\"\"}'  style=\"font-style:italic;font-weight:normal;\">\u201cla nostra pasticceria\u201d<\/div><\/div>[vc_empty_space][vc_column_text css=\u00a0\u00bb\u00a0\u00bb]Dans un espace d\u00e9di\u00e9 au bar lounge, les Chefs P\u00e2tissiers vous proposent chaque jour une large s\u00e9lection de pralines au chocolat et une s\u00e9lection de douceurs infinies qui seront emball\u00e9es dans des colis \u00e9l\u00e9gants.<\/p>\n<p>Id\u00e9al pour vous-m\u00eame ou \u00e0 acheter en cadeau \u00e0 un proche.[\/vc_column_text][\/vc_column][vc_column width=\u00a0\u00bb1\/3&Prime;][vc_empty_space][vc_row_inner][vc_column_inner][vc_single_image image=\u00a0\u00bb4635&Prime; img_size=\u00a0\u00bbfull\u00a0\u00bb alignment=\u00a0\u00bbcenter\u00a0\u00bb css=\u00a0\u00bb\u00a0\u00bb el_class=\u00a0\u00bblogo-pagina\u00a0\u00bb][\/vc_column_inner][\/vc_row_inner][\/vc_column][\/vc_row][vc_row slides_on_wide_desk=\u00a0\u00bb3&Prime; slides_on_desk=\u00a0\u00bb3&Prime; slides_on_lapt=\u00a0\u00bb3&Prime; slides_on_h_tabs=\u00a0\u00bb3&Prime; slides_on_v_tabs=\u00a0\u00bb2&Prime; slides_on_mob=\u00a0\u00bb1&Prime; item_space=\u00a0\u00bb30&Prime; stage_padding=\u00a0\u00bb0&Prime; adaptive_height=\u00a0\u00bby\u00a0\u00bb dt_title_general=\u00a0\u00bb\u00a0\u00bb slide_to_scroll=\u00a0\u00bbsingle\u00a0\u00bb speed=\u00a0\u00bb600&Prime; autoplay=\u00a0\u00bbn\u00a0\u00bb autoplay_speed=\u00a0\u00bb6000&Prime; arrows=\u00a0\u00bby\u00a0\u00bb dt_title_arrows=\u00a0\u00bb\u00a0\u00bb next_icon=\u00a0\u00bbicomoon-the7-font-the7-arrow-29-2&Prime; prev_icon=\u00a0\u00bbicomoon-the7-font-the7-arrow-29-3&Prime; arrow_icon_size=\u00a0\u00bb18px\u00a0\u00bb arrow_bg_width=\u00a0\u00bb36x\u00a0\u00bb arrow_bg_height=\u00a0\u00bb36px\u00a0\u00bb arrow_border_radius=\u00a0\u00bb500px\u00a0\u00bb arrow_border_width=\u00a0\u00bb0px\u00a0\u00bb arrow_icon_color=\u00a0\u00bb#47C0EA\u00a0\u00bb arrow_icon_border=\u00a0\u00bby\u00a0\u00bb arrow_border_color=\u00a0\u00bb#47C0EA\u00a0\u00bb arrows_bg_show=\u00a0\u00bby\u00a0\u00bb arrow_bg_color=\u00a0\u00bb#FFFFFF\u00a0\u00bb arrow_icon_color_hover=\u00a0\u00bb#FFFFFF\u00a0\u00bb arrow_icon_border_hover=\u00a0\u00bbn\u00a0\u00bb arrow_border_color_hover=\u00a0\u00bb\u00a0\u00bb arrows_bg_hover_show=\u00a0\u00bby\u00a0\u00bb arrow_bg_color_hover=\u00a0\u00bb#47C0EA\u00a0\u00bb r_arrow_icon_paddings=\u00a0\u00bb0px 0px 0px 0px\u00a0\u00bb r_arrow_v_position=\u00a0\u00bbcenter\u00a0\u00bb r_arrow_h_position=\u00a0\u00bbright\u00a0\u00bb r_arrow_v_offset=\u00a0\u00bb0px\u00a0\u00bb r_arrow_h_offset=\u00a0\u00bb-43px\u00a0\u00bb l_arrow_icon_paddings=\u00a0\u00bb0px 0px 0px 0px\u00a0\u00bb l_arrow_v_position=\u00a0\u00bbcenter\u00a0\u00bb l_arrow_h_position=\u00a0\u00bbleft\u00a0\u00bb l_arrow_v_offset=\u00a0\u00bb0px\u00a0\u00bb l_arrow_h_offset=\u00a0\u00bb-43px\u00a0\u00bb arrow_responsiveness=\u00a0\u00bbreposition-arrows\u00a0\u00bb hide_arrows_mobile_switch_width=\u00a0\u00bb778px\u00a0\u00bb reposition_arrows_mobile_switch_width=\u00a0\u00bb778px\u00a0\u00bb l_arrows_mobile_h_position=\u00a0\u00bb10px\u00a0\u00bb r_arrows_mobile_h_position=\u00a0\u00bb10px\u00a0\u00bb show_bullets=\u00a0\u00bbn\u00a0\u00bb dt_title_bullets=\u00a0\u00bb\u00a0\u00bb bullets_style=\u00a0\u00bbsmall-dot-stroke\u00a0\u00bb bullet_size=\u00a0\u00bb10px\u00a0\u00bb bullet_gap=\u00a0\u00bb16px\u00a0\u00bb bullet_color=\u00a0\u00bb\u00a0\u00bb bullet_color_hover=\u00a0\u00bb\u00a0\u00bb bullets_v_position=\u00a0\u00bbbottom\u00a0\u00bb bullets_h_position=\u00a0\u00bbcenter\u00a0\u00bb bullets_v_offset=\u00a0\u00bb20px\u00a0\u00bb bullets_h_offset=\u00a0\u00bb0px\u00a0\u00bb css_dt_carousel=\u00a0\u00bb\u00a0\u00bb][vc_column]<style type=\"text\/css\" data-type=\"the7_shortcodes-inline-css\">.carousel-shortcode.carousel-shortcode-id-f635f4e5582186d46c43cdede069854d.owl-carousel .owl-nav div {\n  width: 36px;\n  height: 36px;\n  border-radius: 500px;\n}\n.dt-arrow-border-on.carousel-shortcode.carousel-shortcode-id-f635f4e5582186d46c43cdede069854d.owl-carousel .owl-nav div:not(:hover):before {\n  border-width: 0px;\n}\n.dt-arrow-hover-border-on.carousel-shortcode.carousel-shortcode-id-f635f4e5582186d46c43cdede069854d.owl-carousel .owl-nav div:hover:after {\n  border-width: 0px;\n}\n.dt-arrow-border-on.carousel-shortcode.carousel-shortcode-id-f635f4e5582186d46c43cdede069854d.owl-carousel .owl-nav div:not(:hover):before {\n  border-color: #47C0EA;\n}\n.arrows-bg-on.carousel-shortcode.carousel-shortcode-id-f635f4e5582186d46c43cdede069854d.owl-carousel .owl-nav div:before {\n  background: #FFFFFF;\n}\n.arrows-hover-bg-on.carousel-shortcode.carousel-shortcode-id-f635f4e5582186d46c43cdede069854d.owl-carousel .owl-nav div:after {\n  background: #47C0EA;\n}\n.carousel-shortcode.carousel-shortcode-id-f635f4e5582186d46c43cdede069854d.owl-carousel .owl-nav div.owl-prev {\n  top: 50%;\n  transform: translateY(calc(-50% + 0px));\n  left: -43px;\n}\n@media all and (-ms-high-contrast: none) {\n  .carousel-shortcode.carousel-shortcode-id-f635f4e5582186d46c43cdede069854d.owl-carousel .owl-nav div.owl-prev {\n    transform: translateY(-50%);\n    margin-top: 0px;\n  }\n}\n.carousel-shortcode.carousel-shortcode-id-f635f4e5582186d46c43cdede069854d.owl-carousel .owl-nav div.owl-prev i {\n  padding: 0px 0px 0px 0px;\n}\n.carousel-shortcode.carousel-shortcode-id-f635f4e5582186d46c43cdede069854d.owl-carousel .owl-nav div.owl-next {\n  top: 50%;\n  transform: translateY(calc(-50% + 0px));\n  right: -43px;\n}\n@media all and (-ms-high-contrast: none) {\n  .carousel-shortcode.carousel-shortcode-id-f635f4e5582186d46c43cdede069854d.owl-carousel .owl-nav div.owl-next {\n    transform: translateY(-50%);\n    margin-top: 0px;\n  }\n}\n.carousel-shortcode.carousel-shortcode-id-f635f4e5582186d46c43cdede069854d.owl-carousel .owl-nav div.owl-next i {\n  padding: 0px 0px 0px 0px;\n}\n.carousel-shortcode.carousel-shortcode-id-f635f4e5582186d46c43cdede069854d.owl-carousel .owl-nav i {\n  font-size: 18px;\n}\n.carousel-shortcode.carousel-shortcode-id-f635f4e5582186d46c43cdede069854d.owl-carousel .owl-nav div:not(:hover) i,\n.carousel-shortcode.carousel-shortcode-id-f635f4e5582186d46c43cdede069854d.owl-carousel .owl-nav div:not(:hover) i:before {\n  color: #47C0EA;\n  background: none;\n}\n.carousel-shortcode.carousel-shortcode-id-f635f4e5582186d46c43cdede069854d.owl-carousel .owl-nav div:hover i,\n.carousel-shortcode.carousel-shortcode-id-f635f4e5582186d46c43cdede069854d.owl-carousel .owl-nav div:hover i:before {\n  color: #FFFFFF;\n  background: none;\n}\n.carousel-shortcode.carousel-shortcode-id-f635f4e5582186d46c43cdede069854d .owl-dots {\n  top: calc(100% + 20px);\n  left: 50%;\n  transform: translateX(calc(-50% + 0px));\n}\n@media all and (-ms-high-contrast: none) {\n  .carousel-shortcode.carousel-shortcode-id-f635f4e5582186d46c43cdede069854d .owl-dots {\n    transform: translateX(-50%);\n    margin-left: 0px;\n  }\n}\n.carousel-shortcode.carousel-shortcode-id-f635f4e5582186d46c43cdede069854d .owl-dot {\n  width: 10px;\n  height: 10px;\n  margin: 0 8px;\n}\n@media screen and (max-width: 778px) {\n  .carousel-shortcode.carousel-shortcode-id-f635f4e5582186d46c43cdede069854d.hide-arrows .owl-nav a {\n    display: none;\n  }\n}\n@media screen and (max-width: 778px) {\n  .carousel-shortcode.carousel-shortcode-id-f635f4e5582186d46c43cdede069854d.reposition-arrows .owl-nav div.owl-prev {\n    top: 50%;\n    transform: translateY(calc(-50% + 0px));\n    left: 10px;\n  }\n  .carousel-shortcode.carousel-shortcode-id-f635f4e5582186d46c43cdede069854d.reposition-arrows .owl-nav div.owl-next {\n    top: 50%;\n    transform: translateY(calc(-50% + 0px));\n    right: 10px;\n  }\n}\n@media screen and (max-width: 778px) and all and (-ms-high-contrast: none) {\n  .carousel-shortcode.carousel-shortcode-id-f635f4e5582186d46c43cdede069854d.reposition-arrows .owl-nav div.owl-prev {\n    transform: translateY(-50%);\n    margin-top: 0px;\n  }\n}\n@media screen and (max-width: 778px) and all and (-ms-high-contrast: none) {\n  .carousel-shortcode.carousel-shortcode-id-f635f4e5582186d46c43cdede069854d.reposition-arrows .owl-nav div.owl-next {\n    transform: translateY(-50%);\n    margin-top: 0px;\n  }\n}<\/style><div class=\"owl-carousel carousel-shortcode dt-owl-carousel-call carousel-shortcode-id-f635f4e5582186d46c43cdede069854d bullets-small-dot-stroke reposition-arrows arrows-bg-on dt-arrow-border-on arrows-hover-bg-on  \" data-scroll-mode=\"1\" data-col-num=\"3\" data-wide-col-num=\"3\" data-laptop-col=\"3\" data-h-tablet-columns-num=\"3\" data-v-tablet-columns-num=\"2\" data-phone-columns-num=\"1\" data-auto-height=\"true\" data-col-gap=\"30\" data-stage-padding=\"0\" data-speed=\"600\" data-autoplay=\"false\" data-autoplay_speed=\"6000\" data-arrows=\"true\" data-bullet=\"false\" data-next-icon=\"icomoon-the7-font-the7-arrow-29-2\" data-prev-icon=\"icomoon-the7-font-the7-arrow-29-3\">[vc_single_image image=\u00a0\u00bb7422&Prime; img_size=\u00a0\u00bb800&#215;533&Prime; alignment=\u00a0\u00bbcenter\u00a0\u00bb onclick=\u00a0\u00bblink_image\u00a0\u00bb css=\u00a0\u00bb\u00a0\u00bb][vc_single_image image=\u00a0\u00bb7418&Prime; img_size=\u00a0\u00bb800&#215;533&Prime; alignment=\u00a0\u00bbcenter\u00a0\u00bb onclick=\u00a0\u00bblink_image\u00a0\u00bb css=\u00a0\u00bb\u00a0\u00bb][vc_single_image image=\u00a0\u00bb7426&Prime; img_size=\u00a0\u00bb800&#215;533&Prime; alignment=\u00a0\u00bbcenter\u00a0\u00bb onclick=\u00a0\u00bblink_image\u00a0\u00bb css=\u00a0\u00bb\u00a0\u00bb]<\/div>[\/vc_column][\/vc_row][vc_row][vc_column width=\u00a0\u00bb1\/5&Prime;][\/vc_column][vc_column width=\u00a0\u00bb1\/5&Prime;][\/vc_column][vc_column width=\u00a0\u00bb1\/5&Prime;][vc_raw_html css=\u00a0\u00bb\u00a0\u00bb el_class=\u00a0\u00bbicone-menu\u00a0\u00bb]JTNDaSUyMGNsYXNzJTNEJTIyZmEtc29saWQlMjBmYS1hZGRyZXNzLWJvb2slMjIlM0UlM0MlMkZpJTNFUiVDMyU4OVNFUlZBVElPTlMlM0NiciUyMCUyRiUzRSUzQ2ElMjBocmVmJTNEJTIydGVsJTNBJTJCMzkwMTg0MjYyMjAyJTIyJTNFJTJCMzklMjAlMjgwJTI5MTg0JTIwMjYyMjAyJTNDJTJGYSUzRSUyMGV4dC4lMjA2MDAlMjAlN0MlMjAlM0NhJTIwaHJlZiUzRCUyMm1haWx0byUzQWdobSU0MGdobXJlc29ydC5jb20lMjIlM0VnaG0lNDBnaG1yZXNvcnQuY29tJTNDJTJGYSUzRQ==[\/vc_raw_html][\/vc_column][vc_column width=\u00a0\u00bb1\/5&Prime;][\/vc_column][vc_column width=\u00a0\u00bb1\/5&Prime;][\/vc_column][\/vc_row]<\/p>\n<\/div>","protected":false},"excerpt":{"rendered":"<p>[vc_row full_width=\u00a0\u00bbstretch_row\u00a0\u00bb content_placement=\u00a0\u00bbmiddle\u00a0\u00bb source=\u00a0\u00bb\u00a0\u00bb main_heading=\u00a0\u00bbMangiare e bere\u00a0\u00bb heading_tag=\u00a0\u00bbh1&Prime; main_heading_color=\u00a0\u00bb#47C0EA\u00a0\u00bb sub_heading_color=\u00a0\u00bb\u00a0\u00bb alignment=\u00a0\u00bbleft\u00a0\u00bb spacer=\u00a0\u00bbno_spacer\u00a0\u00bb spacer_position=\u00a0\u00bbtop\u00a0\u00bb spacer_img_width=\u00a0\u00bb48&Prime; line_style=\u00a0\u00bbsolid\u00a0\u00bb line_height=\u00a0\u00bb1&Prime; line_color=\u00a0\u00bb#333333&Prime; line_icon_fixer=\u00a0\u00bb10&Prime; main_heading_font_family=\u00a0\u00bbfont_family:Cormorant Garamond|font_call:Cormorant+Garamond\u00a0\u00bb main_heading_font_size=\u00a0\u00bbdesktop:40px;\u00a0\u00bb main_heading_margin=\u00a0\u00bbmargin-bottom:25px;\u00a0\u00bb sub_heading_style=\u00a0\u00bbfont-style:italic;\u00a0\u00bb main_heading_typograpy=\u00a0\u00bb\u00a0\u00bb main_heading_style=\u00a0\u00bb\u00a0\u00bb main_heading_line_height=\u00a0\u00bb\u00a0\u00bb margin_design_tab_text=\u00a0\u00bb\u00a0\u00bb sub_heading_typograpy=\u00a0\u00bb\u00a0\u00bb sub_heading_font_family=\u00a0\u00bb\u00a0\u00bb sub_heading_font_size=\u00a0\u00bb\u00a0\u00bb sub_heading_line_height=\u00a0\u00bb\u00a0\u00bb sub_heading_margin=\u00a0\u00bb\u00a0\u00bb spacer_img=\u00a0\u00bb\u00a0\u00bb line_width=\u00a0\u00bb\u00a0\u00bb spacer_margin=\u00a0\u00bb\u00a0\u00bb][vc_column width=\u00a0\u00bb2\/3&Prime; el_class=\u00a0\u00bbcolonna-testo-laterale\u00a0\u00bb][vc_empty_space][vc_column_text css=\u00a0\u00bb\u00a0\u00bb]Dans un espace d\u00e9di\u00e9 au bar lounge, les Chefs P\u00e2tissiers vous proposent chaque jour une large s\u00e9lection de&hellip;<\/p>\n","protected":false},"author":1,"featured_media":0,"parent":2134,"menu_order":0,"comment_status":"closed","ping_status":"closed","template":"","meta":{"footnotes":""},"class_list":["post-2392","page","type-page","status-publish","hentry","description-off"],"yoast_head":"<!-- This site is optimized with the Yoast SEO plugin v25.6 - https:\/\/yoast.com\/wordpress\/plugins\/seo\/ -->\n<title>Spatisserie GHM Resort &amp; Spa &#8226; P\u00e2tisserie Gourmet de Luxe<\/title>\n<meta name=\"description\" content=\"Corner p\u00e2tisserie gourmet au GHM Resort: pralines chocolat artisanales, macarons d\u00e9licats et g\u00e2teaux des Chefs P\u00e2tissiers. Douceur et raffinement Bordighera.\" \/>\n<meta name=\"robots\" content=\"index, follow, max-snippet:-1, max-image-preview:large, max-video-preview:-1\" \/>\n<link rel=\"canonical\" href=\"https:\/\/ghmresort.com\/fr\/hotel-avec-restaurant-bordighera\/spatisserie-patisserie-gourmet\/\" \/>\n<meta property=\"og:locale\" content=\"fr_FR\" \/>\n<meta property=\"og:type\" content=\"article\" \/>\n<meta property=\"og:title\" content=\"Spatisserie GHM Resort &amp; Spa &#8226; P\u00e2tisserie Gourmet de Luxe\" \/>\n<meta property=\"og:description\" content=\"Corner p\u00e2tisserie gourmet au GHM Resort: pralines chocolat artisanales, macarons d\u00e9licats et g\u00e2teaux des Chefs P\u00e2tissiers. Douceur et raffinement Bordighera.\" \/>\n<meta property=\"og:url\" content=\"https:\/\/ghmresort.com\/fr\/hotel-avec-restaurant-bordighera\/spatisserie-patisserie-gourmet\/\" \/>\n<meta property=\"og:site_name\" content=\"Grand Hotel Del Mare Resort &amp; Spa\" \/>\n<meta property=\"article:publisher\" content=\"https:\/\/www.facebook.com\/GrandHotelDelMare\" \/>\n<meta property=\"article:modified_time\" content=\"2026-01-04T12:52:16+00:00\" \/>\n<meta property=\"og:image\" content=\"https:\/\/ghmresort.com\/wp-content\/uploads\/2025\/03\/DJI00081.jpg\" \/>\n\t<meta property=\"og:image:width\" content=\"1200\" \/>\n\t<meta property=\"og:image:height\" content=\"675\" \/>\n\t<meta property=\"og:image:type\" content=\"image\/jpeg\" \/>\n<meta name=\"twitter:card\" content=\"summary_large_image\" \/>\n<meta name=\"twitter:label1\" content=\"Dur\u00e9e de lecture estim\u00e9e\" \/>\n\t<meta name=\"twitter:data1\" content=\"2 minutes\" \/>\n<script type=\"application\/ld+json\" class=\"yoast-schema-graph\">{\"@context\":\"https:\/\/schema.org\",\"@graph\":[{\"@type\":\"WebPage\",\"@id\":\"https:\/\/ghmresort.com\/fr\/hotel-avec-restaurant-bordighera\/spatisserie-patisserie-gourmet\/\",\"url\":\"https:\/\/ghmresort.com\/fr\/hotel-avec-restaurant-bordighera\/spatisserie-patisserie-gourmet\/\",\"name\":\"Spatisserie GHM Resort & Spa &#8226; P\u00e2tisserie Gourmet de Luxe\",\"isPartOf\":{\"@id\":\"https:\/\/ghmresort.com\/fr\/#website\"},\"datePublished\":\"2025-01-27T18:22:49+00:00\",\"dateModified\":\"2026-01-04T12:52:16+00:00\",\"description\":\"Corner p\u00e2tisserie gourmet au GHM Resort: pralines chocolat artisanales, macarons d\u00e9licats et g\u00e2teaux des Chefs P\u00e2tissiers. Douceur et raffinement Bordighera.\",\"breadcrumb\":{\"@id\":\"https:\/\/ghmresort.com\/fr\/hotel-avec-restaurant-bordighera\/spatisserie-patisserie-gourmet\/#breadcrumb\"},\"inLanguage\":\"fr-FR\",\"potentialAction\":[{\"@type\":\"ReadAction\",\"target\":[\"https:\/\/ghmresort.com\/fr\/hotel-avec-restaurant-bordighera\/spatisserie-patisserie-gourmet\/\"]}]},{\"@type\":\"BreadcrumbList\",\"@id\":\"https:\/\/ghmresort.com\/fr\/hotel-avec-restaurant-bordighera\/spatisserie-patisserie-gourmet\/#breadcrumb\",\"itemListElement\":[{\"@type\":\"ListItem\",\"position\":1,\"name\":\"Home\",\"item\":\"https:\/\/ghmresort.com\/fr\/\"},{\"@type\":\"ListItem\",\"position\":2,\"name\":\"Spatisserie\"}]},{\"@type\":\"WebSite\",\"@id\":\"https:\/\/ghmresort.com\/fr\/#website\",\"url\":\"https:\/\/ghmresort.com\/fr\/\",\"name\":\"Grand Hotel Del Mare Resort & Spa\",\"description\":\"Resort a cinque stelle a Bordighera\",\"publisher\":{\"@id\":\"https:\/\/ghmresort.com\/fr\/#organization\"},\"alternateName\":\"GHM Resort & Spa\",\"potentialAction\":[{\"@type\":\"SearchAction\",\"target\":{\"@type\":\"EntryPoint\",\"urlTemplate\":\"https:\/\/ghmresort.com\/fr\/?s={search_term_string}\"},\"query-input\":{\"@type\":\"PropertyValueSpecification\",\"valueRequired\":true,\"valueName\":\"search_term_string\"}}],\"inLanguage\":\"fr-FR\"},{\"@type\":\"Organization\",\"@id\":\"https:\/\/ghmresort.com\/fr\/#organization\",\"name\":\"Grand Hotel Del Mare Resort & Spa\",\"alternateName\":\"GHM Resort & Spa\",\"url\":\"https:\/\/ghmresort.com\/fr\/\",\"logo\":{\"@type\":\"ImageObject\",\"inLanguage\":\"fr-FR\",\"@id\":\"https:\/\/ghmresort.com\/fr\/#\/schema\/logo\/image\/\",\"url\":\"https:\/\/ghmresort.com\/wp-content\/uploads\/2026\/01\/logo-ghm.png\",\"contentUrl\":\"https:\/\/ghmresort.com\/wp-content\/uploads\/2026\/01\/logo-ghm.png\",\"width\":600,\"height\":600,\"caption\":\"Grand Hotel Del Mare Resort & Spa\"},\"image\":{\"@id\":\"https:\/\/ghmresort.com\/fr\/#\/schema\/logo\/image\/\"},\"sameAs\":[\"https:\/\/www.facebook.com\/GrandHotelDelMare\",\"https:\/\/www.instagram.com\/GRANDHOTELDELMARE\"]}]}<\/script>\n<!-- \/ Yoast SEO plugin. -->","yoast_head_json":{"title":"Spatisserie GHM Resort & Spa &#8226; P\u00e2tisserie Gourmet de Luxe","description":"Corner p\u00e2tisserie gourmet au GHM Resort: pralines chocolat artisanales, macarons d\u00e9licats et g\u00e2teaux des Chefs P\u00e2tissiers. Douceur et raffinement Bordighera.","robots":{"index":"index","follow":"follow","max-snippet":"max-snippet:-1","max-image-preview":"max-image-preview:large","max-video-preview":"max-video-preview:-1"},"canonical":"https:\/\/ghmresort.com\/fr\/hotel-avec-restaurant-bordighera\/spatisserie-patisserie-gourmet\/","og_locale":"fr_FR","og_type":"article","og_title":"Spatisserie GHM Resort & Spa &#8226; P\u00e2tisserie Gourmet de Luxe","og_description":"Corner p\u00e2tisserie gourmet au GHM Resort: pralines chocolat artisanales, macarons d\u00e9licats et g\u00e2teaux des Chefs P\u00e2tissiers. Douceur et raffinement Bordighera.","og_url":"https:\/\/ghmresort.com\/fr\/hotel-avec-restaurant-bordighera\/spatisserie-patisserie-gourmet\/","og_site_name":"Grand Hotel Del Mare Resort &amp; Spa","article_publisher":"https:\/\/www.facebook.com\/GrandHotelDelMare","article_modified_time":"2026-01-04T12:52:16+00:00","og_image":[{"width":1200,"height":675,"url":"https:\/\/ghmresort.com\/wp-content\/uploads\/2025\/03\/DJI00081.jpg","type":"image\/jpeg"}],"twitter_card":"summary_large_image","twitter_misc":{"Dur\u00e9e de lecture estim\u00e9e":"2 minutes"},"schema":{"@context":"https:\/\/schema.org","@graph":[{"@type":"WebPage","@id":"https:\/\/ghmresort.com\/fr\/hotel-avec-restaurant-bordighera\/spatisserie-patisserie-gourmet\/","url":"https:\/\/ghmresort.com\/fr\/hotel-avec-restaurant-bordighera\/spatisserie-patisserie-gourmet\/","name":"Spatisserie GHM Resort & Spa &#8226; P\u00e2tisserie Gourmet de Luxe","isPartOf":{"@id":"https:\/\/ghmresort.com\/fr\/#website"},"datePublished":"2025-01-27T18:22:49+00:00","dateModified":"2026-01-04T12:52:16+00:00","description":"Corner p\u00e2tisserie gourmet au GHM Resort: pralines chocolat artisanales, macarons d\u00e9licats et g\u00e2teaux des Chefs P\u00e2tissiers. Douceur et raffinement Bordighera.","breadcrumb":{"@id":"https:\/\/ghmresort.com\/fr\/hotel-avec-restaurant-bordighera\/spatisserie-patisserie-gourmet\/#breadcrumb"},"inLanguage":"fr-FR","potentialAction":[{"@type":"ReadAction","target":["https:\/\/ghmresort.com\/fr\/hotel-avec-restaurant-bordighera\/spatisserie-patisserie-gourmet\/"]}]},{"@type":"BreadcrumbList","@id":"https:\/\/ghmresort.com\/fr\/hotel-avec-restaurant-bordighera\/spatisserie-patisserie-gourmet\/#breadcrumb","itemListElement":[{"@type":"ListItem","position":1,"name":"Home","item":"https:\/\/ghmresort.com\/fr\/"},{"@type":"ListItem","position":2,"name":"Spatisserie"}]},{"@type":"WebSite","@id":"https:\/\/ghmresort.com\/fr\/#website","url":"https:\/\/ghmresort.com\/fr\/","name":"Grand Hotel Del Mare Resort & Spa","description":"Resort a cinque stelle a Bordighera","publisher":{"@id":"https:\/\/ghmresort.com\/fr\/#organization"},"alternateName":"GHM Resort & Spa","potentialAction":[{"@type":"SearchAction","target":{"@type":"EntryPoint","urlTemplate":"https:\/\/ghmresort.com\/fr\/?s={search_term_string}"},"query-input":{"@type":"PropertyValueSpecification","valueRequired":true,"valueName":"search_term_string"}}],"inLanguage":"fr-FR"},{"@type":"Organization","@id":"https:\/\/ghmresort.com\/fr\/#organization","name":"Grand Hotel Del Mare Resort & Spa","alternateName":"GHM Resort & Spa","url":"https:\/\/ghmresort.com\/fr\/","logo":{"@type":"ImageObject","inLanguage":"fr-FR","@id":"https:\/\/ghmresort.com\/fr\/#\/schema\/logo\/image\/","url":"https:\/\/ghmresort.com\/wp-content\/uploads\/2026\/01\/logo-ghm.png","contentUrl":"https:\/\/ghmresort.com\/wp-content\/uploads\/2026\/01\/logo-ghm.png","width":600,"height":600,"caption":"Grand Hotel Del Mare Resort & Spa"},"image":{"@id":"https:\/\/ghmresort.com\/fr\/#\/schema\/logo\/image\/"},"sameAs":["https:\/\/www.facebook.com\/GrandHotelDelMare","https:\/\/www.instagram.com\/GRANDHOTELDELMARE"]}]}},"_links":{"self":[{"href":"https:\/\/ghmresort.com\/fr\/wp-json\/wp\/v2\/pages\/2392","targetHints":{"allow":["GET"]}}],"collection":[{"href":"https:\/\/ghmresort.com\/fr\/wp-json\/wp\/v2\/pages"}],"about":[{"href":"https:\/\/ghmresort.com\/fr\/wp-json\/wp\/v2\/types\/page"}],"author":[{"embeddable":true,"href":"https:\/\/ghmresort.com\/fr\/wp-json\/wp\/v2\/users\/1"}],"replies":[{"embeddable":true,"href":"https:\/\/ghmresort.com\/fr\/wp-json\/wp\/v2\/comments?post=2392"}],"version-history":[{"count":2,"href":"https:\/\/ghmresort.com\/fr\/wp-json\/wp\/v2\/pages\/2392\/revisions"}],"predecessor-version":[{"id":8686,"href":"https:\/\/ghmresort.com\/fr\/wp-json\/wp\/v2\/pages\/2392\/revisions\/8686"}],"up":[{"embeddable":true,"href":"https:\/\/ghmresort.com\/fr\/wp-json\/wp\/v2\/pages\/2134"}],"wp:attachment":[{"href":"https:\/\/ghmresort.com\/fr\/wp-json\/wp\/v2\/media?parent=2392"}],"curies":[{"name":"wp","href":"https:\/\/api.w.org\/{rel}","templated":true}]}}