{"id":2189,"date":"2025-01-24T10:00:06","date_gmt":"2025-01-24T09:00:06","guid":{"rendered":"https:\/\/ghmresort.com\/?page_id=2189"},"modified":"2026-01-04T13:46:29","modified_gmt":"2026-01-04T12:46:29","slug":"restaurant-sunrise-pool-healthy","status":"publish","type":"page","link":"https:\/\/ghmresort.com\/fr\/hotel-avec-restaurant-bordighera\/restaurant-sunrise-pool-healthy\/","title":{"rendered":"Restaurant Sunrise"},"content":{"rendered":"<div class=\"wpb-content-wrapper\"><p>[vc_row source=\u00a0\u00bb\u00a0\u00bb main_heading=\u00a0\u00bbMangiare e bere\u00a0\u00bb heading_tag=\u00a0\u00bbh1&Prime; main_heading_color=\u00a0\u00bb#47C0EA\u00a0\u00bb sub_heading_color=\u00a0\u00bb\u00a0\u00bb alignment=\u00a0\u00bbleft\u00a0\u00bb spacer=\u00a0\u00bbno_spacer\u00a0\u00bb spacer_position=\u00a0\u00bbtop\u00a0\u00bb spacer_img_width=\u00a0\u00bb48&Prime; line_style=\u00a0\u00bbsolid\u00a0\u00bb line_height=\u00a0\u00bb1&Prime; line_color=\u00a0\u00bb#333333&Prime; line_icon_fixer=\u00a0\u00bb10&Prime; main_heading_font_family=\u00a0\u00bbfont_family:Cormorant Garamond|font_call:Cormorant+Garamond\u00a0\u00bb main_heading_font_size=\u00a0\u00bbdesktop:40px;\u00a0\u00bb main_heading_margin=\u00a0\u00bbmargin-bottom:25px;\u00a0\u00bb sub_heading_style=\u00a0\u00bbfont-style:italic;\u00a0\u00bb main_heading_typograpy=\u00a0\u00bb\u00a0\u00bb main_heading_style=\u00a0\u00bb\u00a0\u00bb main_heading_line_height=\u00a0\u00bb\u00a0\u00bb margin_design_tab_text=\u00a0\u00bb\u00a0\u00bb sub_heading_typograpy=\u00a0\u00bb\u00a0\u00bb sub_heading_font_family=\u00a0\u00bb\u00a0\u00bb sub_heading_font_size=\u00a0\u00bb\u00a0\u00bb sub_heading_line_height=\u00a0\u00bb\u00a0\u00bb sub_heading_margin=\u00a0\u00bb\u00a0\u00bb spacer_img=\u00a0\u00bb\u00a0\u00bb line_width=\u00a0\u00bb\u00a0\u00bb spacer_margin=\u00a0\u00bb\u00a0\u00bb][vc_column width=\u00a0\u00bb1\/2&Prime; el_class=\u00a0\u00bbcolonna-testo-laterale\u00a0\u00bb]<div id=\"ultimate-heading-895869ef85513cfee\" class=\"uvc-heading ult-adjust-bottom-margin ultimate-heading-895869ef85513cfee uvc-3477 \" data-hspacer=\"no_spacer\"  data-halign=\"left\" style=\"text-align:left\"><div class=\"uvc-heading-spacer no_spacer\" style=\"top\"><\/div><div class=\"uvc-main-heading ult-responsive\"  data-ultimate-target='.uvc-heading.ultimate-heading-895869ef85513cfee h1'  data-responsive-json-new='{\"font-size\":\"desktop:40px;\",\"line-height\":\"\"}' ><h1 style=\"font-family:&#039;Cormorant Garamond&#039;;--font-weight:theme;color:#47C0EA;\">Restaurant Sunrise<\/h1><\/div><div class=\"uvc-sub-heading ult-responsive\"  data-ultimate-target='.uvc-heading.ultimate-heading-895869ef85513cfee .uvc-sub-heading '  data-responsive-json-new='{\"font-size\":\"\",\"line-height\":\"\"}'  style=\"font-style:italic;font-weight:normal;\">\u201cassociation parfaite entre le raffinement de la cuisine m\u00e9diterran\u00e9enne et la tradition italienne\u201d<\/div><\/div>[vc_empty_space][vc_column_text css=\u00a0\u00bb\u00a0\u00bb]Le restaurant Sunrise est l\u2019association parfaite entre le raffinement de la cuisine m\u00e9diterran\u00e9enne et la tradition centenaire italienne.[\/vc_column_text][\/vc_column][vc_column width=\u00a0\u00bb1\/2&Prime;][vc_single_image image=\u00a0\u00bb4284&Prime; alignment=\u00a0\u00bbcenter\u00a0\u00bb css=\u00a0\u00bb\u00a0\u00bb el_class=\u00a0\u00bblogo-pagina\u00a0\u00bb][\/vc_column][\/vc_row][vc_row][vc_column width=\u00a0\u00bb1\/5&Prime;][vc_single_image image=\u00a0\u00bb3976&Prime; img_size=\u00a0\u00bb\u00a0\u00bb alignment=\u00a0\u00bbcenter\u00a0\u00bb css=\u00a0\u00bb\u00a0\u00bb lazy_loading=\u00a0\u00bbtrue\u00a0\u00bb el_class=\u00a0\u00bbicone-ristoranti\u00a0\u00bb][\/vc_column][vc_column width=\u00a0\u00bb1\/5&Prime;][vc_single_image image=\u00a0\u00bb3972&Prime; img_size=\u00a0\u00bbfull\u00a0\u00bb alignment=\u00a0\u00bbcenter\u00a0\u00bb css=\u00a0\u00bb\u00a0\u00bb el_class=\u00a0\u00bbicone-ristoranti\u00a0\u00bb][\/vc_column][vc_column width=\u00a0\u00bb1\/5&Prime;][vc_single_image image=\u00a0\u00bb3980&Prime; img_size=\u00a0\u00bbfull\u00a0\u00bb alignment=\u00a0\u00bbcenter\u00a0\u00bb css=\u00a0\u00bb\u00a0\u00bb el_class=\u00a0\u00bbicone-ristoranti\u00a0\u00bb][\/vc_column][vc_column width=\u00a0\u00bb1\/5&Prime;][vc_single_image image=\u00a0\u00bb3984&Prime; img_size=\u00a0\u00bbfull\u00a0\u00bb alignment=\u00a0\u00bbcenter\u00a0\u00bb css=\u00a0\u00bb\u00a0\u00bb el_class=\u00a0\u00bbicone-ristoranti\u00a0\u00bb][\/vc_column][vc_column width=\u00a0\u00bb1\/5&Prime;][vc_single_image image=\u00a0\u00bb3904&Prime; img_size=\u00a0\u00bb\u00a0\u00bb alignment=\u00a0\u00bbcenter\u00a0\u00bb css=\u00a0\u00bb\u00a0\u00bb lazy_loading=\u00a0\u00bbtrue\u00a0\u00bb el_class=\u00a0\u00bbicone-ristoranti\u00a0\u00bb][\/vc_column][\/vc_row][vc_row][vc_column width=\u00a0\u00bb1\/5&Prime;][vc_single_image image=\u00a0\u00bb3908&Prime; img_size=\u00a0\u00bb\u00a0\u00bb alignment=\u00a0\u00bbcenter\u00a0\u00bb css=\u00a0\u00bb\u00a0\u00bb lazy_loading=\u00a0\u00bbtrue\u00a0\u00bb el_class=\u00a0\u00bbicone-ristoranti\u00a0\u00bb][\/vc_column][vc_column width=\u00a0\u00bb1\/5&Prime;][vc_single_image image=\u00a0\u00bb4292&Prime; img_size=\u00a0\u00bbfull\u00a0\u00bb alignment=\u00a0\u00bbcenter\u00a0\u00bb css=\u00a0\u00bb\u00a0\u00bb el_class=\u00a0\u00bbicone-ristoranti\u00a0\u00bb][\/vc_column][vc_column width=\u00a0\u00bb1\/5&Prime;][vc_single_image image=\u00a0\u00bb4266&Prime; img_size=\u00a0\u00bb\u00a0\u00bb alignment=\u00a0\u00bbcenter\u00a0\u00bb css=\u00a0\u00bb\u00a0\u00bb lazy_loading=\u00a0\u00bbtrue\u00a0\u00bb el_class=\u00a0\u00bbicone-ristoranti\u00a0\u00bb][\/vc_column][vc_column width=\u00a0\u00bb1\/5&Prime;][vc_single_image image=\u00a0\u00bb4308&Prime; img_size=\u00a0\u00bbfull\u00a0\u00bb alignment=\u00a0\u00bbcenter\u00a0\u00bb css=\u00a0\u00bb\u00a0\u00bb el_class=\u00a0\u00bbicone-ristoranti\u00a0\u00bb][\/vc_column][vc_column width=\u00a0\u00bb1\/5&Prime;][vc_single_image image=\u00a0\u00bb3992&Prime; img_size=\u00a0\u00bbfull\u00a0\u00bb alignment=\u00a0\u00bbcenter\u00a0\u00bb css=\u00a0\u00bb\u00a0\u00bb el_class=\u00a0\u00bbicone-ristoranti\u00a0\u00bb][\/vc_column][\/vc_row][vc_row][vc_column][vc_column_text css=\u00a0\u00bb\u00a0\u00bb]Sunrise est l\u2019expression de l\u2019union de ces deux mondes o\u00f9 vous pourrez d\u00e9guster des plats d\u00e9licieux au bord de la piscine, dans un jardin suspendu qui surplombe la magnifique C\u00f4te Ligure.<\/p>\n<p>Le petit d\u00e9jeuner sous forme de buffet ou \u00e0 la carte est servi quotidiennement et toute la journ\u00e9e, en horaire continu, vous pouvez d\u00e9guster des plats de p\u00e2tes, de viandes et de poissons ainsi que des salades, pr\u00e9par\u00e9s avec des ingr\u00e9dients qui respectent le cycle des saisons.<\/p>\n<p>Situ\u00e9 dans le c\u0153ur du Resort, ce restaurant en ext\u00e9rieur, vous offrira une exp\u00e9rience dans une ambiance caract\u00e9ristique du Club, o\u00f9 l\u2019authenticit\u00e9 rencontre le raffinement des saveurs authentiques et locales. On propose un vaste choix de produits biologiques sains et peu caloriques comme des salades de fruits exotiques, du poulet et du poisson servis avec des l\u00e9gumes frais ainsi que des jus de fruits frais centrifug\u00e9s et press\u00e9s faits sur le moment.[\/vc_column_text][vc_column_text css=\u00a0\u00bb\u00a0\u00bb]<\/p>\n<p style=\"text-align: center;\"><strong>Le Pool Deck Restaurant Sunrise est ouvert pour le petit-d\u00e9jeuner et le d\u00e9jeuner de 7h00 \u00e0 17h00<\/strong><\/p>\n<p>[\/vc_column_text][\/vc_column][\/vc_row][vc_row][vc_column][vc_row_inner el_class=\u00a0\u00bbbox-bottoni-ristoranti\u00a0\u00bb][vc_column_inner width=\u00a0\u00bb1\/3&Prime;][vc_single_image image=\u00a0\u00bb4300&Prime; img_size=\u00a0\u00bbfull\u00a0\u00bb onclick=\u00a0\u00bbcustom_link\u00a0\u00bb img_link_target=\u00a0\u00bb_blank\u00a0\u00bb css=\u00a0\u00bb\u00a0\u00bb link=\u00a0\u00bbhttps:\/\/ghmresort.com\/pdf\/menu\/menu-sunrise.pdf\u00a0\u00bb el_class=\u00a0\u00bbbottone-ristorante\u00a0\u00bb][\/vc_column_inner][vc_column_inner width=\u00a0\u00bb1\/3&Prime;][vc_single_image image=\u00a0\u00bb4276&Prime; img_size=\u00a0\u00bbfull\u00a0\u00bb onclick=\u00a0\u00bbcustom_link\u00a0\u00bb img_link_target=\u00a0\u00bb_blank\u00a0\u00bb css=\u00a0\u00bb\u00a0\u00bb link=\u00a0\u00bbhttps:\/\/ghmresort.com\/pdf\/menu\/menu-baby-kids.pdf\u00a0\u00bb el_class=\u00a0\u00bbbottone-ristorante\u00a0\u00bb][\/vc_column_inner][vc_column_inner width=\u00a0\u00bb1\/3&Prime;][vc_single_image image=\u00a0\u00bb4271&Prime; img_size=\u00a0\u00bbfull\u00a0\u00bb onclick=\u00a0\u00bbcustom_link\u00a0\u00bb img_link_target=\u00a0\u00bb_blank\u00a0\u00bb css=\u00a0\u00bb\u00a0\u00bb link=\u00a0\u00bbhttps:\/\/ghmresort.com\/pdf\/menu\/carta-dei-vini.pdf\u00a0\u00bb el_class=\u00a0\u00bbbottone-ristorante\u00a0\u00bb][\/vc_column_inner][\/vc_row_inner][vc_row_inner el_class=\u00a0\u00bb.box-bottoni-ristoranti\u00a0\u00bb][vc_column_inner width=\u00a0\u00bb1\/3&Prime;][vc_single_image image=\u00a0\u00bb4197&Prime; img_size=\u00a0\u00bbfull\u00a0\u00bb onclick=\u00a0\u00bbcustom_link\u00a0\u00bb img_link_target=\u00a0\u00bb_blank\u00a0\u00bb css=\u00a0\u00bb\u00a0\u00bb link=\u00a0\u00bbhttps:\/\/ghmresort.com\/pdf\/menu\/menu-spatisserie.pdf\u00a0\u00bb el_class=\u00a0\u00bbbottone-ristorante\u00a0\u00bb][\/vc_column_inner][vc_column_inner width=\u00a0\u00bb1\/3&Prime;][vc_single_image image=\u00a0\u00bb4202&Prime; img_size=\u00a0\u00bbfull\u00a0\u00bb onclick=\u00a0\u00bbcustom_link\u00a0\u00bb img_link_target=\u00a0\u00bb_blank\u00a0\u00bb css=\u00a0\u00bb\u00a0\u00bb lazy_loading=\u00a0\u00bbtrue\u00a0\u00bb link=\u00a0\u00bbhttps:\/\/ghmresort.com\/pdf\/menu\/we-love-fruit-vegetables.pdf\u00a0\u00bb el_class=\u00a0\u00bbbottone-ristorante\u00a0\u00bb][\/vc_column_inner][vc_column_inner width=\u00a0\u00bb1\/3&Prime;][vc_single_image image=\u00a0\u00bb4256&Prime; img_size=\u00a0\u00bbfull\u00a0\u00bb onclick=\u00a0\u00bbcustom_link\u00a0\u00bb img_link_target=\u00a0\u00bb_blank\u00a0\u00bb css=\u00a0\u00bb\u00a0\u00bb link=\u00a0\u00bbhttps:\/\/ghmresort.com\/pdf\/menu\/ghm-menu-home.pdf\u00a0\u00bb el_class=\u00a0\u00bbbottone-ristorante\u00a0\u00bb][\/vc_column_inner][\/vc_row_inner][\/vc_column][\/vc_row][vc_row link=\u00a0\u00bburl:https%3A%2F%2Fghmresort.com%2Fprenotazioni-tavolo%2F\u00a0\u00bb smooth_scroll=\u00a0\u00bbn\u00a0\u00bb size=\u00a0\u00bbbig\u00a0\u00bb btn_width=\u00a0\u00bbbtn_auto_width\u00a0\u00bb custom_btn_width=\u00a0\u00bb200&Prime; button_alignment=\u00a0\u00bbbtn_center\u00a0\u00bb animation=\u00a0\u00bb\u00a0\u00bb font_size=\u00a0\u00bb14px\u00a0\u00bb button_padding=\u00a0\u00bb12px 18px 12px 18px\u00a0\u00bb border_width=\u00a0\u00bb0px\u00a0\u00bb border_radius=\u00a0\u00bb1px\u00a0\u00bb btn_decoration=\u00a0\u00bbnone\u00a0\u00bb text_color=\u00a0\u00bb\u00a0\u00bb default_btn_border=\u00a0\u00bby\u00a0\u00bb default_btn_border_color=\u00a0\u00bb\u00a0\u00bb default_btn_bg=\u00a0\u00bby\u00a0\u00bb default_btn_bg_color=\u00a0\u00bb\u00a0\u00bb default_btn_hover=\u00a0\u00bby\u00a0\u00bb text_hover_color=\u00a0\u00bb\u00a0\u00bb default_btn_border_hover=\u00a0\u00bby\u00a0\u00bb default_btn_border_hover_color=\u00a0\u00bb\u00a0\u00bb default_btn_bg_hover=\u00a0\u00bby\u00a0\u00bb bg_hover_color=\u00a0\u00bb\u00a0\u00bb link_font_size=\u00a0\u00bb14px\u00a0\u00bb link_font_style=\u00a0\u00bb:bold:\u00a0\u00bb link_icon_size=\u00a0\u00bb12px\u00a0\u00bb link_padding=\u00a0\u00bb4px 0px 4px 0px\u00a0\u00bb link_text_color=\u00a0\u00bb\u00a0\u00bb link_hover=\u00a0\u00bbn\u00a0\u00bb link_text_hover_color=\u00a0\u00bb\u00a0\u00bb link_decoration=\u00a0\u00bbupwards\u00a0\u00bb link_border_width=\u00a0\u00bb2px\u00a0\u00bb link_border_color=\u00a0\u00bb\u00a0\u00bb icon_picker=\u00a0\u00bb\u00a0\u00bb icon_gap=\u00a0\u00bb8px\u00a0\u00bb icon_align=\u00a0\u00bbleft\u00a0\u00bb css=\u00a0\u00bb.vc_custom_1737713376483{margin-top: 40px !important;}\u00a0\u00bb general_settings=\u00a0\u00bb\u00a0\u00bb normal_settings=\u00a0\u00bb\u00a0\u00bb hover_settings=\u00a0\u00bb\u00a0\u00bb link_general_settings=\u00a0\u00bb\u00a0\u00bb link_normal_settings=\u00a0\u00bb\u00a0\u00bb link_hover_settings=\u00a0\u00bb\u00a0\u00bb link_underline_settings=\u00a0\u00bb\u00a0\u00bb][vc_column]<style type=\"text\/css\" data-type=\"the7_shortcodes-inline-css\">#default-btn-5308ae8d3ee96c3004873c2366c71ade.ico-right-side > i {\n  margin-right: 0px;\n  margin-left: 8px;\n}\n#default-btn-5308ae8d3ee96c3004873c2366c71ade > i {\n  margin-right: 8px;\n}<\/style><div class=\"btn-align-center\"><a href=\"https:\/\/ghmresort.com\/fr\/reservations-de-table\/\" class=\"default-btn-shortcode dt-btn dt-btn-l link-hover-off bottone-pers  vc_custom_1737737367007\" id=\"default-btn-5308ae8d3ee96c3004873c2366c71ade\"><span>R\u00c9SERVEZ VOTRE TABLE<\/span><\/a><\/div>[\/vc_column][\/vc_row]<\/p>\n<\/div>","protected":false},"excerpt":{"rendered":"<p>[vc_row source=\u00a0\u00bb\u00a0\u00bb main_heading=\u00a0\u00bbMangiare e bere\u00a0\u00bb heading_tag=\u00a0\u00bbh1&Prime; main_heading_color=\u00a0\u00bb#47C0EA\u00a0\u00bb sub_heading_color=\u00a0\u00bb\u00a0\u00bb alignment=\u00a0\u00bbleft\u00a0\u00bb spacer=\u00a0\u00bbno_spacer\u00a0\u00bb spacer_position=\u00a0\u00bbtop\u00a0\u00bb spacer_img_width=\u00a0\u00bb48&Prime; line_style=\u00a0\u00bbsolid\u00a0\u00bb line_height=\u00a0\u00bb1&Prime; line_color=\u00a0\u00bb#333333&Prime; line_icon_fixer=\u00a0\u00bb10&Prime; main_heading_font_family=\u00a0\u00bbfont_family:Cormorant Garamond|font_call:Cormorant+Garamond\u00a0\u00bb main_heading_font_size=\u00a0\u00bbdesktop:40px;\u00a0\u00bb main_heading_margin=\u00a0\u00bbmargin-bottom:25px;\u00a0\u00bb sub_heading_style=\u00a0\u00bbfont-style:italic;\u00a0\u00bb main_heading_typograpy=\u00a0\u00bb\u00a0\u00bb main_heading_style=\u00a0\u00bb\u00a0\u00bb main_heading_line_height=\u00a0\u00bb\u00a0\u00bb margin_design_tab_text=\u00a0\u00bb\u00a0\u00bb sub_heading_typograpy=\u00a0\u00bb\u00a0\u00bb sub_heading_font_family=\u00a0\u00bb\u00a0\u00bb sub_heading_font_size=\u00a0\u00bb\u00a0\u00bb sub_heading_line_height=\u00a0\u00bb\u00a0\u00bb sub_heading_margin=\u00a0\u00bb\u00a0\u00bb spacer_img=\u00a0\u00bb\u00a0\u00bb line_width=\u00a0\u00bb\u00a0\u00bb spacer_margin=\u00a0\u00bb\u00a0\u00bb][vc_column width=\u00a0\u00bb1\/2&Prime; el_class=\u00a0\u00bbcolonna-testo-laterale\u00a0\u00bb][vc_empty_space][vc_column_text css=\u00a0\u00bb\u00a0\u00bb]Le restaurant Sunrise est l\u2019association parfaite entre le raffinement de la cuisine m\u00e9diterran\u00e9enne et la tradition centenaire italienne.[\/vc_column_text][\/vc_column][vc_column width=\u00a0\u00bb1\/2&Prime;][vc_single_image image=\u00a0\u00bb4284&Prime;&hellip;<\/p>\n","protected":false},"author":1,"featured_media":0,"parent":2134,"menu_order":0,"comment_status":"closed","ping_status":"closed","template":"","meta":{"footnotes":""},"class_list":["post-2189","page","type-page","status-publish","hentry","description-off"],"yoast_head":"<!-- This site is optimized with the Yoast SEO plugin v25.6 - https:\/\/yoast.com\/wordpress\/plugins\/seo\/ -->\n<title>Restaurant Sunrise Pool GHM Resort &amp; Spa &#8226; Cuisine Healthy<\/title>\n<meta name=\"description\" content=\"Restaurant pool deck au GHM Resort avec cuisine m\u00e9diterran\u00e9enne raffin\u00e9e et options bio. Breakfast gourmet et lunch au bord piscine vue mer Bordighera.\" \/>\n<meta name=\"robots\" content=\"index, follow, max-snippet:-1, max-image-preview:large, max-video-preview:-1\" \/>\n<link rel=\"canonical\" href=\"https:\/\/ghmresort.com\/fr\/hotel-avec-restaurant-bordighera\/restaurant-sunrise-pool-healthy\/\" \/>\n<meta property=\"og:locale\" content=\"fr_FR\" \/>\n<meta property=\"og:type\" content=\"article\" \/>\n<meta property=\"og:title\" content=\"Restaurant Sunrise Pool GHM Resort &amp; Spa &#8226; Cuisine Healthy\" \/>\n<meta property=\"og:description\" content=\"Restaurant pool deck au GHM Resort avec cuisine m\u00e9diterran\u00e9enne raffin\u00e9e et options bio. Breakfast gourmet et lunch au bord piscine vue mer Bordighera.\" \/>\n<meta property=\"og:url\" content=\"https:\/\/ghmresort.com\/fr\/hotel-avec-restaurant-bordighera\/restaurant-sunrise-pool-healthy\/\" \/>\n<meta property=\"og:site_name\" content=\"Grand Hotel Del Mare Resort &amp; Spa\" \/>\n<meta property=\"article:publisher\" content=\"https:\/\/www.facebook.com\/GrandHotelDelMare\" \/>\n<meta property=\"article:modified_time\" content=\"2026-01-04T12:46:29+00:00\" \/>\n<meta property=\"og:image\" content=\"https:\/\/ghmresort.com\/wp-content\/uploads\/2025\/03\/DJI00081.jpg\" \/>\n\t<meta property=\"og:image:width\" content=\"1200\" \/>\n\t<meta property=\"og:image:height\" content=\"675\" \/>\n\t<meta property=\"og:image:type\" content=\"image\/jpeg\" \/>\n<meta name=\"twitter:card\" content=\"summary_large_image\" \/>\n<meta name=\"twitter:label1\" content=\"Dur\u00e9e de lecture estim\u00e9e\" \/>\n\t<meta name=\"twitter:data1\" content=\"5 minutes\" \/>\n<script type=\"application\/ld+json\" class=\"yoast-schema-graph\">{\"@context\":\"https:\/\/schema.org\",\"@graph\":[{\"@type\":\"WebPage\",\"@id\":\"https:\/\/ghmresort.com\/fr\/hotel-avec-restaurant-bordighera\/restaurant-sunrise-pool-healthy\/\",\"url\":\"https:\/\/ghmresort.com\/fr\/hotel-avec-restaurant-bordighera\/restaurant-sunrise-pool-healthy\/\",\"name\":\"Restaurant Sunrise Pool GHM Resort & Spa &#8226; Cuisine Healthy\",\"isPartOf\":{\"@id\":\"https:\/\/ghmresort.com\/fr\/#website\"},\"datePublished\":\"2025-01-24T09:00:06+00:00\",\"dateModified\":\"2026-01-04T12:46:29+00:00\",\"description\":\"Restaurant pool deck au GHM Resort avec cuisine m\u00e9diterran\u00e9enne raffin\u00e9e et options bio. Breakfast gourmet et lunch au bord piscine vue mer Bordighera.\",\"breadcrumb\":{\"@id\":\"https:\/\/ghmresort.com\/fr\/hotel-avec-restaurant-bordighera\/restaurant-sunrise-pool-healthy\/#breadcrumb\"},\"inLanguage\":\"fr-FR\",\"potentialAction\":[{\"@type\":\"ReadAction\",\"target\":[\"https:\/\/ghmresort.com\/fr\/hotel-avec-restaurant-bordighera\/restaurant-sunrise-pool-healthy\/\"]}]},{\"@type\":\"BreadcrumbList\",\"@id\":\"https:\/\/ghmresort.com\/fr\/hotel-avec-restaurant-bordighera\/restaurant-sunrise-pool-healthy\/#breadcrumb\",\"itemListElement\":[{\"@type\":\"ListItem\",\"position\":1,\"name\":\"Home\",\"item\":\"https:\/\/ghmresort.com\/fr\/\"},{\"@type\":\"ListItem\",\"position\":2,\"name\":\"Restaurant Sunrise\"}]},{\"@type\":\"WebSite\",\"@id\":\"https:\/\/ghmresort.com\/fr\/#website\",\"url\":\"https:\/\/ghmresort.com\/fr\/\",\"name\":\"Grand Hotel Del Mare Resort & Spa\",\"description\":\"Resort a cinque stelle a Bordighera\",\"publisher\":{\"@id\":\"https:\/\/ghmresort.com\/fr\/#organization\"},\"alternateName\":\"GHM Resort & Spa\",\"potentialAction\":[{\"@type\":\"SearchAction\",\"target\":{\"@type\":\"EntryPoint\",\"urlTemplate\":\"https:\/\/ghmresort.com\/fr\/?s={search_term_string}\"},\"query-input\":{\"@type\":\"PropertyValueSpecification\",\"valueRequired\":true,\"valueName\":\"search_term_string\"}}],\"inLanguage\":\"fr-FR\"},{\"@type\":\"Organization\",\"@id\":\"https:\/\/ghmresort.com\/fr\/#organization\",\"name\":\"Grand Hotel Del Mare Resort & Spa\",\"alternateName\":\"GHM Resort & Spa\",\"url\":\"https:\/\/ghmresort.com\/fr\/\",\"logo\":{\"@type\":\"ImageObject\",\"inLanguage\":\"fr-FR\",\"@id\":\"https:\/\/ghmresort.com\/fr\/#\/schema\/logo\/image\/\",\"url\":\"https:\/\/ghmresort.com\/wp-content\/uploads\/2026\/01\/logo-ghm.png\",\"contentUrl\":\"https:\/\/ghmresort.com\/wp-content\/uploads\/2026\/01\/logo-ghm.png\",\"width\":600,\"height\":600,\"caption\":\"Grand Hotel Del Mare Resort & Spa\"},\"image\":{\"@id\":\"https:\/\/ghmresort.com\/fr\/#\/schema\/logo\/image\/\"},\"sameAs\":[\"https:\/\/www.facebook.com\/GrandHotelDelMare\",\"https:\/\/www.instagram.com\/GRANDHOTELDELMARE\"]}]}<\/script>\n<!-- \/ Yoast SEO plugin. -->","yoast_head_json":{"title":"Restaurant Sunrise Pool GHM Resort & Spa &#8226; Cuisine Healthy","description":"Restaurant pool deck au GHM Resort avec cuisine m\u00e9diterran\u00e9enne raffin\u00e9e et options bio. Breakfast gourmet et lunch au bord piscine vue mer Bordighera.","robots":{"index":"index","follow":"follow","max-snippet":"max-snippet:-1","max-image-preview":"max-image-preview:large","max-video-preview":"max-video-preview:-1"},"canonical":"https:\/\/ghmresort.com\/fr\/hotel-avec-restaurant-bordighera\/restaurant-sunrise-pool-healthy\/","og_locale":"fr_FR","og_type":"article","og_title":"Restaurant Sunrise Pool GHM Resort & Spa &#8226; Cuisine Healthy","og_description":"Restaurant pool deck au GHM Resort avec cuisine m\u00e9diterran\u00e9enne raffin\u00e9e et options bio. Breakfast gourmet et lunch au bord piscine vue mer Bordighera.","og_url":"https:\/\/ghmresort.com\/fr\/hotel-avec-restaurant-bordighera\/restaurant-sunrise-pool-healthy\/","og_site_name":"Grand Hotel Del Mare Resort &amp; Spa","article_publisher":"https:\/\/www.facebook.com\/GrandHotelDelMare","article_modified_time":"2026-01-04T12:46:29+00:00","og_image":[{"width":1200,"height":675,"url":"https:\/\/ghmresort.com\/wp-content\/uploads\/2025\/03\/DJI00081.jpg","type":"image\/jpeg"}],"twitter_card":"summary_large_image","twitter_misc":{"Dur\u00e9e de lecture estim\u00e9e":"5 minutes"},"schema":{"@context":"https:\/\/schema.org","@graph":[{"@type":"WebPage","@id":"https:\/\/ghmresort.com\/fr\/hotel-avec-restaurant-bordighera\/restaurant-sunrise-pool-healthy\/","url":"https:\/\/ghmresort.com\/fr\/hotel-avec-restaurant-bordighera\/restaurant-sunrise-pool-healthy\/","name":"Restaurant Sunrise Pool GHM Resort & Spa &#8226; Cuisine Healthy","isPartOf":{"@id":"https:\/\/ghmresort.com\/fr\/#website"},"datePublished":"2025-01-24T09:00:06+00:00","dateModified":"2026-01-04T12:46:29+00:00","description":"Restaurant pool deck au GHM Resort avec cuisine m\u00e9diterran\u00e9enne raffin\u00e9e et options bio. Breakfast gourmet et lunch au bord piscine vue mer Bordighera.","breadcrumb":{"@id":"https:\/\/ghmresort.com\/fr\/hotel-avec-restaurant-bordighera\/restaurant-sunrise-pool-healthy\/#breadcrumb"},"inLanguage":"fr-FR","potentialAction":[{"@type":"ReadAction","target":["https:\/\/ghmresort.com\/fr\/hotel-avec-restaurant-bordighera\/restaurant-sunrise-pool-healthy\/"]}]},{"@type":"BreadcrumbList","@id":"https:\/\/ghmresort.com\/fr\/hotel-avec-restaurant-bordighera\/restaurant-sunrise-pool-healthy\/#breadcrumb","itemListElement":[{"@type":"ListItem","position":1,"name":"Home","item":"https:\/\/ghmresort.com\/fr\/"},{"@type":"ListItem","position":2,"name":"Restaurant Sunrise"}]},{"@type":"WebSite","@id":"https:\/\/ghmresort.com\/fr\/#website","url":"https:\/\/ghmresort.com\/fr\/","name":"Grand Hotel Del Mare Resort & Spa","description":"Resort a cinque stelle a Bordighera","publisher":{"@id":"https:\/\/ghmresort.com\/fr\/#organization"},"alternateName":"GHM Resort & Spa","potentialAction":[{"@type":"SearchAction","target":{"@type":"EntryPoint","urlTemplate":"https:\/\/ghmresort.com\/fr\/?s={search_term_string}"},"query-input":{"@type":"PropertyValueSpecification","valueRequired":true,"valueName":"search_term_string"}}],"inLanguage":"fr-FR"},{"@type":"Organization","@id":"https:\/\/ghmresort.com\/fr\/#organization","name":"Grand Hotel Del Mare Resort & Spa","alternateName":"GHM Resort & Spa","url":"https:\/\/ghmresort.com\/fr\/","logo":{"@type":"ImageObject","inLanguage":"fr-FR","@id":"https:\/\/ghmresort.com\/fr\/#\/schema\/logo\/image\/","url":"https:\/\/ghmresort.com\/wp-content\/uploads\/2026\/01\/logo-ghm.png","contentUrl":"https:\/\/ghmresort.com\/wp-content\/uploads\/2026\/01\/logo-ghm.png","width":600,"height":600,"caption":"Grand Hotel Del Mare Resort & Spa"},"image":{"@id":"https:\/\/ghmresort.com\/fr\/#\/schema\/logo\/image\/"},"sameAs":["https:\/\/www.facebook.com\/GrandHotelDelMare","https:\/\/www.instagram.com\/GRANDHOTELDELMARE"]}]}},"_links":{"self":[{"href":"https:\/\/ghmresort.com\/fr\/wp-json\/wp\/v2\/pages\/2189","targetHints":{"allow":["GET"]}}],"collection":[{"href":"https:\/\/ghmresort.com\/fr\/wp-json\/wp\/v2\/pages"}],"about":[{"href":"https:\/\/ghmresort.com\/fr\/wp-json\/wp\/v2\/types\/page"}],"author":[{"embeddable":true,"href":"https:\/\/ghmresort.com\/fr\/wp-json\/wp\/v2\/users\/1"}],"replies":[{"embeddable":true,"href":"https:\/\/ghmresort.com\/fr\/wp-json\/wp\/v2\/comments?post=2189"}],"version-history":[{"count":2,"href":"https:\/\/ghmresort.com\/fr\/wp-json\/wp\/v2\/pages\/2189\/revisions"}],"predecessor-version":[{"id":8681,"href":"https:\/\/ghmresort.com\/fr\/wp-json\/wp\/v2\/pages\/2189\/revisions\/8681"}],"up":[{"embeddable":true,"href":"https:\/\/ghmresort.com\/fr\/wp-json\/wp\/v2\/pages\/2134"}],"wp:attachment":[{"href":"https:\/\/ghmresort.com\/fr\/wp-json\/wp\/v2\/media?parent=2189"}],"curies":[{"name":"wp","href":"https:\/\/api.w.org\/{rel}","templated":true}]}}